{"id":24821,"date":"2024-03-12T17:11:18","date_gmt":"2024-03-12T17:11:18","guid":{"rendered":"https:\/\/tribeacai.com\/acai-liquide\/"},"modified":"2026-03-30T10:44:52","modified_gmt":"2026-03-30T10:44:52","slug":"liquide-acai","status":"publish","type":"page","link":"https:\/\/tribeacai.com\/fr\/liquide-acai\/","title":{"rendered":"Liquide d\u2019A\u00e7a\u00ed"},"content":{"rendered":"\t\t<div data-elementor-type=\"wp-page\" data-elementor-id=\"24821\" class=\"elementor elementor-24821 elementor-18644\">\n\t\t\t\t\t\t<section class=\"wd-negative-gap elementor-section elementor-top-section elementor-element elementor-element-770cc38 elementor-section-height-min-height elementor-section-content-middle wd-section-stretch elementor-section-full_width elementor-section-height-default elementor-section-items-middle\" data-id=\"770cc38\" data-element_type=\"section\" data-settings=\"{&quot;background_background&quot;:&quot;classic&quot;}\">\n\t\t\t\t\t\t\t<div class=\"elementor-background-overlay\"><\/div>\n\t\t\t\t\t\t\t<div class=\"elementor-container elementor-column-gap-default\">\n\t\t\t\t\t<div class=\"elementor-column elementor-col-100 elementor-top-column elementor-element elementor-element-f21d1fe\" data-id=\"f21d1fe\" data-element_type=\"column\">\n\t\t\t<div class=\"elementor-widget-wrap elementor-element-populated\">\n\t\t\t\t\t\t<div class=\"elementor-element elementor-element-67a7bbc wd-animation-slide-from-bottom wd_delay_200 wd-width-100 wd-animation-normal wd-animation wd-transform elementor-widget elementor-widget-wd_title\" data-id=\"67a7bbc\" data-element_type=\"widget\" data-widget_type=\"wd_title.default\">\n\t\t\t\t<div class=\"elementor-widget-container\">\n\t\t\t\t\t\t\t<div class=\"title-wrapper wd-set-mb reset-last-child wd-title-color-default wd-title-style-default wd-title-size-medium text-center\">\n\n\t\t\t\n\t\t\t<div class=\"liner-continer\">\n\t\t\t\t<h1 class=\"woodmart-title-container title wd-fontsize-xl\">Pr\u00e9paration Liquide d\u2019A\u00e7a\u00ed Tribe<\/h1> \n\t\t\t\t\t\t\t<\/div>\n\n\t\t\t\t\t\t\t<div class=\"title-after_title reset-last-child wd-fontsize-s\">\n\t\t\t\t\t<p>Pionnier et unique sur le march\u00e9 !<!-- notionvc: cc8472ed-7fe1-42c3-9a0a-ee8d35680add --><\/p>\t\t\t\t<\/div>\n\t\t\t\t\t<\/div>\n\t\t\t\t\t\t<\/div>\n\t\t\t\t<\/div>\n\t\t\t\t\t<\/div>\n\t\t<\/div>\n\t\t\t\t\t<\/div>\n\t\t<\/section>\n\t\t<div class=\"wd-negative-gap elementor-element elementor-element-6fd8e4e e-flex e-con-boxed e-con e-parent\" data-id=\"6fd8e4e\" data-element_type=\"container\">\n\t\t\t\t\t<div class=\"e-con-inner\">\n\t\t\t\t<div class=\"elementor-element elementor-element-9243e94 wd-width-100 elementor-widget elementor-widget-wd_title\" data-id=\"9243e94\" data-element_type=\"widget\" data-widget_type=\"wd_title.default\">\n\t\t\t\t<div class=\"elementor-widget-container\">\n\t\t\t\t\t\t\t<div class=\"title-wrapper wd-set-mb reset-last-child wd-title-color-primary wd-title-style-default wd-title-size-medium text-center\">\n\n\t\t\t\n\t\t\t<div class=\"liner-continer\">\n\t\t\t\t<h1 class=\"woodmart-title-container title wd-fontsize-xl\">Le Premier et le seul a\u00e7a\u00ed liquide du march\u00e9<\/h1> \n\t\t\t\t\t\t\t<\/div>\n\n\t\t\t\t\t<\/div>\n\t\t\t\t\t\t<\/div>\n\t\t\t\t<\/div>\n\t\t\t\t<div class=\"elementor-element elementor-element-2a7e136 wd-width-100 elementor-widget elementor-widget-wd_title\" data-id=\"2a7e136\" data-element_type=\"widget\" data-widget_type=\"wd_title.default\">\n\t\t\t\t<div class=\"elementor-widget-container\">\n\t\t\t\t\t\t\t<div class=\"title-wrapper wd-set-mb reset-last-child wd-title-color-primary wd-title-style-default wd-title-size-medium text-center\">\n\n\t\t\t\n\t\t\t<div class=\"liner-continer\">\n\t\t\t\t<h3 class=\"woodmart-title-container title wd-fontsize-xl\">Qu'est-ce que c'est ?<\/h3> \n\t\t\t\t\t\t\t<\/div>\n\n\t\t\t\t\t\t\t<div class=\"title-after_title reset-last-child wd-fontsize-s\">\n\t\t\t\t\tIl s'agit d'un <strong><span style=\"color: #660c5c\">a\u00e7a\u00ed sous forme liquide<\/span><\/strong>, qui peut \u00eatre facilement transport\u00e9 et conserv\u00e9 \u00e0 <strong><span style=\"color: #660c5c\">temp\u00e9rature ambiante<\/span><\/strong>. \u00c0 l'aide d'une machine \u00e0 <em>soft ice-cream<\/em>, il se transforme en une cr\u00e8me velout\u00e9e et rafra\u00eechissante.<br \/>\n<br \/>\n\u00c0 la diff\u00e9rence du sorbet, qui est conserv\u00e9 par cong\u00e9lation, cette pr\u00e9paration est conserv\u00e9e gr\u00e2ce \u00e0 un processus de conditionnement aseptique qui garantit sa stabilit\u00e9 microbiologique et sa s\u00e9curit\u00e9 alimentaire.<br \/>\n<br \/>\nPr\u00eate \u00e0 l'emploi et extr\u00eamement polyvalente, elle peut \u00eatre transform\u00e9e en bowls, en smoothies, en jus ou en d\u00e9licieux desserts.<br \/>\n\t\t\t\t<\/div>\n\t\t\t\t\t<\/div>\n\t\t\t\t\t\t<\/div>\n\t\t\t\t<\/div>\n\t\t\t\t\t<\/div>\n\t\t\t\t<\/div>\n\t\t\t\t<section class=\"wd-negative-gap elementor-section elementor-top-section elementor-element elementor-element-8a131f8 elementor-section-content-middle elementor-section-boxed elementor-section-height-default elementor-section-height-default\" data-id=\"8a131f8\" data-element_type=\"section\" data-settings=\"{&quot;background_background&quot;:&quot;classic&quot;}\">\n\t\t\t\t\t\t<div class=\"elementor-container elementor-column-gap-default\">\n\t\t\t\t\t<div class=\"elementor-column elementor-col-100 elementor-top-column elementor-element elementor-element-cc04a52\" data-id=\"cc04a52\" data-element_type=\"column\">\n\t\t\t<div class=\"elementor-widget-wrap elementor-element-populated\">\n\t\t\t\t\t\t<div class=\"elementor-element elementor-element-3cae8f4 wd-width-100 elementor-widget elementor-widget-wd_title\" data-id=\"3cae8f4\" data-element_type=\"widget\" data-widget_type=\"wd_title.default\">\n\t\t\t\t<div class=\"elementor-widget-container\">\n\t\t\t\t\t\t\t<div class=\"title-wrapper wd-set-mb reset-last-child wd-title-color-default wd-title-style-default wd-title-size-default text-center\">\n\n\t\t\t\n\t\t\t<div class=\"liner-continer\">\n\t\t\t\t<h4 class=\"woodmart-title-container title wd-fontsize-l\">Qu'est-ce qui nous diff\u00e9rencie des autres ?<\/h4> \n\t\t\t\t\t\t\t<\/div>\n\n\t\t\t\t\t\t\t<div class=\"title-after_title reset-last-child wd-fontsize-xs\">\n\t\t\t\t\t<p>La <strong><span style=\"color: #e5af42\">pr\u00e9paration liquide d'a\u00e7a\u00ed Tribe<\/span><\/strong>\u00a0est la seule qui passe de l'\u00e9tat liquide \u00e0 l'\u00e9tat congel\u00e9 et de la temp\u00e9rature ambiante \u00e0 une temp\u00e9rature n\u00e9gative, <strong><span style=\"color: #e5af42\">sans compromettre<\/span><\/strong>\u00a0la s\u00e9curit\u00e9 alimentaire, les caract\u00e9ristiques nutritionnelles, sensorielles et microbiologiques du produit.<\/p><p>Contrairement \u00e0 d'autres produits qui sont congel\u00e9s, puis d\u00e9congel\u00e9s et recongel\u00e9s \u00e0 l'int\u00e9rieur de la machine \u00e0 glace, le n\u00f4tre conserve sa qualit\u00e9 intacte tout au long du processus, garantissant ainsi votre s\u00e9curit\u00e9.<\/p>\t\t\t\t<\/div>\n\t\t\t\t\t<\/div>\n\t\t\t\t\t\t<\/div>\n\t\t\t\t<\/div>\n\t\t\t\t<div class=\"elementor-element elementor-element-277b6b6 wd-width-100 elementor-widget elementor-widget-wd_images_gallery\" data-id=\"277b6b6\" data-element_type=\"widget\" data-widget_type=\"wd_images_gallery.default\">\n\t\t\t\t<div class=\"elementor-widget-container\">\n\t\t\t\t\t\t\t<div class=\"wd-images-gallery photoswipe-images\" style=\"--wd-align-items:center; --wd-justify-content:center;\">\n\t\t\t\t\t\t<div class=\"wd-grid-g\" style=\"--wd-col-lg:3;--wd-col-md:3;--wd-col-sm:1;--wd-gap-lg:20px;--wd-gap-sm:10px;\" >\n\t\t\t\t\t\t\t\t\t\t\t\t\t\t\t\t\t\t<div class=\"wd-gallery-item wd-col\">\n\t\t\t\t\t\t\t\t\t\t\t\t\t<a  href=\"https:\/\/tribeacai.com\/wp-content\/uploads\/2025\/03\/Tribe-Liquid-Acai-3.webp\" data-width=\"1200\" data-height=\"1200\" data-index=\"1\" data-elementor-open-lightbox=\"no\">\n\t\t\t\t\t\t\n\t\t\t\t\t\t<img loading=\"lazy\" decoding=\"async\" width=\"400\" height=\"500\" src=\"https:\/\/tribeacai.com\/wp-content\/uploads\/2025\/03\/Tribe-Liquid-Acai-3-400x500.webp\" class=\"attachment-400x500 size-400x500\" alt=\"Bag de a\u00e7a\u00ed l\u00edquido da Tribe A\u00e7a\u00ed, embalagem pr\u00e1tica e pronta a usar\" \/>\n\t\t\t\t\t\t\t\t\t\t\t\t\t<\/a>\n\t\t\t\t\t\t\t\t\t\t\t<\/div>\n\t\t\t\t\t\t\t\t\t\t\t\t\t\t\t<div class=\"wd-gallery-item wd-col\">\n\t\t\t\t\t\t\t\t\t\t\t\t\t<a  href=\"https:\/\/tribeacai.com\/wp-content\/uploads\/2024\/10\/acai-liquido-pote.webp\" data-width=\"1200\" data-height=\"1200\" data-index=\"2\" data-elementor-open-lightbox=\"no\">\n\t\t\t\t\t\t\n\t\t\t\t\t\t<img loading=\"lazy\" decoding=\"async\" width=\"400\" height=\"500\" src=\"https:\/\/tribeacai.com\/wp-content\/uploads\/2024\/10\/acai-liquido-pote-400x500.webp\" class=\"attachment-400x500 size-400x500\" alt=\"Pote de a\u00e7a\u00ed l\u00edquido Tribe, servido com frutas ex\u00f3ticas, saud\u00e1vel, vegan e nutritivo\" \/>\n\t\t\t\t\t\t\t\t\t\t\t\t\t<\/a>\n\t\t\t\t\t\t\t\t\t\t\t<\/div>\n\t\t\t\t\t\t\t\t\t\t\t\t\t\t\t<div class=\"wd-gallery-item wd-col\">\n\t\t\t\t\t\t\t\t\t\t\t\t\t<a  href=\"https:\/\/tribeacai.com\/wp-content\/uploads\/2024\/10\/acai-liquido-maquina.jpg\" data-width=\"1355\" data-height=\"2400\" data-index=\"3\" data-elementor-open-lightbox=\"no\">\n\t\t\t\t\t\t\n\t\t\t\t\t\t<img loading=\"lazy\" decoding=\"async\" width=\"400\" height=\"500\" src=\"https:\/\/tribeacai.com\/wp-content\/uploads\/2024\/10\/acai-liquido-maquina-400x500.jpg\" class=\"attachment-400x500 size-400x500\" alt=\"M\u00e1quina de prepara\u00e7\u00e3o de a\u00e7a\u00ed l\u00edquido, garantindo qualidade, higiene e produ\u00e7\u00e3o eficiente\" \/>\n\t\t\t\t\t\t\t\t\t\t\t\t\t<\/a>\n\t\t\t\t\t\t\t\t\t\t\t<\/div>\n\t\t\t\t\t\t\t\t\t\t\t\t\t<\/div>\n\t\t\t\t\t<\/div>\n\t\t\t\t\t\t<\/div>\n\t\t\t\t<\/div>\n\t\t\t\t<div class=\"elementor-element elementor-element-9397f68 elementor-widget elementor-widget-wd_button\" data-id=\"9397f68\" data-element_type=\"widget\" data-widget_type=\"wd_button.default\">\n\t\t\t\t<div class=\"elementor-widget-container\">\n\t\t\t\t\t\t\t<div class=\"wd-button-wrapper text-center\" >\n\t\t\t<a class=\"btn btn-style-default btn-shape-round btn-size-default btn-color-white btn-icon-pos-right\"  href=\"https:\/\/tribeacai.com\/fr\/b2b\/\">\n\t\t\t\t<span class=\"wd-btn-text\" data-elementor-setting-key=\"text\">\n\t\t\t\t\tJe souhaite vendre l&#039;a\u00e7a\u00ed liquide Tribe\t\t\t\t<\/span>\n\n\t\t\t\t\t\t\t<\/a>\n\t\t<\/div>\n\t\t\t\t\t\t<\/div>\n\t\t\t\t<\/div>\n\t\t\t\t\t<\/div>\n\t\t<\/div>\n\t\t\t\t\t<\/div>\n\t\t<\/section>\n\t\t<div class=\"elementor-element elementor-element-bc196ec e-con-full wd-section-stretch e-flex e-con e-parent\" data-id=\"bc196ec\" data-element_type=\"container\" data-settings=\"{&quot;background_background&quot;:&quot;classic&quot;}\">\n\t\t\t\t<div class=\"elementor-element elementor-element-5d12afd elementor-widget elementor-widget-wd_text_block\" data-id=\"5d12afd\" data-element_type=\"widget\" data-widget_type=\"wd_text_block.default\">\n\t\t\t\t<div class=\"elementor-widget-container\">\n\t\t\t\t\t\t\t<div class=\"wd-text-block reset-last-child text-left\">\n\t\t\t\n\t\t\t\t\t\t<link rel=\"stylesheet\" id=\"elementor-post-24829-css\" href=\"https:\/\/tribeacai.com\/wp-content\/uploads\/elementor\/css\/post-24829.css?ver=1776839842\" type=\"text\/css\" media=\"all\">\n\t\t\t\t\t<div data-elementor-type=\"wp-post\" data-elementor-id=\"24829\" class=\"elementor elementor-24829 elementor-16575 elementor-16575\">\n\t\t\t\t<div class=\"wd-negative-gap elementor-element elementor-element-c447e5f wd-section-stretch e-flex e-con-boxed e-con e-parent\" data-id=\"c447e5f\" data-element_type=\"container\" data-settings=\"{&quot;background_background&quot;:&quot;classic&quot;}\">\n\t\t\t\t\t<div class=\"e-con-inner\">\n\t\t<div class=\"elementor-element elementor-element-db58a29 e-con-full e-flex e-con e-child\" data-id=\"db58a29\" data-element_type=\"container\">\n\t\t\t\t<div class=\"elementor-element elementor-element-b04c66a wd-width-100 elementor-widget elementor-widget-wd_title\" data-id=\"b04c66a\" data-element_type=\"widget\" data-widget_type=\"wd_title.default\">\n\t\t\t\t<div class=\"elementor-widget-container\">\n\t\t\t\t\t\t\t<div class=\"title-wrapper wd-set-mb reset-last-child wd-title-color-primary wd-title-style-default wd-title-size-large text-center\">\n\n\t\t\t\n\t\t\t<div class=\"liner-continer\">\n\t\t\t\t<h4 class=\"woodmart-title-container title wd-fontsize-xxl\">Suggestions de Pr\u00e9paration<\/h4> \n\t\t\t\t\t\t\t<\/div>\n\n\t\t\t\t\t\t\t<div class=\"title-after_title reset-last-child wd-fontsize-s\">\n\t\t\t\t\tInspirez-vous de nos recettes et laissez libre cours \u00e0 votre cr\u00e9ativit\u00e9 !\t\t\t\t<\/div>\n\t\t\t\t\t<\/div>\n\t\t\t\t\t\t<\/div>\n\t\t\t\t<\/div>\n\t\t\t\t<\/div>\n\t\t\t\t\t<\/div>\n\t\t\t\t<\/div>\n\t\t\t\t<\/div>\n\t\t\n\t\t\t\t\t<\/div>\n\t\t\t\t\t\t<\/div>\n\t\t\t\t<\/div>\n\t\t\t\t<\/div>\n\t\t\t\t<\/div>\n\t\t","protected":false},"excerpt":{"rendered":"<p>Pr\u00e9paration Liquide d\u2019A\u00e7a\u00ed Tribe Pionnier et unique sur le march\u00e9 ! Le Premier et le seul a\u00e7a\u00ed liquide du march\u00e9<\/p>\n","protected":false},"author":1,"featured_media":22375,"parent":0,"menu_order":0,"comment_status":"closed","ping_status":"closed","template":"","meta":{"footnotes":""},"class_list":["post-24821","page","type-page","status-publish","has-post-thumbnail","hentry"],"yoast_head":"<!-- This site is optimized with the Yoast SEO plugin v27.4 - https:\/\/yoast.com\/product\/yoast-seo-wordpress\/ -->\n<title>A\u00e7a\u00ed Liquide | Solution Pr\u00eate \u00e0 l&#039;Emploi | Tribe A\u00e7a\u00ed<\/title>\n<meta name=\"description\" content=\"A\u00e7a\u00ed liquide pr\u00eat \u00e0 l&#039;emploi, id\u00e9al pour booster votre activit\u00e9. Gagnez en rapidit\u00e9, consistance et qualit\u00e9 avec Tribe.\" \/>\n<meta name=\"robots\" content=\"index, follow, max-snippet:-1, max-image-preview:large, max-video-preview:-1\" \/>\n<link rel=\"canonical\" href=\"https:\/\/tribeacai.com\/fr\/liquide-acai\/\" \/>\n<meta property=\"og:locale\" content=\"fr_FR\" \/>\n<meta property=\"og:type\" content=\"article\" \/>\n<meta property=\"og:title\" content=\"A\u00e7a\u00ed Liquide | Solution Pr\u00eate \u00e0 l&#039;Emploi | Tribe A\u00e7a\u00ed\" \/>\n<meta property=\"og:description\" content=\"A\u00e7a\u00ed liquide pr\u00eat \u00e0 l&#039;emploi, id\u00e9al pour booster votre activit\u00e9. Gagnez en rapidit\u00e9, consistance et qualit\u00e9 avec Tribe.\" \/>\n<meta property=\"og:url\" content=\"https:\/\/tribeacai.com\/fr\/liquide-acai\/\" \/>\n<meta property=\"og:site_name\" content=\"Tribe A\u00e7a\u00ed\" \/>\n<meta property=\"article:publisher\" content=\"https:\/\/www.facebook.com\/Tribeacaii\/\" \/>\n<meta property=\"article:modified_time\" content=\"2026-03-30T10:44:52+00:00\" \/>\n<meta property=\"og:image\" content=\"https:\/\/tribeacai.com\/wp-content\/uploads\/2024\/10\/Acai-Tribe-Primeiro-Acai-Liquido-do-Mercado.webp\" \/>\n\t<meta property=\"og:image:width\" content=\"2100\" \/>\n\t<meta property=\"og:image:height\" content=\"1400\" \/>\n\t<meta property=\"og:image:type\" content=\"image\/webp\" \/>\n<meta name=\"twitter:card\" content=\"summary_large_image\" \/>\n<meta name=\"twitter:label1\" content=\"Dur\u00e9e de lecture estim\u00e9e\" \/>\n\t<meta name=\"twitter:data1\" content=\"8 minutes\" \/>\n<script type=\"application\/ld+json\" class=\"yoast-schema-graph\">{\"@context\":\"https:\\\/\\\/schema.org\",\"@graph\":[{\"@type\":\"WebPage\",\"@id\":\"https:\\\/\\\/tribeacai.com\\\/fr\\\/liquide-acai\\\/\",\"url\":\"https:\\\/\\\/tribeacai.com\\\/fr\\\/liquide-acai\\\/\",\"name\":\"A\u00e7a\u00ed Liquide | Solution Pr\u00eate \u00e0 l'Emploi | Tribe A\u00e7a\u00ed\",\"isPartOf\":{\"@id\":\"https:\\\/\\\/tribeacai.com\\\/fr\\\/#website\"},\"primaryImageOfPage\":{\"@id\":\"https:\\\/\\\/tribeacai.com\\\/fr\\\/liquide-acai\\\/#primaryimage\"},\"image\":{\"@id\":\"https:\\\/\\\/tribeacai.com\\\/fr\\\/liquide-acai\\\/#primaryimage\"},\"thumbnailUrl\":\"https:\\\/\\\/tribeacai.com\\\/wp-content\\\/uploads\\\/2024\\\/10\\\/Acai-Tribe-Primeiro-Acai-Liquido-do-Mercado.webp\",\"datePublished\":\"2024-03-12T17:11:18+00:00\",\"dateModified\":\"2026-03-30T10:44:52+00:00\",\"description\":\"A\u00e7a\u00ed liquide pr\u00eat \u00e0 l'emploi, id\u00e9al pour booster votre activit\u00e9. Gagnez en rapidit\u00e9, consistance et qualit\u00e9 avec Tribe.\",\"breadcrumb\":{\"@id\":\"https:\\\/\\\/tribeacai.com\\\/fr\\\/liquide-acai\\\/#breadcrumb\"},\"inLanguage\":\"fr-FR\",\"potentialAction\":[{\"@type\":\"ReadAction\",\"target\":[\"https:\\\/\\\/tribeacai.com\\\/fr\\\/liquide-acai\\\/\"]}]},{\"@type\":\"ImageObject\",\"inLanguage\":\"fr-FR\",\"@id\":\"https:\\\/\\\/tribeacai.com\\\/fr\\\/liquide-acai\\\/#primaryimage\",\"url\":\"https:\\\/\\\/tribeacai.com\\\/wp-content\\\/uploads\\\/2024\\\/10\\\/Acai-Tribe-Primeiro-Acai-Liquido-do-Mercado.webp\",\"contentUrl\":\"https:\\\/\\\/tribeacai.com\\\/wp-content\\\/uploads\\\/2024\\\/10\\\/Acai-Tribe-Primeiro-Acai-Liquido-do-Mercado.webp\",\"width\":2100,\"height\":1400,\"caption\":\"Ac\u0327ai\u0301 l\u00edquido servido em copo, destacando frescura, sabor ex\u00f3tico e natural da Amaz\u00f3nia\"},{\"@type\":\"BreadcrumbList\",\"@id\":\"https:\\\/\\\/tribeacai.com\\\/fr\\\/liquide-acai\\\/#breadcrumb\",\"itemListElement\":[{\"@type\":\"ListItem\",\"position\":1,\"name\":\"In\u00edcio\",\"item\":\"https:\\\/\\\/tribeacai.com\\\/fr\\\/\"},{\"@type\":\"ListItem\",\"position\":2,\"name\":\"Liquide d\u2019A\u00e7a\u00ed\"}]},{\"@type\":\"WebSite\",\"@id\":\"https:\\\/\\\/tribeacai.com\\\/fr\\\/#website\",\"url\":\"https:\\\/\\\/tribeacai.com\\\/fr\\\/\",\"name\":\"Tribe A\u00e7a\u00ed\",\"description\":\"The Native Food\",\"publisher\":{\"@id\":\"https:\\\/\\\/tribeacai.com\\\/fr\\\/#organization\"},\"alternateName\":\"Tribe\",\"potentialAction\":[{\"@type\":\"SearchAction\",\"target\":{\"@type\":\"EntryPoint\",\"urlTemplate\":\"https:\\\/\\\/tribeacai.com\\\/fr\\\/?s={search_term_string}\"},\"query-input\":{\"@type\":\"PropertyValueSpecification\",\"valueRequired\":true,\"valueName\":\"search_term_string\"}}],\"inLanguage\":\"fr-FR\"},{\"@type\":\"Organization\",\"@id\":\"https:\\\/\\\/tribeacai.com\\\/fr\\\/#organization\",\"name\":\"Tribe A\u00e7a\u00ed\",\"url\":\"https:\\\/\\\/tribeacai.com\\\/fr\\\/\",\"logo\":{\"@type\":\"ImageObject\",\"inLanguage\":\"fr-FR\",\"@id\":\"https:\\\/\\\/tribeacai.com\\\/fr\\\/#\\\/schema\\\/logo\\\/image\\\/\",\"url\":\"https:\\\/\\\/tribeacai.com\\\/wp-content\\\/uploads\\\/2024\\\/02\\\/acai-logo-site-1.png\",\"contentUrl\":\"https:\\\/\\\/tribeacai.com\\\/wp-content\\\/uploads\\\/2024\\\/02\\\/acai-logo-site-1.png\",\"width\":600,\"height\":600,\"caption\":\"Tribe A\u00e7a\u00ed\"},\"image\":{\"@id\":\"https:\\\/\\\/tribeacai.com\\\/fr\\\/#\\\/schema\\\/logo\\\/image\\\/\"},\"sameAs\":[\"https:\\\/\\\/www.facebook.com\\\/Tribeacaii\\\/\",\"https:\\\/\\\/www.instagram.com\\\/tribe_acai\\\/\",\"https:\\\/\\\/www.linkedin.com\\\/company\\\/tribe-acai\\\/\"]}]}<\/script>\n<!-- \/ Yoast SEO plugin. -->","yoast_head_json":{"title":"A\u00e7a\u00ed Liquide | Solution Pr\u00eate \u00e0 l'Emploi | Tribe A\u00e7a\u00ed","description":"A\u00e7a\u00ed liquide pr\u00eat \u00e0 l'emploi, id\u00e9al pour booster votre activit\u00e9. Gagnez en rapidit\u00e9, consistance et qualit\u00e9 avec Tribe.","robots":{"index":"index","follow":"follow","max-snippet":"max-snippet:-1","max-image-preview":"max-image-preview:large","max-video-preview":"max-video-preview:-1"},"canonical":"https:\/\/tribeacai.com\/fr\/liquide-acai\/","og_locale":"fr_FR","og_type":"article","og_title":"A\u00e7a\u00ed Liquide | Solution Pr\u00eate \u00e0 l'Emploi | Tribe A\u00e7a\u00ed","og_description":"A\u00e7a\u00ed liquide pr\u00eat \u00e0 l'emploi, id\u00e9al pour booster votre activit\u00e9. Gagnez en rapidit\u00e9, consistance et qualit\u00e9 avec Tribe.","og_url":"https:\/\/tribeacai.com\/fr\/liquide-acai\/","og_site_name":"Tribe A\u00e7a\u00ed","article_publisher":"https:\/\/www.facebook.com\/Tribeacaii\/","article_modified_time":"2026-03-30T10:44:52+00:00","og_image":[{"width":2100,"height":1400,"url":"https:\/\/tribeacai.com\/wp-content\/uploads\/2024\/10\/Acai-Tribe-Primeiro-Acai-Liquido-do-Mercado.webp","type":"image\/webp"}],"twitter_card":"summary_large_image","twitter_misc":{"Dur\u00e9e de lecture estim\u00e9e":"8 minutes"},"schema":{"@context":"https:\/\/schema.org","@graph":[{"@type":"WebPage","@id":"https:\/\/tribeacai.com\/fr\/liquide-acai\/","url":"https:\/\/tribeacai.com\/fr\/liquide-acai\/","name":"A\u00e7a\u00ed Liquide | Solution Pr\u00eate \u00e0 l'Emploi | Tribe A\u00e7a\u00ed","isPartOf":{"@id":"https:\/\/tribeacai.com\/fr\/#website"},"primaryImageOfPage":{"@id":"https:\/\/tribeacai.com\/fr\/liquide-acai\/#primaryimage"},"image":{"@id":"https:\/\/tribeacai.com\/fr\/liquide-acai\/#primaryimage"},"thumbnailUrl":"https:\/\/tribeacai.com\/wp-content\/uploads\/2024\/10\/Acai-Tribe-Primeiro-Acai-Liquido-do-Mercado.webp","datePublished":"2024-03-12T17:11:18+00:00","dateModified":"2026-03-30T10:44:52+00:00","description":"A\u00e7a\u00ed liquide pr\u00eat \u00e0 l'emploi, id\u00e9al pour booster votre activit\u00e9. Gagnez en rapidit\u00e9, consistance et qualit\u00e9 avec Tribe.","breadcrumb":{"@id":"https:\/\/tribeacai.com\/fr\/liquide-acai\/#breadcrumb"},"inLanguage":"fr-FR","potentialAction":[{"@type":"ReadAction","target":["https:\/\/tribeacai.com\/fr\/liquide-acai\/"]}]},{"@type":"ImageObject","inLanguage":"fr-FR","@id":"https:\/\/tribeacai.com\/fr\/liquide-acai\/#primaryimage","url":"https:\/\/tribeacai.com\/wp-content\/uploads\/2024\/10\/Acai-Tribe-Primeiro-Acai-Liquido-do-Mercado.webp","contentUrl":"https:\/\/tribeacai.com\/wp-content\/uploads\/2024\/10\/Acai-Tribe-Primeiro-Acai-Liquido-do-Mercado.webp","width":2100,"height":1400,"caption":"Ac\u0327ai\u0301 l\u00edquido servido em copo, destacando frescura, sabor ex\u00f3tico e natural da Amaz\u00f3nia"},{"@type":"BreadcrumbList","@id":"https:\/\/tribeacai.com\/fr\/liquide-acai\/#breadcrumb","itemListElement":[{"@type":"ListItem","position":1,"name":"In\u00edcio","item":"https:\/\/tribeacai.com\/fr\/"},{"@type":"ListItem","position":2,"name":"Liquide d\u2019A\u00e7a\u00ed"}]},{"@type":"WebSite","@id":"https:\/\/tribeacai.com\/fr\/#website","url":"https:\/\/tribeacai.com\/fr\/","name":"Tribe A\u00e7a\u00ed","description":"The Native Food","publisher":{"@id":"https:\/\/tribeacai.com\/fr\/#organization"},"alternateName":"Tribe","potentialAction":[{"@type":"SearchAction","target":{"@type":"EntryPoint","urlTemplate":"https:\/\/tribeacai.com\/fr\/?s={search_term_string}"},"query-input":{"@type":"PropertyValueSpecification","valueRequired":true,"valueName":"search_term_string"}}],"inLanguage":"fr-FR"},{"@type":"Organization","@id":"https:\/\/tribeacai.com\/fr\/#organization","name":"Tribe A\u00e7a\u00ed","url":"https:\/\/tribeacai.com\/fr\/","logo":{"@type":"ImageObject","inLanguage":"fr-FR","@id":"https:\/\/tribeacai.com\/fr\/#\/schema\/logo\/image\/","url":"https:\/\/tribeacai.com\/wp-content\/uploads\/2024\/02\/acai-logo-site-1.png","contentUrl":"https:\/\/tribeacai.com\/wp-content\/uploads\/2024\/02\/acai-logo-site-1.png","width":600,"height":600,"caption":"Tribe A\u00e7a\u00ed"},"image":{"@id":"https:\/\/tribeacai.com\/fr\/#\/schema\/logo\/image\/"},"sameAs":["https:\/\/www.facebook.com\/Tribeacaii\/","https:\/\/www.instagram.com\/tribe_acai\/","https:\/\/www.linkedin.com\/company\/tribe-acai\/"]}]}},"jetpack_sharing_enabled":true,"_links":{"self":[{"href":"https:\/\/tribeacai.com\/fr\/wp-json\/wp\/v2\/pages\/24821","targetHints":{"allow":["GET"]}}],"collection":[{"href":"https:\/\/tribeacai.com\/fr\/wp-json\/wp\/v2\/pages"}],"about":[{"href":"https:\/\/tribeacai.com\/fr\/wp-json\/wp\/v2\/types\/page"}],"author":[{"embeddable":true,"href":"https:\/\/tribeacai.com\/fr\/wp-json\/wp\/v2\/users\/1"}],"replies":[{"embeddable":true,"href":"https:\/\/tribeacai.com\/fr\/wp-json\/wp\/v2\/comments?post=24821"}],"version-history":[{"count":10,"href":"https:\/\/tribeacai.com\/fr\/wp-json\/wp\/v2\/pages\/24821\/revisions"}],"predecessor-version":[{"id":26199,"href":"https:\/\/tribeacai.com\/fr\/wp-json\/wp\/v2\/pages\/24821\/revisions\/26199"}],"wp:featuredmedia":[{"embeddable":true,"href":"https:\/\/tribeacai.com\/fr\/wp-json\/wp\/v2\/media\/22375"}],"wp:attachment":[{"href":"https:\/\/tribeacai.com\/fr\/wp-json\/wp\/v2\/media?parent=24821"}],"curies":[{"name":"wp","href":"https:\/\/api.w.org\/{rel}","templated":true}]}}