{"id":24667,"date":"2024-03-14T16:55:33","date_gmt":"2024-03-14T16:55:33","guid":{"rendered":"https:\/\/tribeacai.com\/politique-en-matiere-de-cookies\/"},"modified":"2025-01-15T11:22:50","modified_gmt":"2025-01-15T11:22:50","slug":"politique-en-matiere-de-cookies","status":"publish","type":"page","link":"https:\/\/tribeacai.com\/fr\/politique-en-matiere-de-cookies\/","title":{"rendered":"Politique en mati\u00e8re de cookies"},"content":{"rendered":"\t\t<div data-elementor-type=\"wp-page\" data-elementor-id=\"24667\" class=\"elementor elementor-24667 elementor-18786\">\n\t\t\t\t<div class=\"wd-negative-gap elementor-element elementor-element-45ce0a2c e-flex e-con-boxed e-con e-parent\" data-id=\"45ce0a2c\" data-element_type=\"container\">\n\t\t\t\t\t<div class=\"e-con-inner\">\n\t\t\t\t<div class=\"elementor-element elementor-element-5a891dd color-scheme-inherit text-left elementor-widget elementor-widget-text-editor\" data-id=\"5a891dd\" data-element_type=\"widget\" data-widget_type=\"text-editor.default\">\n\t\t\t\t<div class=\"elementor-widget-container\">\n\t\t\t\t\t\t\t\t\t<h2><strong>Politique en mati\u00e8re de cookies<\/strong><\/h2>\n<p><strong>Globaltribe, Lda<\/strong> utilise des cookies sur le site <a href=\"https:\/\/tribeacai.com\/fr\/\" target=\"_new\" rel=\"noopener\">https:\/\/tribeacai.com<\/a> pour am\u00e9liorer l&rsquo;exp\u00e9rience de navigation des utilisateurs et recueillir des informations statistiques sur l&rsquo;utilisation du site.<\/p>\n<h3><strong>1. Qu&rsquo;est-ce qu&rsquo;un cookie ?<\/strong><\/h3>\n<p>Les cookies sont de petits fichiers texte stock\u00e9s sur votre appareil (ordinateur, t\u00e9l\u00e9phone portable ou tablette) lorsque vous visitez notre site web. Ces cookies nous permettent de reconna\u00eetre votre appareil lors de vos prochaines visites. <\/p>\n<h3><strong>2. Types de cookies utilis\u00e9s<\/strong><\/h3>\n<p>Nous utilisons les types de cookies suivants :<\/p>\n<ul>\n<li><strong>Cookies essentiels :<\/strong> n\u00e9cessaires pour garantir le fonctionnement du site web.<\/li>\n<li><strong>Cookies analytiques :<\/strong> utilis\u00e9s pour collecter des informations sur l&rsquo;utilisation du site web, comme Google Analytics, afin d&rsquo;am\u00e9liorer la fonctionnalit\u00e9 du site web.<\/li>\n<li><strong>Cookies de tiers :<\/strong> nous utilisons des cookies de services tels que Google Maps, Facebook Pixel et YouTube pour des fonctions telles que les cartes, les interactions avec les m\u00e9dias sociaux et le visionnage de vid\u00e9os.<\/li>\n<\/ul>\n<h3><strong>3. Gestion des cookies<\/strong><\/h3>\n<p>Vous pouvez \u00e0 tout moment d\u00e9sactiver ou supprimer les cookies dans votre navigateur. Toutefois, en d\u00e9sactivant les cookies, certaines fonctionnalit\u00e9s du site web pourraient ne pas fonctionner correctement. <\/p>\n<h3><strong>4. Consentement<\/strong><\/h3>\n<p>En continuant \u00e0 utiliser notre site web, vous acceptez l&rsquo;utilisation de cookies dans les conditions d\u00e9crites dans la pr\u00e9sente politique en mati\u00e8re de cookies.<\/p>\n<h3><strong>5. Modifications de la pr\u00e9sente politique en mati\u00e8re de cookies<\/strong><\/h3>\n<p>Nous nous r\u00e9servons le droit de mettre \u00e0 jour cette politique de temps \u00e0 autre. Toute modification sera publi\u00e9e sur notre site web. <\/p>\n\t\t\t\t\t\t\t\t<\/div>\n\t\t\t\t<\/div>\n\t\t\t\t\t<\/div>\n\t\t\t\t<\/div>\n\t\t\t\t<\/div>\n\t\t","protected":false},"excerpt":{"rendered":"<p>Politique en mati\u00e8re de cookies Globaltribe, Lda utilise des cookies sur le site https:\/\/tribeacai.com pour am\u00e9liorer l&rsquo;exp\u00e9rience de navigation des<\/p>\n","protected":false},"author":1,"featured_media":22455,"parent":0,"menu_order":0,"comment_status":"closed","ping_status":"closed","template":"","meta":{"footnotes":""},"class_list":["post-24667","page","type-page","status-publish","has-post-thumbnail","hentry"],"yoast_head":"<!-- This site is optimized with the Yoast SEO plugin v27.4 - https:\/\/yoast.com\/product\/yoast-seo-wordpress\/ -->\n<title>Politique en mati\u00e8re de cookies - Tribe A\u00e7a\u00ed<\/title>\n<meta name=\"description\" content=\"Bienvenue sur le site de Tribe A\u00e7a\u00ed - sur cette page, apprenez-en plus sur Politique en mati\u00e8re de cookies. Tribe A\u00e7a\u00ed\" \/>\n<meta name=\"robots\" content=\"index, follow, max-snippet:-1, max-image-preview:large, max-video-preview:-1\" \/>\n<link rel=\"canonical\" href=\"https:\/\/tribeacai.com\/fr\/politique-en-matiere-de-cookies\/\" \/>\n<meta property=\"og:locale\" content=\"fr_FR\" \/>\n<meta property=\"og:type\" content=\"article\" \/>\n<meta property=\"og:title\" content=\"Politique en mati\u00e8re de cookies - Tribe A\u00e7a\u00ed\" \/>\n<meta property=\"og:description\" content=\"Bienvenue sur le site de Tribe A\u00e7a\u00ed - sur cette page, apprenez-en plus sur Politique en mati\u00e8re de cookies. Tribe A\u00e7a\u00ed\" \/>\n<meta property=\"og:url\" content=\"https:\/\/tribeacai.com\/fr\/politique-en-matiere-de-cookies\/\" \/>\n<meta property=\"og:site_name\" content=\"Tribe A\u00e7a\u00ed\" \/>\n<meta property=\"article:publisher\" content=\"https:\/\/www.facebook.com\/Tribeacaii\/\" \/>\n<meta property=\"article:modified_time\" content=\"2025-01-15T11:22:50+00:00\" \/>\n<meta property=\"og:image\" content=\"https:\/\/tribeacai.com\/wp-content\/uploads\/2024\/10\/Tribe-Acai-The-Native-Food.webp\" \/>\n\t<meta property=\"og:image:width\" content=\"1837\" \/>\n\t<meta property=\"og:image:height\" content=\"1200\" \/>\n\t<meta property=\"og:image:type\" content=\"image\/webp\" \/>\n<meta name=\"twitter:card\" content=\"summary_large_image\" \/>\n<meta name=\"twitter:label1\" content=\"Dur\u00e9e de lecture estim\u00e9e\" \/>\n\t<meta name=\"twitter:data1\" content=\"2 minutes\" \/>\n<script type=\"application\/ld+json\" class=\"yoast-schema-graph\">{\"@context\":\"https:\\\/\\\/schema.org\",\"@graph\":[{\"@type\":\"WebPage\",\"@id\":\"https:\\\/\\\/tribeacai.com\\\/fr\\\/politique-en-matiere-de-cookies\\\/\",\"url\":\"https:\\\/\\\/tribeacai.com\\\/fr\\\/politique-en-matiere-de-cookies\\\/\",\"name\":\"Politique en mati\u00e8re de cookies - Tribe A\u00e7a\u00ed\",\"isPartOf\":{\"@id\":\"https:\\\/\\\/tribeacai.com\\\/fr\\\/#website\"},\"primaryImageOfPage\":{\"@id\":\"https:\\\/\\\/tribeacai.com\\\/fr\\\/politique-en-matiere-de-cookies\\\/#primaryimage\"},\"image\":{\"@id\":\"https:\\\/\\\/tribeacai.com\\\/fr\\\/politique-en-matiere-de-cookies\\\/#primaryimage\"},\"thumbnailUrl\":\"https:\\\/\\\/tribeacai.com\\\/wp-content\\\/uploads\\\/2024\\\/10\\\/Tribe-Acai-The-Native-Food.webp\",\"datePublished\":\"2024-03-14T16:55:33+00:00\",\"dateModified\":\"2025-01-15T11:22:50+00:00\",\"description\":\"Bienvenue sur le site de Tribe A\u00e7a\u00ed - sur cette page, apprenez-en plus sur Politique en mati\u00e8re de cookies. Tribe A\u00e7a\u00ed\",\"breadcrumb\":{\"@id\":\"https:\\\/\\\/tribeacai.com\\\/fr\\\/politique-en-matiere-de-cookies\\\/#breadcrumb\"},\"inLanguage\":\"fr-FR\",\"potentialAction\":[{\"@type\":\"ReadAction\",\"target\":[\"https:\\\/\\\/tribeacai.com\\\/fr\\\/politique-en-matiere-de-cookies\\\/\"]}]},{\"@type\":\"ImageObject\",\"inLanguage\":\"fr-FR\",\"@id\":\"https:\\\/\\\/tribeacai.com\\\/fr\\\/politique-en-matiere-de-cookies\\\/#primaryimage\",\"url\":\"https:\\\/\\\/tribeacai.com\\\/wp-content\\\/uploads\\\/2024\\\/10\\\/Tribe-Acai-The-Native-Food.webp\",\"contentUrl\":\"https:\\\/\\\/tribeacai.com\\\/wp-content\\\/uploads\\\/2024\\\/10\\\/Tribe-Acai-The-Native-Food.webp\",\"width\":1837,\"height\":1200},{\"@type\":\"BreadcrumbList\",\"@id\":\"https:\\\/\\\/tribeacai.com\\\/fr\\\/politique-en-matiere-de-cookies\\\/#breadcrumb\",\"itemListElement\":[{\"@type\":\"ListItem\",\"position\":1,\"name\":\"In\u00edcio\",\"item\":\"https:\\\/\\\/tribeacai.com\\\/fr\\\/\"},{\"@type\":\"ListItem\",\"position\":2,\"name\":\"Politique en mati\u00e8re de cookies\"}]},{\"@type\":\"WebSite\",\"@id\":\"https:\\\/\\\/tribeacai.com\\\/fr\\\/#website\",\"url\":\"https:\\\/\\\/tribeacai.com\\\/fr\\\/\",\"name\":\"Tribe A\u00e7a\u00ed\",\"description\":\"The Native Food\",\"publisher\":{\"@id\":\"https:\\\/\\\/tribeacai.com\\\/fr\\\/#organization\"},\"alternateName\":\"Tribe\",\"potentialAction\":[{\"@type\":\"SearchAction\",\"target\":{\"@type\":\"EntryPoint\",\"urlTemplate\":\"https:\\\/\\\/tribeacai.com\\\/fr\\\/?s={search_term_string}\"},\"query-input\":{\"@type\":\"PropertyValueSpecification\",\"valueRequired\":true,\"valueName\":\"search_term_string\"}}],\"inLanguage\":\"fr-FR\"},{\"@type\":\"Organization\",\"@id\":\"https:\\\/\\\/tribeacai.com\\\/fr\\\/#organization\",\"name\":\"Tribe A\u00e7a\u00ed\",\"url\":\"https:\\\/\\\/tribeacai.com\\\/fr\\\/\",\"logo\":{\"@type\":\"ImageObject\",\"inLanguage\":\"fr-FR\",\"@id\":\"https:\\\/\\\/tribeacai.com\\\/fr\\\/#\\\/schema\\\/logo\\\/image\\\/\",\"url\":\"https:\\\/\\\/tribeacai.com\\\/wp-content\\\/uploads\\\/2024\\\/02\\\/acai-logo-site-1.png\",\"contentUrl\":\"https:\\\/\\\/tribeacai.com\\\/wp-content\\\/uploads\\\/2024\\\/02\\\/acai-logo-site-1.png\",\"width\":600,\"height\":600,\"caption\":\"Tribe A\u00e7a\u00ed\"},\"image\":{\"@id\":\"https:\\\/\\\/tribeacai.com\\\/fr\\\/#\\\/schema\\\/logo\\\/image\\\/\"},\"sameAs\":[\"https:\\\/\\\/www.facebook.com\\\/Tribeacaii\\\/\",\"https:\\\/\\\/www.instagram.com\\\/tribe_acai\\\/\",\"https:\\\/\\\/www.linkedin.com\\\/company\\\/tribe-acai\\\/\"]}]}<\/script>\n<!-- \/ Yoast SEO plugin. -->","yoast_head_json":{"title":"Politique en mati\u00e8re de cookies - Tribe A\u00e7a\u00ed","description":"Bienvenue sur le site de Tribe A\u00e7a\u00ed - sur cette page, apprenez-en plus sur Politique en mati\u00e8re de cookies. Tribe A\u00e7a\u00ed","robots":{"index":"index","follow":"follow","max-snippet":"max-snippet:-1","max-image-preview":"max-image-preview:large","max-video-preview":"max-video-preview:-1"},"canonical":"https:\/\/tribeacai.com\/fr\/politique-en-matiere-de-cookies\/","og_locale":"fr_FR","og_type":"article","og_title":"Politique en mati\u00e8re de cookies - Tribe A\u00e7a\u00ed","og_description":"Bienvenue sur le site de Tribe A\u00e7a\u00ed - sur cette page, apprenez-en plus sur Politique en mati\u00e8re de cookies. Tribe A\u00e7a\u00ed","og_url":"https:\/\/tribeacai.com\/fr\/politique-en-matiere-de-cookies\/","og_site_name":"Tribe A\u00e7a\u00ed","article_publisher":"https:\/\/www.facebook.com\/Tribeacaii\/","article_modified_time":"2025-01-15T11:22:50+00:00","og_image":[{"width":1837,"height":1200,"url":"https:\/\/tribeacai.com\/wp-content\/uploads\/2024\/10\/Tribe-Acai-The-Native-Food.webp","type":"image\/webp"}],"twitter_card":"summary_large_image","twitter_misc":{"Dur\u00e9e de lecture estim\u00e9e":"2 minutes"},"schema":{"@context":"https:\/\/schema.org","@graph":[{"@type":"WebPage","@id":"https:\/\/tribeacai.com\/fr\/politique-en-matiere-de-cookies\/","url":"https:\/\/tribeacai.com\/fr\/politique-en-matiere-de-cookies\/","name":"Politique en mati\u00e8re de cookies - Tribe A\u00e7a\u00ed","isPartOf":{"@id":"https:\/\/tribeacai.com\/fr\/#website"},"primaryImageOfPage":{"@id":"https:\/\/tribeacai.com\/fr\/politique-en-matiere-de-cookies\/#primaryimage"},"image":{"@id":"https:\/\/tribeacai.com\/fr\/politique-en-matiere-de-cookies\/#primaryimage"},"thumbnailUrl":"https:\/\/tribeacai.com\/wp-content\/uploads\/2024\/10\/Tribe-Acai-The-Native-Food.webp","datePublished":"2024-03-14T16:55:33+00:00","dateModified":"2025-01-15T11:22:50+00:00","description":"Bienvenue sur le site de Tribe A\u00e7a\u00ed - sur cette page, apprenez-en plus sur Politique en mati\u00e8re de cookies. Tribe A\u00e7a\u00ed","breadcrumb":{"@id":"https:\/\/tribeacai.com\/fr\/politique-en-matiere-de-cookies\/#breadcrumb"},"inLanguage":"fr-FR","potentialAction":[{"@type":"ReadAction","target":["https:\/\/tribeacai.com\/fr\/politique-en-matiere-de-cookies\/"]}]},{"@type":"ImageObject","inLanguage":"fr-FR","@id":"https:\/\/tribeacai.com\/fr\/politique-en-matiere-de-cookies\/#primaryimage","url":"https:\/\/tribeacai.com\/wp-content\/uploads\/2024\/10\/Tribe-Acai-The-Native-Food.webp","contentUrl":"https:\/\/tribeacai.com\/wp-content\/uploads\/2024\/10\/Tribe-Acai-The-Native-Food.webp","width":1837,"height":1200},{"@type":"BreadcrumbList","@id":"https:\/\/tribeacai.com\/fr\/politique-en-matiere-de-cookies\/#breadcrumb","itemListElement":[{"@type":"ListItem","position":1,"name":"In\u00edcio","item":"https:\/\/tribeacai.com\/fr\/"},{"@type":"ListItem","position":2,"name":"Politique en mati\u00e8re de cookies"}]},{"@type":"WebSite","@id":"https:\/\/tribeacai.com\/fr\/#website","url":"https:\/\/tribeacai.com\/fr\/","name":"Tribe A\u00e7a\u00ed","description":"The Native Food","publisher":{"@id":"https:\/\/tribeacai.com\/fr\/#organization"},"alternateName":"Tribe","potentialAction":[{"@type":"SearchAction","target":{"@type":"EntryPoint","urlTemplate":"https:\/\/tribeacai.com\/fr\/?s={search_term_string}"},"query-input":{"@type":"PropertyValueSpecification","valueRequired":true,"valueName":"search_term_string"}}],"inLanguage":"fr-FR"},{"@type":"Organization","@id":"https:\/\/tribeacai.com\/fr\/#organization","name":"Tribe A\u00e7a\u00ed","url":"https:\/\/tribeacai.com\/fr\/","logo":{"@type":"ImageObject","inLanguage":"fr-FR","@id":"https:\/\/tribeacai.com\/fr\/#\/schema\/logo\/image\/","url":"https:\/\/tribeacai.com\/wp-content\/uploads\/2024\/02\/acai-logo-site-1.png","contentUrl":"https:\/\/tribeacai.com\/wp-content\/uploads\/2024\/02\/acai-logo-site-1.png","width":600,"height":600,"caption":"Tribe A\u00e7a\u00ed"},"image":{"@id":"https:\/\/tribeacai.com\/fr\/#\/schema\/logo\/image\/"},"sameAs":["https:\/\/www.facebook.com\/Tribeacaii\/","https:\/\/www.instagram.com\/tribe_acai\/","https:\/\/www.linkedin.com\/company\/tribe-acai\/"]}]}},"jetpack_sharing_enabled":true,"_links":{"self":[{"href":"https:\/\/tribeacai.com\/fr\/wp-json\/wp\/v2\/pages\/24667","targetHints":{"allow":["GET"]}}],"collection":[{"href":"https:\/\/tribeacai.com\/fr\/wp-json\/wp\/v2\/pages"}],"about":[{"href":"https:\/\/tribeacai.com\/fr\/wp-json\/wp\/v2\/types\/page"}],"author":[{"embeddable":true,"href":"https:\/\/tribeacai.com\/fr\/wp-json\/wp\/v2\/users\/1"}],"replies":[{"embeddable":true,"href":"https:\/\/tribeacai.com\/fr\/wp-json\/wp\/v2\/comments?post=24667"}],"version-history":[{"count":2,"href":"https:\/\/tribeacai.com\/fr\/wp-json\/wp\/v2\/pages\/24667\/revisions"}],"predecessor-version":[{"id":24674,"href":"https:\/\/tribeacai.com\/fr\/wp-json\/wp\/v2\/pages\/24667\/revisions\/24674"}],"wp:featuredmedia":[{"embeddable":true,"href":"https:\/\/tribeacai.com\/fr\/wp-json\/wp\/v2\/media\/22455"}],"wp:attachment":[{"href":"https:\/\/tribeacai.com\/fr\/wp-json\/wp\/v2\/media?parent=24667"}],"curies":[{"name":"wp","href":"https:\/\/api.w.org\/{rel}","templated":true}]}}