{"id":24665,"date":"2024-03-14T16:50:38","date_gmt":"2024-03-14T16:50:38","guid":{"rendered":"https:\/\/tribeacai.com\/conditions-dutilisation\/"},"modified":"2025-01-15T11:23:19","modified_gmt":"2025-01-15T11:23:19","slug":"conditions-dutilisation","status":"publish","type":"page","link":"https:\/\/tribeacai.com\/fr\/conditions-dutilisation\/","title":{"rendered":"Conditions d&rsquo;utilisation"},"content":{"rendered":"\t\t<div data-elementor-type=\"wp-page\" data-elementor-id=\"24665\" class=\"elementor elementor-24665 elementor-18776\">\n\t\t\t\t<div class=\"wd-negative-gap elementor-element elementor-element-45ce0a2c e-flex e-con-boxed e-con e-parent\" data-id=\"45ce0a2c\" data-element_type=\"container\">\n\t\t\t\t\t<div class=\"e-con-inner\">\n\t\t\t\t<div class=\"elementor-element elementor-element-5a891dd color-scheme-inherit text-left elementor-widget elementor-widget-text-editor\" data-id=\"5a891dd\" data-element_type=\"widget\" data-widget_type=\"text-editor.default\">\n\t\t\t\t<div class=\"elementor-widget-container\">\n\t\t\t\t\t\t\t\t\t<h2><strong>Conditions d&rsquo;utilisation<\/strong><\/h2>\n<p>Les pr\u00e9sentes conditions g\u00e9n\u00e9rales r\u00e9gissent l&rsquo;acc\u00e8s au site web <a href=\"https:\/\/tribeacai.com\/fr\/\" target=\"_new\" rel=\"noopener\">https:\/\/tribeacai.com<\/a> de <strong>Globaltribe, Lda<\/strong> (\u00ab\u00a0Tribe A\u00e7a\u00ed\u00a0\u00bb) et son utilisation. En utilisant ce site web, vous acceptez de vous conformer \u00e0 ces conditions g\u00e9n\u00e9rales. <\/p>\n<h3><strong>1. La propri\u00e9t\u00e9 intellectuelle<\/strong><\/h3>\n<p>Tout le contenu du pr\u00e9sent site web, y compris les textes, les graphiques, les logos, les images, les vid\u00e9os et les logiciels, est la propri\u00e9t\u00e9 de Tribe A\u00e7a\u00ed ou de ses conc\u00e9dants de licence tiers et est prot\u00e9g\u00e9 par les lois sur les droits d&rsquo;auteur.<\/p>\n<h3><strong>2. Utilisation autoris\u00e9e<\/strong><\/h3>\n<p>La navigation sur le site \u00e0 des fins personnelles et non commerciales est autoris\u00e9e. L&rsquo;utilisateur n&rsquo;est pas autoris\u00e9 \u00e0 modifier, copier, distribuer, transmettre, afficher, ex\u00e9cuter, reproduire, publier, conc\u00e9der sous licence, cr\u00e9er des \u0153uvres d\u00e9riv\u00e9es ou vendre des informations, des logiciels, des produits ou des services obtenus par l&rsquo;interm\u00e9diaire de ce site web sans l&rsquo;accord \u00e9crit pr\u00e9alable de Tribe A\u00e7a\u00ed. <\/p>\n<h3><strong>3. Produits et services<\/strong><\/h3>\n<p>Tribe A\u00e7a\u00ed fournit des informations sur les produits \u00e0 base d&rsquo;a\u00e7a\u00ed, les glaces et les solutions B2B sur son site web. L&rsquo;entreprise se r\u00e9serve le droit de modifier ou de supprimer tout produit ou service sans pr\u00e9avis. <\/p>\n<h3><strong>4. L&rsquo;avenir des achats en ligne<\/strong><\/h3>\n<p>En effectuant un achat sur notre future boutique en ligne, l&rsquo;utilisateur s&rsquo;engage \u00e0 fournir des informations exactes et compl\u00e8tes n\u00e9cessaires au traitement des commandes. Les livraisons et les modes de paiement seront d\u00e9crits en d\u00e9tail lors de chaque achat. <\/p>\n<h3><strong>5. La responsabilit\u00e9<\/strong><\/h3>\n<p>Tribe A\u00e7a\u00ed n&rsquo;est pas responsable des dommages directs ou indirects r\u00e9sultant de l&rsquo;utilisation ou de l&rsquo;impossibilit\u00e9 d&rsquo;utiliser le site web. Bien que nous nous efforcions d&rsquo;assurer l&rsquo;exactitude des informations, nous ne garantissons pas que le contenu du site web soit exempt d&rsquo;erreurs ou de mises \u00e0 jour. <\/p>\n<h3><strong>6. Liens vers des sites externes<\/strong><\/h3>\n<p>Notre site web peut contenir des liens vers des sites de tiers. Tribe A\u00e7a\u00ed n&rsquo;est pas responsable du contenu, des politiques de confidentialit\u00e9 ou des pratiques de ces sites. <\/p>\n<h3><strong>7. Modifications des conditions g\u00e9n\u00e9rales<\/strong><\/h3>\n<p>Tribe A\u00e7a\u00ed se r\u00e9serve le droit de modifier les pr\u00e9sentes conditions g\u00e9n\u00e9rales \u00e0 tout moment. Les modifications seront publi\u00e9es sur notre site web et prendront effet imm\u00e9diatement. <\/p>\n\t\t\t\t\t\t\t\t<\/div>\n\t\t\t\t<\/div>\n\t\t\t\t\t<\/div>\n\t\t\t\t<\/div>\n\t\t\t\t<\/div>\n\t\t","protected":false},"excerpt":{"rendered":"<p>Conditions d&rsquo;utilisation Les pr\u00e9sentes conditions g\u00e9n\u00e9rales r\u00e9gissent l&rsquo;acc\u00e8s au site web https:\/\/tribeacai.com de Globaltribe, Lda (\u00ab\u00a0Tribe A\u00e7a\u00ed\u00a0\u00bb) et son utilisation.<\/p>\n","protected":false},"author":1,"featured_media":22455,"parent":0,"menu_order":0,"comment_status":"closed","ping_status":"closed","template":"","meta":{"footnotes":""},"class_list":["post-24665","page","type-page","status-publish","has-post-thumbnail","hentry"],"yoast_head":"<!-- This site is optimized with the Yoast SEO plugin v27.4 - https:\/\/yoast.com\/product\/yoast-seo-wordpress\/ -->\n<title>Conditions d&#039;utilisation - Tribe A\u00e7a\u00ed<\/title>\n<meta name=\"description\" content=\"Bienvenue sur le site de Tribe A\u00e7a\u00ed - sur cette page, apprenez-en plus sur Conditions d&#039;utilisation. Tribe A\u00e7a\u00ed\" \/>\n<meta name=\"robots\" content=\"index, follow, max-snippet:-1, max-image-preview:large, max-video-preview:-1\" \/>\n<link rel=\"canonical\" href=\"https:\/\/tribeacai.com\/fr\/conditions-dutilisation\/\" \/>\n<meta property=\"og:locale\" content=\"fr_FR\" \/>\n<meta property=\"og:type\" content=\"article\" \/>\n<meta property=\"og:title\" content=\"Conditions d&#039;utilisation - Tribe A\u00e7a\u00ed\" \/>\n<meta property=\"og:description\" content=\"Bienvenue sur le site de Tribe A\u00e7a\u00ed - sur cette page, apprenez-en plus sur Conditions d&#039;utilisation. Tribe A\u00e7a\u00ed\" \/>\n<meta property=\"og:url\" content=\"https:\/\/tribeacai.com\/fr\/conditions-dutilisation\/\" \/>\n<meta property=\"og:site_name\" content=\"Tribe A\u00e7a\u00ed\" \/>\n<meta property=\"article:publisher\" content=\"https:\/\/www.facebook.com\/Tribeacaii\/\" \/>\n<meta property=\"article:modified_time\" content=\"2025-01-15T11:23:19+00:00\" \/>\n<meta property=\"og:image\" content=\"https:\/\/tribeacai.com\/wp-content\/uploads\/2024\/10\/Tribe-Acai-The-Native-Food.webp\" \/>\n\t<meta property=\"og:image:width\" content=\"1837\" \/>\n\t<meta property=\"og:image:height\" content=\"1200\" \/>\n\t<meta property=\"og:image:type\" content=\"image\/webp\" \/>\n<meta name=\"twitter:card\" content=\"summary_large_image\" \/>\n<meta name=\"twitter:label1\" content=\"Dur\u00e9e de lecture estim\u00e9e\" \/>\n\t<meta name=\"twitter:data1\" content=\"3 minutes\" \/>\n<script type=\"application\/ld+json\" class=\"yoast-schema-graph\">{\"@context\":\"https:\\\/\\\/schema.org\",\"@graph\":[{\"@type\":\"WebPage\",\"@id\":\"https:\\\/\\\/tribeacai.com\\\/fr\\\/conditions-dutilisation\\\/\",\"url\":\"https:\\\/\\\/tribeacai.com\\\/fr\\\/conditions-dutilisation\\\/\",\"name\":\"Conditions d'utilisation - Tribe A\u00e7a\u00ed\",\"isPartOf\":{\"@id\":\"https:\\\/\\\/tribeacai.com\\\/fr\\\/#website\"},\"primaryImageOfPage\":{\"@id\":\"https:\\\/\\\/tribeacai.com\\\/fr\\\/conditions-dutilisation\\\/#primaryimage\"},\"image\":{\"@id\":\"https:\\\/\\\/tribeacai.com\\\/fr\\\/conditions-dutilisation\\\/#primaryimage\"},\"thumbnailUrl\":\"https:\\\/\\\/tribeacai.com\\\/wp-content\\\/uploads\\\/2024\\\/10\\\/Tribe-Acai-The-Native-Food.webp\",\"datePublished\":\"2024-03-14T16:50:38+00:00\",\"dateModified\":\"2025-01-15T11:23:19+00:00\",\"description\":\"Bienvenue sur le site de Tribe A\u00e7a\u00ed - sur cette page, apprenez-en plus sur Conditions d'utilisation. Tribe A\u00e7a\u00ed\",\"breadcrumb\":{\"@id\":\"https:\\\/\\\/tribeacai.com\\\/fr\\\/conditions-dutilisation\\\/#breadcrumb\"},\"inLanguage\":\"fr-FR\",\"potentialAction\":[{\"@type\":\"ReadAction\",\"target\":[\"https:\\\/\\\/tribeacai.com\\\/fr\\\/conditions-dutilisation\\\/\"]}]},{\"@type\":\"ImageObject\",\"inLanguage\":\"fr-FR\",\"@id\":\"https:\\\/\\\/tribeacai.com\\\/fr\\\/conditions-dutilisation\\\/#primaryimage\",\"url\":\"https:\\\/\\\/tribeacai.com\\\/wp-content\\\/uploads\\\/2024\\\/10\\\/Tribe-Acai-The-Native-Food.webp\",\"contentUrl\":\"https:\\\/\\\/tribeacai.com\\\/wp-content\\\/uploads\\\/2024\\\/10\\\/Tribe-Acai-The-Native-Food.webp\",\"width\":1837,\"height\":1200},{\"@type\":\"BreadcrumbList\",\"@id\":\"https:\\\/\\\/tribeacai.com\\\/fr\\\/conditions-dutilisation\\\/#breadcrumb\",\"itemListElement\":[{\"@type\":\"ListItem\",\"position\":1,\"name\":\"In\u00edcio\",\"item\":\"https:\\\/\\\/tribeacai.com\\\/fr\\\/\"},{\"@type\":\"ListItem\",\"position\":2,\"name\":\"Conditions d&rsquo;utilisation\"}]},{\"@type\":\"WebSite\",\"@id\":\"https:\\\/\\\/tribeacai.com\\\/fr\\\/#website\",\"url\":\"https:\\\/\\\/tribeacai.com\\\/fr\\\/\",\"name\":\"Tribe A\u00e7a\u00ed\",\"description\":\"The Native Food\",\"publisher\":{\"@id\":\"https:\\\/\\\/tribeacai.com\\\/fr\\\/#organization\"},\"alternateName\":\"Tribe\",\"potentialAction\":[{\"@type\":\"SearchAction\",\"target\":{\"@type\":\"EntryPoint\",\"urlTemplate\":\"https:\\\/\\\/tribeacai.com\\\/fr\\\/?s={search_term_string}\"},\"query-input\":{\"@type\":\"PropertyValueSpecification\",\"valueRequired\":true,\"valueName\":\"search_term_string\"}}],\"inLanguage\":\"fr-FR\"},{\"@type\":\"Organization\",\"@id\":\"https:\\\/\\\/tribeacai.com\\\/fr\\\/#organization\",\"name\":\"Tribe A\u00e7a\u00ed\",\"url\":\"https:\\\/\\\/tribeacai.com\\\/fr\\\/\",\"logo\":{\"@type\":\"ImageObject\",\"inLanguage\":\"fr-FR\",\"@id\":\"https:\\\/\\\/tribeacai.com\\\/fr\\\/#\\\/schema\\\/logo\\\/image\\\/\",\"url\":\"https:\\\/\\\/tribeacai.com\\\/wp-content\\\/uploads\\\/2024\\\/02\\\/acai-logo-site-1.png\",\"contentUrl\":\"https:\\\/\\\/tribeacai.com\\\/wp-content\\\/uploads\\\/2024\\\/02\\\/acai-logo-site-1.png\",\"width\":600,\"height\":600,\"caption\":\"Tribe A\u00e7a\u00ed\"},\"image\":{\"@id\":\"https:\\\/\\\/tribeacai.com\\\/fr\\\/#\\\/schema\\\/logo\\\/image\\\/\"},\"sameAs\":[\"https:\\\/\\\/www.facebook.com\\\/Tribeacaii\\\/\",\"https:\\\/\\\/www.instagram.com\\\/tribe_acai\\\/\",\"https:\\\/\\\/www.linkedin.com\\\/company\\\/tribe-acai\\\/\"]}]}<\/script>\n<!-- \/ Yoast SEO plugin. -->","yoast_head_json":{"title":"Conditions d'utilisation - Tribe A\u00e7a\u00ed","description":"Bienvenue sur le site de Tribe A\u00e7a\u00ed - sur cette page, apprenez-en plus sur Conditions d'utilisation. Tribe A\u00e7a\u00ed","robots":{"index":"index","follow":"follow","max-snippet":"max-snippet:-1","max-image-preview":"max-image-preview:large","max-video-preview":"max-video-preview:-1"},"canonical":"https:\/\/tribeacai.com\/fr\/conditions-dutilisation\/","og_locale":"fr_FR","og_type":"article","og_title":"Conditions d'utilisation - Tribe A\u00e7a\u00ed","og_description":"Bienvenue sur le site de Tribe A\u00e7a\u00ed - sur cette page, apprenez-en plus sur Conditions d'utilisation. Tribe A\u00e7a\u00ed","og_url":"https:\/\/tribeacai.com\/fr\/conditions-dutilisation\/","og_site_name":"Tribe A\u00e7a\u00ed","article_publisher":"https:\/\/www.facebook.com\/Tribeacaii\/","article_modified_time":"2025-01-15T11:23:19+00:00","og_image":[{"width":1837,"height":1200,"url":"https:\/\/tribeacai.com\/wp-content\/uploads\/2024\/10\/Tribe-Acai-The-Native-Food.webp","type":"image\/webp"}],"twitter_card":"summary_large_image","twitter_misc":{"Dur\u00e9e de lecture estim\u00e9e":"3 minutes"},"schema":{"@context":"https:\/\/schema.org","@graph":[{"@type":"WebPage","@id":"https:\/\/tribeacai.com\/fr\/conditions-dutilisation\/","url":"https:\/\/tribeacai.com\/fr\/conditions-dutilisation\/","name":"Conditions d'utilisation - Tribe A\u00e7a\u00ed","isPartOf":{"@id":"https:\/\/tribeacai.com\/fr\/#website"},"primaryImageOfPage":{"@id":"https:\/\/tribeacai.com\/fr\/conditions-dutilisation\/#primaryimage"},"image":{"@id":"https:\/\/tribeacai.com\/fr\/conditions-dutilisation\/#primaryimage"},"thumbnailUrl":"https:\/\/tribeacai.com\/wp-content\/uploads\/2024\/10\/Tribe-Acai-The-Native-Food.webp","datePublished":"2024-03-14T16:50:38+00:00","dateModified":"2025-01-15T11:23:19+00:00","description":"Bienvenue sur le site de Tribe A\u00e7a\u00ed - sur cette page, apprenez-en plus sur Conditions d'utilisation. Tribe A\u00e7a\u00ed","breadcrumb":{"@id":"https:\/\/tribeacai.com\/fr\/conditions-dutilisation\/#breadcrumb"},"inLanguage":"fr-FR","potentialAction":[{"@type":"ReadAction","target":["https:\/\/tribeacai.com\/fr\/conditions-dutilisation\/"]}]},{"@type":"ImageObject","inLanguage":"fr-FR","@id":"https:\/\/tribeacai.com\/fr\/conditions-dutilisation\/#primaryimage","url":"https:\/\/tribeacai.com\/wp-content\/uploads\/2024\/10\/Tribe-Acai-The-Native-Food.webp","contentUrl":"https:\/\/tribeacai.com\/wp-content\/uploads\/2024\/10\/Tribe-Acai-The-Native-Food.webp","width":1837,"height":1200},{"@type":"BreadcrumbList","@id":"https:\/\/tribeacai.com\/fr\/conditions-dutilisation\/#breadcrumb","itemListElement":[{"@type":"ListItem","position":1,"name":"In\u00edcio","item":"https:\/\/tribeacai.com\/fr\/"},{"@type":"ListItem","position":2,"name":"Conditions d&rsquo;utilisation"}]},{"@type":"WebSite","@id":"https:\/\/tribeacai.com\/fr\/#website","url":"https:\/\/tribeacai.com\/fr\/","name":"Tribe A\u00e7a\u00ed","description":"The Native Food","publisher":{"@id":"https:\/\/tribeacai.com\/fr\/#organization"},"alternateName":"Tribe","potentialAction":[{"@type":"SearchAction","target":{"@type":"EntryPoint","urlTemplate":"https:\/\/tribeacai.com\/fr\/?s={search_term_string}"},"query-input":{"@type":"PropertyValueSpecification","valueRequired":true,"valueName":"search_term_string"}}],"inLanguage":"fr-FR"},{"@type":"Organization","@id":"https:\/\/tribeacai.com\/fr\/#organization","name":"Tribe A\u00e7a\u00ed","url":"https:\/\/tribeacai.com\/fr\/","logo":{"@type":"ImageObject","inLanguage":"fr-FR","@id":"https:\/\/tribeacai.com\/fr\/#\/schema\/logo\/image\/","url":"https:\/\/tribeacai.com\/wp-content\/uploads\/2024\/02\/acai-logo-site-1.png","contentUrl":"https:\/\/tribeacai.com\/wp-content\/uploads\/2024\/02\/acai-logo-site-1.png","width":600,"height":600,"caption":"Tribe A\u00e7a\u00ed"},"image":{"@id":"https:\/\/tribeacai.com\/fr\/#\/schema\/logo\/image\/"},"sameAs":["https:\/\/www.facebook.com\/Tribeacaii\/","https:\/\/www.instagram.com\/tribe_acai\/","https:\/\/www.linkedin.com\/company\/tribe-acai\/"]}]}},"jetpack_sharing_enabled":true,"_links":{"self":[{"href":"https:\/\/tribeacai.com\/fr\/wp-json\/wp\/v2\/pages\/24665","targetHints":{"allow":["GET"]}}],"collection":[{"href":"https:\/\/tribeacai.com\/fr\/wp-json\/wp\/v2\/pages"}],"about":[{"href":"https:\/\/tribeacai.com\/fr\/wp-json\/wp\/v2\/types\/page"}],"author":[{"embeddable":true,"href":"https:\/\/tribeacai.com\/fr\/wp-json\/wp\/v2\/users\/1"}],"replies":[{"embeddable":true,"href":"https:\/\/tribeacai.com\/fr\/wp-json\/wp\/v2\/comments?post=24665"}],"version-history":[{"count":2,"href":"https:\/\/tribeacai.com\/fr\/wp-json\/wp\/v2\/pages\/24665\/revisions"}],"predecessor-version":[{"id":24673,"href":"https:\/\/tribeacai.com\/fr\/wp-json\/wp\/v2\/pages\/24665\/revisions\/24673"}],"wp:featuredmedia":[{"embeddable":true,"href":"https:\/\/tribeacai.com\/fr\/wp-json\/wp\/v2\/media\/22455"}],"wp:attachment":[{"href":"https:\/\/tribeacai.com\/fr\/wp-json\/wp\/v2\/media?parent=24665"}],"curies":[{"name":"wp","href":"https:\/\/api.w.org\/{rel}","templated":true}]}}