{"id":23790,"date":"2024-03-12T17:11:18","date_gmt":"2024-03-12T17:11:18","guid":{"rendered":"https:\/\/tribeacai.com\/acai-liquido\/"},"modified":"2026-03-30T09:20:03","modified_gmt":"2026-03-30T09:20:03","slug":"acai-liquido","status":"publish","type":"page","link":"https:\/\/tribeacai.com\/es\/acai-liquido\/","title":{"rendered":"A\u00e7a\u00ed L\u00edquido"},"content":{"rendered":"\t\t<div data-elementor-type=\"wp-page\" data-elementor-id=\"23790\" class=\"elementor elementor-23790 elementor-18644\">\n\t\t\t\t\t\t<section class=\"wd-negative-gap elementor-section elementor-top-section elementor-element elementor-element-770cc38 elementor-section-height-min-height elementor-section-content-middle wd-section-stretch elementor-section-full_width elementor-section-height-default elementor-section-items-middle\" data-id=\"770cc38\" data-element_type=\"section\" data-settings=\"{&quot;background_background&quot;:&quot;classic&quot;}\">\n\t\t\t\t\t\t\t<div class=\"elementor-background-overlay\"><\/div>\n\t\t\t\t\t\t\t<div class=\"elementor-container elementor-column-gap-default\">\n\t\t\t\t\t<div class=\"elementor-column elementor-col-100 elementor-top-column elementor-element elementor-element-f21d1fe\" data-id=\"f21d1fe\" data-element_type=\"column\">\n\t\t\t<div class=\"elementor-widget-wrap elementor-element-populated\">\n\t\t\t\t\t\t<div class=\"elementor-element elementor-element-67a7bbc wd-animation-slide-from-bottom wd_delay_200 wd-width-100 wd-animation-normal wd-animation wd-transform elementor-widget elementor-widget-wd_title\" data-id=\"67a7bbc\" data-element_type=\"widget\" data-widget_type=\"wd_title.default\">\n\t\t\t\t<div class=\"elementor-widget-container\">\n\t\t\t\t\t\t\t<div class=\"title-wrapper wd-set-mb reset-last-child wd-title-color-default wd-title-style-default wd-title-size-medium text-center\">\n\n\t\t\t\n\t\t\t<div class=\"liner-continer\">\n\t\t\t\t<h1 class=\"woodmart-title-container title wd-fontsize-xl\">Preparado L\u00edquido de A\u00e7a\u00ed Tribe<\/h1> \n\t\t\t\t\t\t\t<\/div>\n\n\t\t\t\t\t\t\t<div class=\"title-after_title reset-last-child wd-fontsize-s\">\n\t\t\t\t\t\u00a1Pionero y \u00fanico en el mercado!\t\t\t\t<\/div>\n\t\t\t\t\t<\/div>\n\t\t\t\t\t\t<\/div>\n\t\t\t\t<\/div>\n\t\t\t\t\t<\/div>\n\t\t<\/div>\n\t\t\t\t\t<\/div>\n\t\t<\/section>\n\t\t<div class=\"wd-negative-gap elementor-element elementor-element-6fd8e4e e-flex e-con-boxed e-con e-parent\" data-id=\"6fd8e4e\" data-element_type=\"container\">\n\t\t\t\t\t<div class=\"e-con-inner\">\n\t\t\t\t<div class=\"elementor-element elementor-element-9243e94 wd-width-100 elementor-widget elementor-widget-wd_title\" data-id=\"9243e94\" data-element_type=\"widget\" data-widget_type=\"wd_title.default\">\n\t\t\t\t<div class=\"elementor-widget-container\">\n\t\t\t\t\t\t\t<div class=\"title-wrapper wd-set-mb reset-last-child wd-title-color-primary wd-title-style-default wd-title-size-medium text-center\">\n\n\t\t\t\n\t\t\t<div class=\"liner-continer\">\n\t\t\t\t<h1 class=\"woodmart-title-container title wd-fontsize-xl\">El Primer y \u00danico a\u00e7a\u00ed l\u00edquido del mercado<\/h1> \n\t\t\t\t\t\t\t<\/div>\n\n\t\t\t\t\t<\/div>\n\t\t\t\t\t\t<\/div>\n\t\t\t\t<\/div>\n\t\t\t\t<div class=\"elementor-element elementor-element-2a7e136 wd-width-100 elementor-widget elementor-widget-wd_title\" data-id=\"2a7e136\" data-element_type=\"widget\" data-widget_type=\"wd_title.default\">\n\t\t\t\t<div class=\"elementor-widget-container\">\n\t\t\t\t\t\t\t<div class=\"title-wrapper wd-set-mb reset-last-child wd-title-color-primary wd-title-style-default wd-title-size-medium text-center\">\n\n\t\t\t\n\t\t\t<div class=\"liner-continer\">\n\t\t\t\t<h3 class=\"woodmart-title-container title wd-fontsize-xl\">\u00bfQu\u00e9 es?<\/h3> \n\t\t\t\t\t\t\t<\/div>\n\n\t\t\t\t\t\t\t<div class=\"title-after_title reset-last-child wd-fontsize-s\">\n\t\t\t\t\t<p>Se trata de\u00a0<strong><span style=\"color: #660c5c\">a\u00e7a\u00ed en estado l\u00edquido<\/span><\/strong>, que puede transportarse y conservarse f\u00e1cilmente a\u00a0<strong><span style=\"color: #660c5c\">temperatura ambiente<\/span><\/strong>.\u00a0Con la ayuda de una m\u00e1quina de soft ice-cream, se transforma en una crema aterciopelada y refrescante.<\/p><p>A diferencia del sorbete, que se conserva por congelaci\u00f3n, este preparado se conserva mediante un proceso de envasado as\u00e9ptico, que garantiza la estabilidad microbiol\u00f3gica y la seguridad alimentaria.<\/p><p>Listo para usar y extremadamente vers\u00e1til, puede transformarse en bowls, smoothies, zumos o deliciosos postres.<\/p>\t\t\t\t<\/div>\n\t\t\t\t\t<\/div>\n\t\t\t\t\t\t<\/div>\n\t\t\t\t<\/div>\n\t\t\t\t\t<\/div>\n\t\t\t\t<\/div>\n\t\t\t\t<section class=\"wd-negative-gap elementor-section elementor-top-section elementor-element elementor-element-8a131f8 elementor-section-content-middle elementor-section-boxed elementor-section-height-default elementor-section-height-default\" data-id=\"8a131f8\" data-element_type=\"section\" data-settings=\"{&quot;background_background&quot;:&quot;classic&quot;}\">\n\t\t\t\t\t\t<div class=\"elementor-container elementor-column-gap-default\">\n\t\t\t\t\t<div class=\"elementor-column elementor-col-100 elementor-top-column elementor-element elementor-element-cc04a52\" data-id=\"cc04a52\" data-element_type=\"column\">\n\t\t\t<div class=\"elementor-widget-wrap elementor-element-populated\">\n\t\t\t\t\t\t<div class=\"elementor-element elementor-element-3cae8f4 wd-width-100 elementor-widget elementor-widget-wd_title\" data-id=\"3cae8f4\" data-element_type=\"widget\" data-widget_type=\"wd_title.default\">\n\t\t\t\t<div class=\"elementor-widget-container\">\n\t\t\t\t\t\t\t<div class=\"title-wrapper wd-set-mb reset-last-child wd-title-color-default wd-title-style-default wd-title-size-default text-center\">\n\n\t\t\t\n\t\t\t<div class=\"liner-continer\">\n\t\t\t\t<h4 class=\"woodmart-title-container title wd-fontsize-l\">\u00bfQu\u00e9 nos diferencia de los dem\u00e1s?<\/h4> \n\t\t\t\t\t\t\t<\/div>\n\n\t\t\t\t\t\t\t<div class=\"title-after_title reset-last-child wd-fontsize-xs\">\n\t\t\t\t\t<span style=\"color: #ff9900\"><strong>El preparado de a\u00e7a\u00ed l\u00edquido de Tribe<\/strong><\/span>\u00a0es el\u00a0<strong><span style=\"color: #ff9900\">\u00fanico<\/span><\/strong>\u00a0que pasa del estado l\u00edquido al congelado y de temperatura ambiente a negativa,\u00a0<strong><span style=\"color: #ff9900\">sin comprometer<\/span><\/strong>\u00a0la seguridad alimentaria ni las caracter\u00edsticas nutricionales, sensoriales y microbiol\u00f3gicas del producto.<br \/>\n<br \/>\nA diferencia de los dem\u00e1s, que son congelados y luego descongelados y vueltos a congelar en la m\u00e1quina de soft ice-cream, nuestro a\u00e7a\u00ed mantiene intacta su calidad durante todo el proceso, lo que garantiza su seguridad.\t\t\t\t<\/div>\n\t\t\t\t\t<\/div>\n\t\t\t\t\t\t<\/div>\n\t\t\t\t<\/div>\n\t\t\t\t<div class=\"elementor-element elementor-element-277b6b6 wd-width-100 elementor-widget elementor-widget-wd_images_gallery\" data-id=\"277b6b6\" data-element_type=\"widget\" data-widget_type=\"wd_images_gallery.default\">\n\t\t\t\t<div class=\"elementor-widget-container\">\n\t\t\t\t\t\t\t<div class=\"wd-images-gallery photoswipe-images\" style=\"--wd-align-items:center; --wd-justify-content:center;\">\n\t\t\t\t\t\t<div class=\"wd-grid-g\" style=\"--wd-col-lg:3;--wd-col-md:3;--wd-col-sm:1;--wd-gap-lg:20px;--wd-gap-sm:10px;\" >\n\t\t\t\t\t\t\t\t\t\t\t\t\t\t\t\t\t\t<div class=\"wd-gallery-item wd-col\">\n\t\t\t\t\t\t\t\t\t\t\t\t\t<a  href=\"https:\/\/tribeacai.com\/wp-content\/uploads\/2025\/03\/Tribe-Liquid-Acai-3.webp\" data-width=\"1200\" data-height=\"1200\" data-index=\"1\" data-elementor-open-lightbox=\"no\">\n\t\t\t\t\t\t\n\t\t\t\t\t\t<img loading=\"lazy\" decoding=\"async\" width=\"400\" height=\"500\" src=\"https:\/\/tribeacai.com\/wp-content\/uploads\/2025\/03\/Tribe-Liquid-Acai-3-400x500.webp\" class=\"attachment-400x500 size-400x500\" alt=\"Bag de a\u00e7a\u00ed l\u00edquido da Tribe A\u00e7a\u00ed, embalagem pr\u00e1tica e pronta a usar\" \/>\n\t\t\t\t\t\t\t\t\t\t\t\t\t<\/a>\n\t\t\t\t\t\t\t\t\t\t\t<\/div>\n\t\t\t\t\t\t\t\t\t\t\t\t\t\t\t<div class=\"wd-gallery-item wd-col\">\n\t\t\t\t\t\t\t\t\t\t\t\t\t<a  href=\"https:\/\/tribeacai.com\/wp-content\/uploads\/2024\/10\/acai-liquido-pote.webp\" data-width=\"1200\" data-height=\"1200\" data-index=\"2\" data-elementor-open-lightbox=\"no\">\n\t\t\t\t\t\t\n\t\t\t\t\t\t<img loading=\"lazy\" decoding=\"async\" width=\"400\" height=\"500\" src=\"https:\/\/tribeacai.com\/wp-content\/uploads\/2024\/10\/acai-liquido-pote-400x500.webp\" class=\"attachment-400x500 size-400x500\" alt=\"Pote de a\u00e7a\u00ed l\u00edquido Tribe, servido com frutas ex\u00f3ticas, saud\u00e1vel, vegan e nutritivo\" \/>\n\t\t\t\t\t\t\t\t\t\t\t\t\t<\/a>\n\t\t\t\t\t\t\t\t\t\t\t<\/div>\n\t\t\t\t\t\t\t\t\t\t\t\t\t\t\t<div class=\"wd-gallery-item wd-col\">\n\t\t\t\t\t\t\t\t\t\t\t\t\t<a  href=\"https:\/\/tribeacai.com\/wp-content\/uploads\/2024\/10\/acai-liquido-maquina.jpg\" data-width=\"1355\" data-height=\"2400\" data-index=\"3\" data-elementor-open-lightbox=\"no\">\n\t\t\t\t\t\t\n\t\t\t\t\t\t<img loading=\"lazy\" decoding=\"async\" width=\"400\" height=\"500\" src=\"https:\/\/tribeacai.com\/wp-content\/uploads\/2024\/10\/acai-liquido-maquina-400x500.jpg\" class=\"attachment-400x500 size-400x500\" alt=\"M\u00e1quina de prepara\u00e7\u00e3o de a\u00e7a\u00ed l\u00edquido, garantindo qualidade, higiene e produ\u00e7\u00e3o eficiente\" \/>\n\t\t\t\t\t\t\t\t\t\t\t\t\t<\/a>\n\t\t\t\t\t\t\t\t\t\t\t<\/div>\n\t\t\t\t\t\t\t\t\t\t\t\t\t<\/div>\n\t\t\t\t\t<\/div>\n\t\t\t\t\t\t<\/div>\n\t\t\t\t<\/div>\n\t\t\t\t<div class=\"elementor-element elementor-element-9397f68 elementor-widget elementor-widget-wd_button\" data-id=\"9397f68\" data-element_type=\"widget\" data-widget_type=\"wd_button.default\">\n\t\t\t\t<div class=\"elementor-widget-container\">\n\t\t\t\t\t\t\t<div class=\"wd-button-wrapper text-center\" >\n\t\t\t<a class=\"btn btn-style-default btn-shape-round btn-size-default btn-color-white btn-icon-pos-right\"  href=\"https:\/\/tribeacai.com\/es\/b2b\/\">\n\t\t\t\t<span class=\"wd-btn-text\" data-elementor-setting-key=\"text\">\n\t\t\t\t\tQuiero vender el a\u00e7a\u00ed l\u00edquido Tribe\t\t\t\t<\/span>\n\n\t\t\t\t\t\t\t<\/a>\n\t\t<\/div>\n\t\t\t\t\t\t<\/div>\n\t\t\t\t<\/div>\n\t\t\t\t\t<\/div>\n\t\t<\/div>\n\t\t\t\t\t<\/div>\n\t\t<\/section>\n\t\t<div class=\"elementor-element elementor-element-bc196ec e-con-full wd-section-stretch e-flex e-con e-parent\" data-id=\"bc196ec\" data-element_type=\"container\" data-settings=\"{&quot;background_background&quot;:&quot;classic&quot;}\">\n\t\t\t\t<div class=\"elementor-element elementor-element-5d12afd elementor-widget elementor-widget-wd_text_block\" data-id=\"5d12afd\" data-element_type=\"widget\" data-widget_type=\"wd_text_block.default\">\n\t\t\t\t<div class=\"elementor-widget-container\">\n\t\t\t\t\t\t\t<div class=\"wd-text-block reset-last-child text-left\">\n\t\t\t\n\t\t\t\t\t\t<link rel=\"stylesheet\" id=\"elementor-post-23722-css\" href=\"https:\/\/tribeacai.com\/wp-content\/uploads\/elementor\/css\/post-23722.css?ver=1776839802\" type=\"text\/css\" media=\"all\">\n\t\t\t\t\t<div data-elementor-type=\"wp-post\" data-elementor-id=\"23722\" class=\"elementor elementor-23722 elementor-16575 elementor-16575\">\n\t\t\t\t<div class=\"wd-negative-gap elementor-element elementor-element-c447e5f wd-section-stretch e-flex e-con-boxed e-con e-parent\" data-id=\"c447e5f\" data-element_type=\"container\" data-settings=\"{&quot;background_background&quot;:&quot;classic&quot;}\">\n\t\t\t\t\t<div class=\"e-con-inner\">\n\t\t<div class=\"elementor-element elementor-element-db58a29 e-con-full e-flex e-con e-child\" data-id=\"db58a29\" data-element_type=\"container\">\n\t\t\t\t<div class=\"elementor-element elementor-element-b04c66a wd-width-100 elementor-widget elementor-widget-wd_title\" data-id=\"b04c66a\" data-element_type=\"widget\" data-widget_type=\"wd_title.default\">\n\t\t\t\t<div class=\"elementor-widget-container\">\n\t\t\t\t\t\t\t<div class=\"title-wrapper wd-set-mb reset-last-child wd-title-color-primary wd-title-style-default wd-title-size-large text-center\">\n\n\t\t\t\n\t\t\t<div class=\"liner-continer\">\n\t\t\t\t<h4 class=\"woodmart-title-container title wd-fontsize-xxl\">Sugerencias de Preparaci\u00f3n<\/h4> \n\t\t\t\t\t\t\t<\/div>\n\n\t\t\t\t\t\t\t<div class=\"title-after_title reset-last-child wd-fontsize-s\">\n\t\t\t\t\tInsp\u00edrate en nuestras recetas y da rienda suelta a tu creatividad.\t\t\t\t<\/div>\n\t\t\t\t\t<\/div>\n\t\t\t\t\t\t<\/div>\n\t\t\t\t<\/div>\n\t\t\t\t<\/div>\n\t\t\t\t\t<\/div>\n\t\t\t\t<\/div>\n\t\t\t\t<\/div>\n\t\t\n\t\t\t\t\t<\/div>\n\t\t\t\t\t\t<\/div>\n\t\t\t\t<\/div>\n\t\t\t\t<\/div>\n\t\t\t\t<\/div>\n\t\t","protected":false},"excerpt":{"rendered":"<p>Preparado L\u00edquido de A\u00e7a\u00ed Tribe \u00a1Pionero y \u00fanico en el mercado! El Primer y \u00danico a\u00e7a\u00ed l\u00edquido del mercado \u00bfQu\u00e9<\/p>\n","protected":false},"author":1,"featured_media":22376,"parent":0,"menu_order":0,"comment_status":"closed","ping_status":"closed","template":"","meta":{"footnotes":""},"class_list":["post-23790","page","type-page","status-publish","has-post-thumbnail","hentry"],"yoast_head":"<!-- This site is optimized with the Yoast SEO plugin v27.4 - https:\/\/yoast.com\/product\/yoast-seo-wordpress\/ -->\n<title>A\u00e7a\u00ed L\u00edquido | Soluci\u00f3n Lista para Usar | Tribe A\u00e7a\u00ed<\/title>\n<meta name=\"description\" content=\"A\u00e7a\u00ed l\u00edquido listo para usar, ideal para dar m\u00e1s sabor a tu negocio. Gana rapidez, consistencia, calidad y sabor con Tribe.\" \/>\n<meta name=\"robots\" content=\"index, follow, max-snippet:-1, max-image-preview:large, max-video-preview:-1\" \/>\n<link rel=\"canonical\" href=\"https:\/\/tribeacai.com\/es\/acai-liquido\/\" \/>\n<meta property=\"og:locale\" content=\"es_ES\" \/>\n<meta property=\"og:type\" content=\"article\" \/>\n<meta property=\"og:title\" content=\"A\u00e7a\u00ed L\u00edquido | Soluci\u00f3n Lista para Usar | Tribe A\u00e7a\u00ed\" \/>\n<meta property=\"og:description\" content=\"A\u00e7a\u00ed l\u00edquido listo para usar, ideal para dar m\u00e1s sabor a tu negocio. Gana rapidez, consistencia, calidad y sabor con Tribe.\" \/>\n<meta property=\"og:url\" content=\"https:\/\/tribeacai.com\/es\/acai-liquido\/\" \/>\n<meta property=\"og:site_name\" content=\"Tribe A\u00e7a\u00ed\" \/>\n<meta property=\"article:publisher\" content=\"https:\/\/www.facebook.com\/Tribeacaii\/\" \/>\n<meta property=\"article:modified_time\" content=\"2026-03-30T09:20:03+00:00\" \/>\n<meta property=\"og:image\" content=\"https:\/\/tribeacai.com\/wp-content\/uploads\/2024\/10\/Acai-Tribe-Primeiro-Acai-Liquido-do-Mercado.webp\" \/>\n\t<meta property=\"og:image:width\" content=\"2100\" \/>\n\t<meta property=\"og:image:height\" content=\"1400\" \/>\n\t<meta property=\"og:image:type\" content=\"image\/webp\" \/>\n<meta name=\"twitter:card\" content=\"summary_large_image\" \/>\n<meta name=\"twitter:label1\" content=\"Tiempo de lectura\" \/>\n\t<meta name=\"twitter:data1\" content=\"8 minutos\" \/>\n<script type=\"application\/ld+json\" class=\"yoast-schema-graph\">{\"@context\":\"https:\\\/\\\/schema.org\",\"@graph\":[{\"@type\":\"WebPage\",\"@id\":\"https:\\\/\\\/tribeacai.com\\\/es\\\/acai-liquido\\\/\",\"url\":\"https:\\\/\\\/tribeacai.com\\\/es\\\/acai-liquido\\\/\",\"name\":\"A\u00e7a\u00ed L\u00edquido | Soluci\u00f3n Lista para Usar | Tribe A\u00e7a\u00ed\",\"isPartOf\":{\"@id\":\"https:\\\/\\\/tribeacai.com\\\/es\\\/#website\"},\"primaryImageOfPage\":{\"@id\":\"https:\\\/\\\/tribeacai.com\\\/es\\\/acai-liquido\\\/#primaryimage\"},\"image\":{\"@id\":\"https:\\\/\\\/tribeacai.com\\\/es\\\/acai-liquido\\\/#primaryimage\"},\"thumbnailUrl\":\"https:\\\/\\\/tribeacai.com\\\/wp-content\\\/uploads\\\/2024\\\/10\\\/Acai-Tribe-Primeiro-Acai-Liquido-do-Mercado.webp\",\"datePublished\":\"2024-03-12T17:11:18+00:00\",\"dateModified\":\"2026-03-30T09:20:03+00:00\",\"description\":\"A\u00e7a\u00ed l\u00edquido listo para usar, ideal para dar m\u00e1s sabor a tu negocio. Gana rapidez, consistencia, calidad y sabor con Tribe.\",\"breadcrumb\":{\"@id\":\"https:\\\/\\\/tribeacai.com\\\/es\\\/acai-liquido\\\/#breadcrumb\"},\"inLanguage\":\"es\",\"potentialAction\":[{\"@type\":\"ReadAction\",\"target\":[\"https:\\\/\\\/tribeacai.com\\\/es\\\/acai-liquido\\\/\"]}]},{\"@type\":\"ImageObject\",\"inLanguage\":\"es\",\"@id\":\"https:\\\/\\\/tribeacai.com\\\/es\\\/acai-liquido\\\/#primaryimage\",\"url\":\"https:\\\/\\\/tribeacai.com\\\/wp-content\\\/uploads\\\/2024\\\/10\\\/Acai-Tribe-Primeiro-Acai-Liquido-do-Mercado.webp\",\"contentUrl\":\"https:\\\/\\\/tribeacai.com\\\/wp-content\\\/uploads\\\/2024\\\/10\\\/Acai-Tribe-Primeiro-Acai-Liquido-do-Mercado.webp\",\"width\":2100,\"height\":1400,\"caption\":\"Ac\u0327ai\u0301 l\u00edquido servido em copo, destacando frescura, sabor ex\u00f3tico e natural da Amaz\u00f3nia\"},{\"@type\":\"BreadcrumbList\",\"@id\":\"https:\\\/\\\/tribeacai.com\\\/es\\\/acai-liquido\\\/#breadcrumb\",\"itemListElement\":[{\"@type\":\"ListItem\",\"position\":1,\"name\":\"In\u00edcio\",\"item\":\"https:\\\/\\\/tribeacai.com\\\/es\\\/\"},{\"@type\":\"ListItem\",\"position\":2,\"name\":\"A\u00e7a\u00ed L\u00edquido\"}]},{\"@type\":\"WebSite\",\"@id\":\"https:\\\/\\\/tribeacai.com\\\/es\\\/#website\",\"url\":\"https:\\\/\\\/tribeacai.com\\\/es\\\/\",\"name\":\"Tribe A\u00e7a\u00ed\",\"description\":\"The Native Food\",\"publisher\":{\"@id\":\"https:\\\/\\\/tribeacai.com\\\/es\\\/#organization\"},\"alternateName\":\"Tribe\",\"potentialAction\":[{\"@type\":\"SearchAction\",\"target\":{\"@type\":\"EntryPoint\",\"urlTemplate\":\"https:\\\/\\\/tribeacai.com\\\/es\\\/?s={search_term_string}\"},\"query-input\":{\"@type\":\"PropertyValueSpecification\",\"valueRequired\":true,\"valueName\":\"search_term_string\"}}],\"inLanguage\":\"es\"},{\"@type\":\"Organization\",\"@id\":\"https:\\\/\\\/tribeacai.com\\\/es\\\/#organization\",\"name\":\"Tribe A\u00e7a\u00ed\",\"url\":\"https:\\\/\\\/tribeacai.com\\\/es\\\/\",\"logo\":{\"@type\":\"ImageObject\",\"inLanguage\":\"es\",\"@id\":\"https:\\\/\\\/tribeacai.com\\\/es\\\/#\\\/schema\\\/logo\\\/image\\\/\",\"url\":\"https:\\\/\\\/tribeacai.com\\\/wp-content\\\/uploads\\\/2024\\\/02\\\/acai-logo-site-1.png\",\"contentUrl\":\"https:\\\/\\\/tribeacai.com\\\/wp-content\\\/uploads\\\/2024\\\/02\\\/acai-logo-site-1.png\",\"width\":600,\"height\":600,\"caption\":\"Tribe A\u00e7a\u00ed\"},\"image\":{\"@id\":\"https:\\\/\\\/tribeacai.com\\\/es\\\/#\\\/schema\\\/logo\\\/image\\\/\"},\"sameAs\":[\"https:\\\/\\\/www.facebook.com\\\/Tribeacaii\\\/\",\"https:\\\/\\\/www.instagram.com\\\/tribe_acai\\\/\",\"https:\\\/\\\/www.linkedin.com\\\/company\\\/tribe-acai\\\/\"]}]}<\/script>\n<!-- \/ Yoast SEO plugin. -->","yoast_head_json":{"title":"A\u00e7a\u00ed L\u00edquido | Soluci\u00f3n Lista para Usar | Tribe A\u00e7a\u00ed","description":"A\u00e7a\u00ed l\u00edquido listo para usar, ideal para dar m\u00e1s sabor a tu negocio. Gana rapidez, consistencia, calidad y sabor con Tribe.","robots":{"index":"index","follow":"follow","max-snippet":"max-snippet:-1","max-image-preview":"max-image-preview:large","max-video-preview":"max-video-preview:-1"},"canonical":"https:\/\/tribeacai.com\/es\/acai-liquido\/","og_locale":"es_ES","og_type":"article","og_title":"A\u00e7a\u00ed L\u00edquido | Soluci\u00f3n Lista para Usar | Tribe A\u00e7a\u00ed","og_description":"A\u00e7a\u00ed l\u00edquido listo para usar, ideal para dar m\u00e1s sabor a tu negocio. Gana rapidez, consistencia, calidad y sabor con Tribe.","og_url":"https:\/\/tribeacai.com\/es\/acai-liquido\/","og_site_name":"Tribe A\u00e7a\u00ed","article_publisher":"https:\/\/www.facebook.com\/Tribeacaii\/","article_modified_time":"2026-03-30T09:20:03+00:00","og_image":[{"width":2100,"height":1400,"url":"https:\/\/tribeacai.com\/wp-content\/uploads\/2024\/10\/Acai-Tribe-Primeiro-Acai-Liquido-do-Mercado.webp","type":"image\/webp"}],"twitter_card":"summary_large_image","twitter_misc":{"Tiempo de lectura":"8 minutos"},"schema":{"@context":"https:\/\/schema.org","@graph":[{"@type":"WebPage","@id":"https:\/\/tribeacai.com\/es\/acai-liquido\/","url":"https:\/\/tribeacai.com\/es\/acai-liquido\/","name":"A\u00e7a\u00ed L\u00edquido | Soluci\u00f3n Lista para Usar | Tribe A\u00e7a\u00ed","isPartOf":{"@id":"https:\/\/tribeacai.com\/es\/#website"},"primaryImageOfPage":{"@id":"https:\/\/tribeacai.com\/es\/acai-liquido\/#primaryimage"},"image":{"@id":"https:\/\/tribeacai.com\/es\/acai-liquido\/#primaryimage"},"thumbnailUrl":"https:\/\/tribeacai.com\/wp-content\/uploads\/2024\/10\/Acai-Tribe-Primeiro-Acai-Liquido-do-Mercado.webp","datePublished":"2024-03-12T17:11:18+00:00","dateModified":"2026-03-30T09:20:03+00:00","description":"A\u00e7a\u00ed l\u00edquido listo para usar, ideal para dar m\u00e1s sabor a tu negocio. Gana rapidez, consistencia, calidad y sabor con Tribe.","breadcrumb":{"@id":"https:\/\/tribeacai.com\/es\/acai-liquido\/#breadcrumb"},"inLanguage":"es","potentialAction":[{"@type":"ReadAction","target":["https:\/\/tribeacai.com\/es\/acai-liquido\/"]}]},{"@type":"ImageObject","inLanguage":"es","@id":"https:\/\/tribeacai.com\/es\/acai-liquido\/#primaryimage","url":"https:\/\/tribeacai.com\/wp-content\/uploads\/2024\/10\/Acai-Tribe-Primeiro-Acai-Liquido-do-Mercado.webp","contentUrl":"https:\/\/tribeacai.com\/wp-content\/uploads\/2024\/10\/Acai-Tribe-Primeiro-Acai-Liquido-do-Mercado.webp","width":2100,"height":1400,"caption":"Ac\u0327ai\u0301 l\u00edquido servido em copo, destacando frescura, sabor ex\u00f3tico e natural da Amaz\u00f3nia"},{"@type":"BreadcrumbList","@id":"https:\/\/tribeacai.com\/es\/acai-liquido\/#breadcrumb","itemListElement":[{"@type":"ListItem","position":1,"name":"In\u00edcio","item":"https:\/\/tribeacai.com\/es\/"},{"@type":"ListItem","position":2,"name":"A\u00e7a\u00ed L\u00edquido"}]},{"@type":"WebSite","@id":"https:\/\/tribeacai.com\/es\/#website","url":"https:\/\/tribeacai.com\/es\/","name":"Tribe A\u00e7a\u00ed","description":"The Native Food","publisher":{"@id":"https:\/\/tribeacai.com\/es\/#organization"},"alternateName":"Tribe","potentialAction":[{"@type":"SearchAction","target":{"@type":"EntryPoint","urlTemplate":"https:\/\/tribeacai.com\/es\/?s={search_term_string}"},"query-input":{"@type":"PropertyValueSpecification","valueRequired":true,"valueName":"search_term_string"}}],"inLanguage":"es"},{"@type":"Organization","@id":"https:\/\/tribeacai.com\/es\/#organization","name":"Tribe A\u00e7a\u00ed","url":"https:\/\/tribeacai.com\/es\/","logo":{"@type":"ImageObject","inLanguage":"es","@id":"https:\/\/tribeacai.com\/es\/#\/schema\/logo\/image\/","url":"https:\/\/tribeacai.com\/wp-content\/uploads\/2024\/02\/acai-logo-site-1.png","contentUrl":"https:\/\/tribeacai.com\/wp-content\/uploads\/2024\/02\/acai-logo-site-1.png","width":600,"height":600,"caption":"Tribe A\u00e7a\u00ed"},"image":{"@id":"https:\/\/tribeacai.com\/es\/#\/schema\/logo\/image\/"},"sameAs":["https:\/\/www.facebook.com\/Tribeacaii\/","https:\/\/www.instagram.com\/tribe_acai\/","https:\/\/www.linkedin.com\/company\/tribe-acai\/"]}]}},"jetpack_sharing_enabled":true,"_links":{"self":[{"href":"https:\/\/tribeacai.com\/es\/wp-json\/wp\/v2\/pages\/23790","targetHints":{"allow":["GET"]}}],"collection":[{"href":"https:\/\/tribeacai.com\/es\/wp-json\/wp\/v2\/pages"}],"about":[{"href":"https:\/\/tribeacai.com\/es\/wp-json\/wp\/v2\/types\/page"}],"author":[{"embeddable":true,"href":"https:\/\/tribeacai.com\/es\/wp-json\/wp\/v2\/users\/1"}],"replies":[{"embeddable":true,"href":"https:\/\/tribeacai.com\/es\/wp-json\/wp\/v2\/comments?post=23790"}],"version-history":[{"count":9,"href":"https:\/\/tribeacai.com\/es\/wp-json\/wp\/v2\/pages\/23790\/revisions"}],"predecessor-version":[{"id":26179,"href":"https:\/\/tribeacai.com\/es\/wp-json\/wp\/v2\/pages\/23790\/revisions\/26179"}],"wp:featuredmedia":[{"embeddable":true,"href":"https:\/\/tribeacai.com\/es\/wp-json\/wp\/v2\/media\/22376"}],"wp:attachment":[{"href":"https:\/\/tribeacai.com\/es\/wp-json\/wp\/v2\/media?parent=23790"}],"curies":[{"name":"wp","href":"https:\/\/api.w.org\/{rel}","templated":true}]}}