{"id":23690,"date":"2024-03-14T16:55:33","date_gmt":"2024-03-14T16:55:33","guid":{"rendered":"https:\/\/tribeacai.com\/politica-de-cookies\/"},"modified":"2024-11-12T17:19:50","modified_gmt":"2024-11-12T17:19:50","slug":"politica-de-cookies","status":"publish","type":"page","link":"https:\/\/tribeacai.com\/es\/politica-de-cookies\/","title":{"rendered":"Pol\u00edtica de cookies"},"content":{"rendered":"\t\t<div data-elementor-type=\"wp-page\" data-elementor-id=\"23690\" class=\"elementor elementor-23690 elementor-18786\">\n\t\t\t\t<div class=\"wd-negative-gap elementor-element elementor-element-45ce0a2c e-flex e-con-boxed e-con e-parent\" data-id=\"45ce0a2c\" data-element_type=\"container\">\n\t\t\t\t\t<div class=\"e-con-inner\">\n\t\t\t\t<div class=\"elementor-element elementor-element-5a891dd color-scheme-inherit text-left elementor-widget elementor-widget-text-editor\" data-id=\"5a891dd\" data-element_type=\"widget\" data-widget_type=\"text-editor.default\">\n\t\t\t\t<div class=\"elementor-widget-container\">\n\t\t\t\t\t\t\t\t\t<h2><strong>Pol\u00edtica de cookies<\/strong><\/h2>\n<p><strong>Globaltribe, Lda<\/strong> utiliza cookies en el sitio web <a href=\"https:\/\/tribeacai.com\/es\/\" target=\"_new\" rel=\"noopener\">https:\/\/tribeacai.com<\/a> para mejorar la experiencia de navegaci\u00f3n de los usuarios y para recopilar informaci\u00f3n estad\u00edstica sobre el uso del sitio.<\/p>\n<h3><strong>1. \u00bfQu\u00e9 son las cookies?<\/strong><\/h3>\n<p>Las cookies son peque\u00f1os archivos de texto que se almacenan en tu dispositivo (ordenador, tel\u00e9fono m\u00f3vil o tableta) cuando visitas nuestro sitio web. Estas cookies nos permiten reconocer tu dispositivo en futuras visitas. <\/p>\n<h3><strong>2. Tipos de cookies utilizadas<\/strong><\/h3>\n<p>Utilizamos los siguientes tipos de cookies:<\/p>\n<ul>\n<li><strong>Cookies esenciales:<\/strong> Necesarias para garantizar el funcionamiento del sitio web.<\/li>\n<li><strong>Cookies anal\u00edticas:<\/strong> Se utilizan para recopilar informaci\u00f3n sobre el uso del sitio web, como Google Analytics, para mejorar la funcionalidad del sitio web.<\/li>\n<li><strong>Cookies de terceros:<\/strong> Utilizamos cookies de servicios como Google Maps, Facebook Pixel y YouTube para funciones como mapas, interacciones en redes sociales y visualizaci\u00f3n de v\u00eddeos.<\/li>\n<\/ul>\n<h3><strong>3. Gesti\u00f3n de cookies<\/strong><\/h3>\n<p>Puedes desactivar o eliminar las cookies en tu navegador en cualquier momento. Sin embargo, al desactivar las cookies, es posible que algunas funcionalidades del sitio web no funcionen correctamente. <\/p>\n<h3><strong>4. Consentimiento<\/strong><\/h3>\n<p>Al continuar utilizando nuestro sitio web, aceptas el uso de cookies en los t\u00e9rminos descritos en esta Pol\u00edtica de Cookies.<\/p>\n<h3><strong>5. Cambios en esta Pol\u00edtica de Cookies<\/strong><\/h3>\n<p>Nos reservamos el derecho a actualizar esta pol\u00edtica de vez en cuando. Cualquier cambio se publicar\u00e1 en nuestro sitio web. <\/p>\n\t\t\t\t\t\t\t\t<\/div>\n\t\t\t\t<\/div>\n\t\t\t\t\t<\/div>\n\t\t\t\t<\/div>\n\t\t\t\t<\/div>\n\t\t","protected":false},"excerpt":{"rendered":"<p>Pol\u00edtica de cookies Globaltribe, Lda utiliza cookies en el sitio web https:\/\/tribeacai.com para mejorar la experiencia de navegaci\u00f3n de los<\/p>\n","protected":false},"author":1,"featured_media":22456,"parent":0,"menu_order":0,"comment_status":"closed","ping_status":"closed","template":"","meta":{"footnotes":""},"class_list":["post-23690","page","type-page","status-publish","has-post-thumbnail","hentry"],"yoast_head":"<!-- This site is optimized with the Yoast SEO plugin v27.5 - https:\/\/yoast.com\/product\/yoast-seo-wordpress\/ -->\n<title>Pol\u00edtica de cookies - Tribe A\u00e7a\u00ed<\/title>\n<meta name=\"description\" content=\"Bem vindo\/a ao site da Tribe A\u00e7a\u00ed - nesta p\u00e1gina saiba mais sobre Pol\u00edtica de cookies. Tribe A\u00e7a\u00ed\" \/>\n<meta name=\"robots\" content=\"index, follow, max-snippet:-1, max-image-preview:large, max-video-preview:-1\" \/>\n<link rel=\"canonical\" href=\"https:\/\/tribeacai.com\/es\/politica-de-cookies\/\" \/>\n<meta property=\"og:locale\" content=\"es_ES\" \/>\n<meta property=\"og:type\" content=\"article\" \/>\n<meta property=\"og:title\" content=\"Pol\u00edtica de cookies - Tribe A\u00e7a\u00ed\" \/>\n<meta property=\"og:description\" content=\"Bem vindo\/a ao site da Tribe A\u00e7a\u00ed - nesta p\u00e1gina saiba mais sobre Pol\u00edtica de cookies. Tribe A\u00e7a\u00ed\" \/>\n<meta property=\"og:url\" content=\"https:\/\/tribeacai.com\/es\/politica-de-cookies\/\" \/>\n<meta property=\"og:site_name\" content=\"Tribe A\u00e7a\u00ed\" \/>\n<meta property=\"article:publisher\" content=\"https:\/\/www.facebook.com\/Tribeacaii\/\" \/>\n<meta property=\"article:modified_time\" content=\"2024-11-12T17:19:50+00:00\" \/>\n<meta property=\"og:image\" content=\"https:\/\/tribeacai.com\/wp-content\/uploads\/2024\/10\/Tribe-Acai-The-Native-Food.webp\" \/>\n\t<meta property=\"og:image:width\" content=\"1837\" \/>\n\t<meta property=\"og:image:height\" content=\"1200\" \/>\n\t<meta property=\"og:image:type\" content=\"image\/webp\" \/>\n<meta name=\"twitter:card\" content=\"summary_large_image\" \/>\n<meta name=\"twitter:label1\" content=\"Tiempo de lectura\" \/>\n\t<meta name=\"twitter:data1\" content=\"2 minutos\" \/>\n<script type=\"application\/ld+json\" class=\"yoast-schema-graph\">{\"@context\":\"https:\\\/\\\/schema.org\",\"@graph\":[{\"@type\":\"WebPage\",\"@id\":\"https:\\\/\\\/tribeacai.com\\\/es\\\/politica-de-cookies\\\/\",\"url\":\"https:\\\/\\\/tribeacai.com\\\/es\\\/politica-de-cookies\\\/\",\"name\":\"Pol\u00edtica de cookies - Tribe A\u00e7a\u00ed\",\"isPartOf\":{\"@id\":\"https:\\\/\\\/tribeacai.com\\\/es\\\/#website\"},\"primaryImageOfPage\":{\"@id\":\"https:\\\/\\\/tribeacai.com\\\/es\\\/politica-de-cookies\\\/#primaryimage\"},\"image\":{\"@id\":\"https:\\\/\\\/tribeacai.com\\\/es\\\/politica-de-cookies\\\/#primaryimage\"},\"thumbnailUrl\":\"https:\\\/\\\/tribeacai.com\\\/wp-content\\\/uploads\\\/2024\\\/10\\\/Tribe-Acai-The-Native-Food.webp\",\"datePublished\":\"2024-03-14T16:55:33+00:00\",\"dateModified\":\"2024-11-12T17:19:50+00:00\",\"description\":\"Bem vindo\\\/a ao site da Tribe A\u00e7a\u00ed - nesta p\u00e1gina saiba mais sobre Pol\u00edtica de cookies. Tribe A\u00e7a\u00ed\",\"breadcrumb\":{\"@id\":\"https:\\\/\\\/tribeacai.com\\\/es\\\/politica-de-cookies\\\/#breadcrumb\"},\"inLanguage\":\"es\",\"potentialAction\":[{\"@type\":\"ReadAction\",\"target\":[\"https:\\\/\\\/tribeacai.com\\\/es\\\/politica-de-cookies\\\/\"]}]},{\"@type\":\"ImageObject\",\"inLanguage\":\"es\",\"@id\":\"https:\\\/\\\/tribeacai.com\\\/es\\\/politica-de-cookies\\\/#primaryimage\",\"url\":\"https:\\\/\\\/tribeacai.com\\\/wp-content\\\/uploads\\\/2024\\\/10\\\/Tribe-Acai-The-Native-Food.webp\",\"contentUrl\":\"https:\\\/\\\/tribeacai.com\\\/wp-content\\\/uploads\\\/2024\\\/10\\\/Tribe-Acai-The-Native-Food.webp\",\"width\":1837,\"height\":1200},{\"@type\":\"BreadcrumbList\",\"@id\":\"https:\\\/\\\/tribeacai.com\\\/es\\\/politica-de-cookies\\\/#breadcrumb\",\"itemListElement\":[{\"@type\":\"ListItem\",\"position\":1,\"name\":\"In\u00edcio\",\"item\":\"https:\\\/\\\/tribeacai.com\\\/es\\\/\"},{\"@type\":\"ListItem\",\"position\":2,\"name\":\"Pol\u00edtica de cookies\"}]},{\"@type\":\"WebSite\",\"@id\":\"https:\\\/\\\/tribeacai.com\\\/es\\\/#website\",\"url\":\"https:\\\/\\\/tribeacai.com\\\/es\\\/\",\"name\":\"Tribe A\u00e7a\u00ed\",\"description\":\"The Native Food\",\"publisher\":{\"@id\":\"https:\\\/\\\/tribeacai.com\\\/es\\\/#organization\"},\"alternateName\":\"Tribe\",\"potentialAction\":[{\"@type\":\"SearchAction\",\"target\":{\"@type\":\"EntryPoint\",\"urlTemplate\":\"https:\\\/\\\/tribeacai.com\\\/es\\\/?s={search_term_string}\"},\"query-input\":{\"@type\":\"PropertyValueSpecification\",\"valueRequired\":true,\"valueName\":\"search_term_string\"}}],\"inLanguage\":\"es\"},{\"@type\":\"Organization\",\"@id\":\"https:\\\/\\\/tribeacai.com\\\/es\\\/#organization\",\"name\":\"Tribe A\u00e7a\u00ed\",\"url\":\"https:\\\/\\\/tribeacai.com\\\/es\\\/\",\"logo\":{\"@type\":\"ImageObject\",\"inLanguage\":\"es\",\"@id\":\"https:\\\/\\\/tribeacai.com\\\/es\\\/#\\\/schema\\\/logo\\\/image\\\/\",\"url\":\"https:\\\/\\\/tribeacai.com\\\/wp-content\\\/uploads\\\/2024\\\/02\\\/acai-logo-site-1.png\",\"contentUrl\":\"https:\\\/\\\/tribeacai.com\\\/wp-content\\\/uploads\\\/2024\\\/02\\\/acai-logo-site-1.png\",\"width\":600,\"height\":600,\"caption\":\"Tribe A\u00e7a\u00ed\"},\"image\":{\"@id\":\"https:\\\/\\\/tribeacai.com\\\/es\\\/#\\\/schema\\\/logo\\\/image\\\/\"},\"sameAs\":[\"https:\\\/\\\/www.facebook.com\\\/Tribeacaii\\\/\",\"https:\\\/\\\/www.instagram.com\\\/tribe_acai\\\/\",\"https:\\\/\\\/www.linkedin.com\\\/company\\\/tribe-acai\\\/\"]}]}<\/script>\n<!-- \/ Yoast SEO plugin. -->","yoast_head_json":{"title":"Pol\u00edtica de cookies - Tribe A\u00e7a\u00ed","description":"Bem vindo\/a ao site da Tribe A\u00e7a\u00ed - nesta p\u00e1gina saiba mais sobre Pol\u00edtica de cookies. Tribe A\u00e7a\u00ed","robots":{"index":"index","follow":"follow","max-snippet":"max-snippet:-1","max-image-preview":"max-image-preview:large","max-video-preview":"max-video-preview:-1"},"canonical":"https:\/\/tribeacai.com\/es\/politica-de-cookies\/","og_locale":"es_ES","og_type":"article","og_title":"Pol\u00edtica de cookies - Tribe A\u00e7a\u00ed","og_description":"Bem vindo\/a ao site da Tribe A\u00e7a\u00ed - nesta p\u00e1gina saiba mais sobre Pol\u00edtica de cookies. Tribe A\u00e7a\u00ed","og_url":"https:\/\/tribeacai.com\/es\/politica-de-cookies\/","og_site_name":"Tribe A\u00e7a\u00ed","article_publisher":"https:\/\/www.facebook.com\/Tribeacaii\/","article_modified_time":"2024-11-12T17:19:50+00:00","og_image":[{"width":1837,"height":1200,"url":"https:\/\/tribeacai.com\/wp-content\/uploads\/2024\/10\/Tribe-Acai-The-Native-Food.webp","type":"image\/webp"}],"twitter_card":"summary_large_image","twitter_misc":{"Tiempo de lectura":"2 minutos"},"schema":{"@context":"https:\/\/schema.org","@graph":[{"@type":"WebPage","@id":"https:\/\/tribeacai.com\/es\/politica-de-cookies\/","url":"https:\/\/tribeacai.com\/es\/politica-de-cookies\/","name":"Pol\u00edtica de cookies - Tribe A\u00e7a\u00ed","isPartOf":{"@id":"https:\/\/tribeacai.com\/es\/#website"},"primaryImageOfPage":{"@id":"https:\/\/tribeacai.com\/es\/politica-de-cookies\/#primaryimage"},"image":{"@id":"https:\/\/tribeacai.com\/es\/politica-de-cookies\/#primaryimage"},"thumbnailUrl":"https:\/\/tribeacai.com\/wp-content\/uploads\/2024\/10\/Tribe-Acai-The-Native-Food.webp","datePublished":"2024-03-14T16:55:33+00:00","dateModified":"2024-11-12T17:19:50+00:00","description":"Bem vindo\/a ao site da Tribe A\u00e7a\u00ed - nesta p\u00e1gina saiba mais sobre Pol\u00edtica de cookies. Tribe A\u00e7a\u00ed","breadcrumb":{"@id":"https:\/\/tribeacai.com\/es\/politica-de-cookies\/#breadcrumb"},"inLanguage":"es","potentialAction":[{"@type":"ReadAction","target":["https:\/\/tribeacai.com\/es\/politica-de-cookies\/"]}]},{"@type":"ImageObject","inLanguage":"es","@id":"https:\/\/tribeacai.com\/es\/politica-de-cookies\/#primaryimage","url":"https:\/\/tribeacai.com\/wp-content\/uploads\/2024\/10\/Tribe-Acai-The-Native-Food.webp","contentUrl":"https:\/\/tribeacai.com\/wp-content\/uploads\/2024\/10\/Tribe-Acai-The-Native-Food.webp","width":1837,"height":1200},{"@type":"BreadcrumbList","@id":"https:\/\/tribeacai.com\/es\/politica-de-cookies\/#breadcrumb","itemListElement":[{"@type":"ListItem","position":1,"name":"In\u00edcio","item":"https:\/\/tribeacai.com\/es\/"},{"@type":"ListItem","position":2,"name":"Pol\u00edtica de cookies"}]},{"@type":"WebSite","@id":"https:\/\/tribeacai.com\/es\/#website","url":"https:\/\/tribeacai.com\/es\/","name":"Tribe A\u00e7a\u00ed","description":"The Native Food","publisher":{"@id":"https:\/\/tribeacai.com\/es\/#organization"},"alternateName":"Tribe","potentialAction":[{"@type":"SearchAction","target":{"@type":"EntryPoint","urlTemplate":"https:\/\/tribeacai.com\/es\/?s={search_term_string}"},"query-input":{"@type":"PropertyValueSpecification","valueRequired":true,"valueName":"search_term_string"}}],"inLanguage":"es"},{"@type":"Organization","@id":"https:\/\/tribeacai.com\/es\/#organization","name":"Tribe A\u00e7a\u00ed","url":"https:\/\/tribeacai.com\/es\/","logo":{"@type":"ImageObject","inLanguage":"es","@id":"https:\/\/tribeacai.com\/es\/#\/schema\/logo\/image\/","url":"https:\/\/tribeacai.com\/wp-content\/uploads\/2024\/02\/acai-logo-site-1.png","contentUrl":"https:\/\/tribeacai.com\/wp-content\/uploads\/2024\/02\/acai-logo-site-1.png","width":600,"height":600,"caption":"Tribe A\u00e7a\u00ed"},"image":{"@id":"https:\/\/tribeacai.com\/es\/#\/schema\/logo\/image\/"},"sameAs":["https:\/\/www.facebook.com\/Tribeacaii\/","https:\/\/www.instagram.com\/tribe_acai\/","https:\/\/www.linkedin.com\/company\/tribe-acai\/"]}]}},"jetpack_sharing_enabled":true,"_links":{"self":[{"href":"https:\/\/tribeacai.com\/es\/wp-json\/wp\/v2\/pages\/23690","targetHints":{"allow":["GET"]}}],"collection":[{"href":"https:\/\/tribeacai.com\/es\/wp-json\/wp\/v2\/pages"}],"about":[{"href":"https:\/\/tribeacai.com\/es\/wp-json\/wp\/v2\/types\/page"}],"author":[{"embeddable":true,"href":"https:\/\/tribeacai.com\/es\/wp-json\/wp\/v2\/users\/1"}],"replies":[{"embeddable":true,"href":"https:\/\/tribeacai.com\/es\/wp-json\/wp\/v2\/comments?post=23690"}],"version-history":[{"count":2,"href":"https:\/\/tribeacai.com\/es\/wp-json\/wp\/v2\/pages\/23690\/revisions"}],"predecessor-version":[{"id":23696,"href":"https:\/\/tribeacai.com\/es\/wp-json\/wp\/v2\/pages\/23690\/revisions\/23696"}],"wp:featuredmedia":[{"embeddable":true,"href":"https:\/\/tribeacai.com\/es\/wp-json\/wp\/v2\/media\/22456"}],"wp:attachment":[{"href":"https:\/\/tribeacai.com\/es\/wp-json\/wp\/v2\/media?parent=23690"}],"curies":[{"name":"wp","href":"https:\/\/api.w.org\/{rel}","templated":true}]}}