{"id":25757,"date":"2025-06-18T16:36:06","date_gmt":"2025-06-18T16:36:06","guid":{"rendered":"https:\/\/tribeacai.com\/?page_id=25757"},"modified":"2025-06-23T14:12:23","modified_gmt":"2025-06-23T14:12:23","slug":"food-quality-and-safety-policy","status":"publish","type":"page","link":"https:\/\/tribeacai.com\/en\/food-quality-and-safety-policy\/","title":{"rendered":"Food Quality and Safety Policy"},"content":{"rendered":"\t\t<div data-elementor-type=\"wp-page\" data-elementor-id=\"25757\" class=\"elementor elementor-25757 elementor-25756\">\n\t\t\t\t<div class=\"wd-negative-gap elementor-element elementor-element-3b441045 e-flex e-con-boxed e-con e-parent\" data-id=\"3b441045\" data-element_type=\"container\">\n\t\t\t\t\t<div class=\"e-con-inner\">\n\t\t\t\t<div class=\"elementor-element elementor-element-6b3f5615 color-scheme-inherit text-left elementor-widget elementor-widget-text-editor\" data-id=\"6b3f5615\" data-element_type=\"widget\" data-widget_type=\"text-editor.default\">\n\t\t\t\t<div class=\"elementor-widget-container\">\n\t\t\t\t\t\t\t\t\t<h2>Food Quality and Safety Policy<\/h2><p>GlobalTribe&#8217;s food quality and safety policy is based on the following fundamental principles:<\/p><ul><li><p class=\"p1\">Ensure the most rigorous hygiene, quality and safety standards and compliance with legal requirements applicable to the activity and products, through appropriate working conditions and fostering the spirit of responsibility, collaboration and involvement of all employees;<\/p><\/li><li><p class=\"p1\">Ensure that the implemented Food Safety System is permanently updated and functions effectively;<\/p><\/li><li><p class=\"p1\">Promote a culture of food safety at all levels of the organization, through continuous training and awareness that allows improving employee performance in all functions and activities related to food safety and creating an internal environment that involves employees in achieving the objectives of the organization enterprise;<\/p><\/li><li><p class=\"p1\">Put our know-how at the customer&#8217;s service, efficient logistics and prompt deliveries;<\/p><\/li><li><p class=\"p1\">Build relationships with our customers leading to their loyalty;<\/p><\/li><li><p class=\"p1\">Interpret market expectations and develop appropriate solutions;<\/p><\/li><li><p class=\"p1\">Contribute ethically to sustainable development, respecting the environment in which it is integrated, the environment from which the raw materials come, as well as its local populations and building solid, trusting, mutual learning and lasting relationships with its suppliers and partners;<\/p><\/li><li><p class=\"p1\">Ensure, through privileged proximity to suppliers, the authenticity and quality of raw materials;<\/p><\/li><li><p class=\"p1\">Contribute to the creation of a concept of healthy and diversified food.<\/p><\/li><\/ul><p>GlobalTribe also promotes Corporate Social Responsibility, for labor practices such as human rights, labor and training, diversity, gender equality, health and well-being of workers; for the efficient use of resources and prevention of pollution; for involvement and contribution to community development; for the inclusion of people in situations of inequality and for the interests and benefits of consumers.<\/p><p>ME &#8211; Policy<br \/>Ed 2<br \/>Date: 15\/07\/2024<\/p>\t\t\t\t\t\t\t\t<\/div>\n\t\t\t\t<\/div>\n\t\t\t\t\t<\/div>\n\t\t\t\t<\/div>\n\t\t\t\t<\/div>\n\t\t","protected":false},"excerpt":{"rendered":"<p>Food Quality and Safety Policy GlobalTribe&#8217;s food quality and safety policy is based on the following fundamental principles: Ensure the<\/p>\n","protected":false},"author":1,"featured_media":22164,"parent":0,"menu_order":0,"comment_status":"closed","ping_status":"closed","template":"","meta":{"footnotes":""},"class_list":["post-25757","page","type-page","status-publish","has-post-thumbnail","hentry"],"yoast_head":"<!-- This site is optimized with the Yoast SEO plugin v27.4 - https:\/\/yoast.com\/product\/yoast-seo-wordpress\/ -->\n<title>Food Quality and Safety Policy - Tribe A\u00e7a\u00ed<\/title>\n<meta name=\"description\" content=\"Bem vindo\/a ao site da Tribe A\u00e7a\u00ed - nesta p\u00e1gina saiba mais sobre Food Quality and Safety Policy. Tribe A\u00e7a\u00ed\" \/>\n<meta name=\"robots\" content=\"index, follow, max-snippet:-1, max-image-preview:large, max-video-preview:-1\" \/>\n<link rel=\"canonical\" href=\"https:\/\/tribeacai.com\/en\/food-quality-and-safety-policy\/\" \/>\n<meta property=\"og:locale\" content=\"en_US\" \/>\n<meta property=\"og:type\" content=\"article\" \/>\n<meta property=\"og:title\" content=\"Food Quality and Safety Policy - Tribe A\u00e7a\u00ed\" \/>\n<meta property=\"og:description\" content=\"Bem vindo\/a ao site da Tribe A\u00e7a\u00ed - nesta p\u00e1gina saiba mais sobre Food Quality and Safety Policy. Tribe A\u00e7a\u00ed\" \/>\n<meta property=\"og:url\" content=\"https:\/\/tribeacai.com\/en\/food-quality-and-safety-policy\/\" \/>\n<meta property=\"og:site_name\" content=\"Tribe A\u00e7a\u00ed\" \/>\n<meta property=\"article:publisher\" content=\"https:\/\/www.facebook.com\/Tribeacaii\/\" \/>\n<meta property=\"article:modified_time\" content=\"2025-06-23T14:12:23+00:00\" \/>\n<meta property=\"og:image\" content=\"https:\/\/tribeacai.com\/wp-content\/uploads\/2024\/10\/Tribe-Acai-The-Native-Food.webp\" \/>\n\t<meta property=\"og:image:width\" content=\"1837\" \/>\n\t<meta property=\"og:image:height\" content=\"1200\" \/>\n\t<meta property=\"og:image:type\" content=\"image\/webp\" \/>\n<meta name=\"twitter:card\" content=\"summary_large_image\" \/>\n<meta name=\"twitter:label1\" content=\"Est. reading time\" \/>\n\t<meta name=\"twitter:data1\" content=\"2 minutes\" \/>\n<script type=\"application\/ld+json\" class=\"yoast-schema-graph\">{\"@context\":\"https:\\\/\\\/schema.org\",\"@graph\":[{\"@type\":\"WebPage\",\"@id\":\"https:\\\/\\\/tribeacai.com\\\/en\\\/food-quality-and-safety-policy\\\/\",\"url\":\"https:\\\/\\\/tribeacai.com\\\/en\\\/food-quality-and-safety-policy\\\/\",\"name\":\"Food Quality and Safety Policy - Tribe A\u00e7a\u00ed\",\"isPartOf\":{\"@id\":\"https:\\\/\\\/tribeacai.com\\\/en\\\/#website\"},\"primaryImageOfPage\":{\"@id\":\"https:\\\/\\\/tribeacai.com\\\/en\\\/food-quality-and-safety-policy\\\/#primaryimage\"},\"image\":{\"@id\":\"https:\\\/\\\/tribeacai.com\\\/en\\\/food-quality-and-safety-policy\\\/#primaryimage\"},\"thumbnailUrl\":\"https:\\\/\\\/tribeacai.com\\\/wp-content\\\/uploads\\\/2024\\\/10\\\/Tribe-Acai-The-Native-Food.webp\",\"datePublished\":\"2025-06-18T16:36:06+00:00\",\"dateModified\":\"2025-06-23T14:12:23+00:00\",\"description\":\"Bem vindo\\\/a ao site da Tribe A\u00e7a\u00ed - nesta p\u00e1gina saiba mais sobre Food Quality and Safety Policy. Tribe A\u00e7a\u00ed\",\"breadcrumb\":{\"@id\":\"https:\\\/\\\/tribeacai.com\\\/en\\\/food-quality-and-safety-policy\\\/#breadcrumb\"},\"inLanguage\":\"en-US\",\"potentialAction\":[{\"@type\":\"ReadAction\",\"target\":[\"https:\\\/\\\/tribeacai.com\\\/en\\\/food-quality-and-safety-policy\\\/\"]}]},{\"@type\":\"ImageObject\",\"inLanguage\":\"en-US\",\"@id\":\"https:\\\/\\\/tribeacai.com\\\/en\\\/food-quality-and-safety-policy\\\/#primaryimage\",\"url\":\"https:\\\/\\\/tribeacai.com\\\/wp-content\\\/uploads\\\/2024\\\/10\\\/Tribe-Acai-The-Native-Food.webp\",\"contentUrl\":\"https:\\\/\\\/tribeacai.com\\\/wp-content\\\/uploads\\\/2024\\\/10\\\/Tribe-Acai-The-Native-Food.webp\",\"width\":1837,\"height\":1200},{\"@type\":\"BreadcrumbList\",\"@id\":\"https:\\\/\\\/tribeacai.com\\\/en\\\/food-quality-and-safety-policy\\\/#breadcrumb\",\"itemListElement\":[{\"@type\":\"ListItem\",\"position\":1,\"name\":\"In\u00edcio\",\"item\":\"https:\\\/\\\/tribeacai.com\\\/en\\\/\"},{\"@type\":\"ListItem\",\"position\":2,\"name\":\"Food Quality and Safety Policy\"}]},{\"@type\":\"WebSite\",\"@id\":\"https:\\\/\\\/tribeacai.com\\\/en\\\/#website\",\"url\":\"https:\\\/\\\/tribeacai.com\\\/en\\\/\",\"name\":\"Tribe A\u00e7a\u00ed\",\"description\":\"The Native Food\",\"publisher\":{\"@id\":\"https:\\\/\\\/tribeacai.com\\\/en\\\/#organization\"},\"alternateName\":\"Tribe\",\"potentialAction\":[{\"@type\":\"SearchAction\",\"target\":{\"@type\":\"EntryPoint\",\"urlTemplate\":\"https:\\\/\\\/tribeacai.com\\\/en\\\/?s={search_term_string}\"},\"query-input\":{\"@type\":\"PropertyValueSpecification\",\"valueRequired\":true,\"valueName\":\"search_term_string\"}}],\"inLanguage\":\"en-US\"},{\"@type\":\"Organization\",\"@id\":\"https:\\\/\\\/tribeacai.com\\\/en\\\/#organization\",\"name\":\"Tribe A\u00e7a\u00ed\",\"url\":\"https:\\\/\\\/tribeacai.com\\\/en\\\/\",\"logo\":{\"@type\":\"ImageObject\",\"inLanguage\":\"en-US\",\"@id\":\"https:\\\/\\\/tribeacai.com\\\/en\\\/#\\\/schema\\\/logo\\\/image\\\/\",\"url\":\"https:\\\/\\\/tribeacai.com\\\/wp-content\\\/uploads\\\/2024\\\/02\\\/acai-logo-site-1.png\",\"contentUrl\":\"https:\\\/\\\/tribeacai.com\\\/wp-content\\\/uploads\\\/2024\\\/02\\\/acai-logo-site-1.png\",\"width\":600,\"height\":600,\"caption\":\"Tribe A\u00e7a\u00ed\"},\"image\":{\"@id\":\"https:\\\/\\\/tribeacai.com\\\/en\\\/#\\\/schema\\\/logo\\\/image\\\/\"},\"sameAs\":[\"https:\\\/\\\/www.facebook.com\\\/Tribeacaii\\\/\",\"https:\\\/\\\/www.instagram.com\\\/tribe_acai\\\/\",\"https:\\\/\\\/www.linkedin.com\\\/company\\\/tribe-acai\\\/\"]}]}<\/script>\n<!-- \/ Yoast SEO plugin. -->","yoast_head_json":{"title":"Food Quality and Safety Policy - Tribe A\u00e7a\u00ed","description":"Bem vindo\/a ao site da Tribe A\u00e7a\u00ed - nesta p\u00e1gina saiba mais sobre Food Quality and Safety Policy. Tribe A\u00e7a\u00ed","robots":{"index":"index","follow":"follow","max-snippet":"max-snippet:-1","max-image-preview":"max-image-preview:large","max-video-preview":"max-video-preview:-1"},"canonical":"https:\/\/tribeacai.com\/en\/food-quality-and-safety-policy\/","og_locale":"en_US","og_type":"article","og_title":"Food Quality and Safety Policy - Tribe A\u00e7a\u00ed","og_description":"Bem vindo\/a ao site da Tribe A\u00e7a\u00ed - nesta p\u00e1gina saiba mais sobre Food Quality and Safety Policy. Tribe A\u00e7a\u00ed","og_url":"https:\/\/tribeacai.com\/en\/food-quality-and-safety-policy\/","og_site_name":"Tribe A\u00e7a\u00ed","article_publisher":"https:\/\/www.facebook.com\/Tribeacaii\/","article_modified_time":"2025-06-23T14:12:23+00:00","og_image":[{"width":1837,"height":1200,"url":"https:\/\/tribeacai.com\/wp-content\/uploads\/2024\/10\/Tribe-Acai-The-Native-Food.webp","type":"image\/webp"}],"twitter_card":"summary_large_image","twitter_misc":{"Est. reading time":"2 minutes"},"schema":{"@context":"https:\/\/schema.org","@graph":[{"@type":"WebPage","@id":"https:\/\/tribeacai.com\/en\/food-quality-and-safety-policy\/","url":"https:\/\/tribeacai.com\/en\/food-quality-and-safety-policy\/","name":"Food Quality and Safety Policy - Tribe A\u00e7a\u00ed","isPartOf":{"@id":"https:\/\/tribeacai.com\/en\/#website"},"primaryImageOfPage":{"@id":"https:\/\/tribeacai.com\/en\/food-quality-and-safety-policy\/#primaryimage"},"image":{"@id":"https:\/\/tribeacai.com\/en\/food-quality-and-safety-policy\/#primaryimage"},"thumbnailUrl":"https:\/\/tribeacai.com\/wp-content\/uploads\/2024\/10\/Tribe-Acai-The-Native-Food.webp","datePublished":"2025-06-18T16:36:06+00:00","dateModified":"2025-06-23T14:12:23+00:00","description":"Bem vindo\/a ao site da Tribe A\u00e7a\u00ed - nesta p\u00e1gina saiba mais sobre Food Quality and Safety Policy. Tribe A\u00e7a\u00ed","breadcrumb":{"@id":"https:\/\/tribeacai.com\/en\/food-quality-and-safety-policy\/#breadcrumb"},"inLanguage":"en-US","potentialAction":[{"@type":"ReadAction","target":["https:\/\/tribeacai.com\/en\/food-quality-and-safety-policy\/"]}]},{"@type":"ImageObject","inLanguage":"en-US","@id":"https:\/\/tribeacai.com\/en\/food-quality-and-safety-policy\/#primaryimage","url":"https:\/\/tribeacai.com\/wp-content\/uploads\/2024\/10\/Tribe-Acai-The-Native-Food.webp","contentUrl":"https:\/\/tribeacai.com\/wp-content\/uploads\/2024\/10\/Tribe-Acai-The-Native-Food.webp","width":1837,"height":1200},{"@type":"BreadcrumbList","@id":"https:\/\/tribeacai.com\/en\/food-quality-and-safety-policy\/#breadcrumb","itemListElement":[{"@type":"ListItem","position":1,"name":"In\u00edcio","item":"https:\/\/tribeacai.com\/en\/"},{"@type":"ListItem","position":2,"name":"Food Quality and Safety Policy"}]},{"@type":"WebSite","@id":"https:\/\/tribeacai.com\/en\/#website","url":"https:\/\/tribeacai.com\/en\/","name":"Tribe A\u00e7a\u00ed","description":"The Native Food","publisher":{"@id":"https:\/\/tribeacai.com\/en\/#organization"},"alternateName":"Tribe","potentialAction":[{"@type":"SearchAction","target":{"@type":"EntryPoint","urlTemplate":"https:\/\/tribeacai.com\/en\/?s={search_term_string}"},"query-input":{"@type":"PropertyValueSpecification","valueRequired":true,"valueName":"search_term_string"}}],"inLanguage":"en-US"},{"@type":"Organization","@id":"https:\/\/tribeacai.com\/en\/#organization","name":"Tribe A\u00e7a\u00ed","url":"https:\/\/tribeacai.com\/en\/","logo":{"@type":"ImageObject","inLanguage":"en-US","@id":"https:\/\/tribeacai.com\/en\/#\/schema\/logo\/image\/","url":"https:\/\/tribeacai.com\/wp-content\/uploads\/2024\/02\/acai-logo-site-1.png","contentUrl":"https:\/\/tribeacai.com\/wp-content\/uploads\/2024\/02\/acai-logo-site-1.png","width":600,"height":600,"caption":"Tribe A\u00e7a\u00ed"},"image":{"@id":"https:\/\/tribeacai.com\/en\/#\/schema\/logo\/image\/"},"sameAs":["https:\/\/www.facebook.com\/Tribeacaii\/","https:\/\/www.instagram.com\/tribe_acai\/","https:\/\/www.linkedin.com\/company\/tribe-acai\/"]}]}},"jetpack_sharing_enabled":true,"_links":{"self":[{"href":"https:\/\/tribeacai.com\/en\/wp-json\/wp\/v2\/pages\/25757","targetHints":{"allow":["GET"]}}],"collection":[{"href":"https:\/\/tribeacai.com\/en\/wp-json\/wp\/v2\/pages"}],"about":[{"href":"https:\/\/tribeacai.com\/en\/wp-json\/wp\/v2\/types\/page"}],"author":[{"embeddable":true,"href":"https:\/\/tribeacai.com\/en\/wp-json\/wp\/v2\/users\/1"}],"replies":[{"embeddable":true,"href":"https:\/\/tribeacai.com\/en\/wp-json\/wp\/v2\/comments?post=25757"}],"version-history":[{"count":7,"href":"https:\/\/tribeacai.com\/en\/wp-json\/wp\/v2\/pages\/25757\/revisions"}],"predecessor-version":[{"id":25784,"href":"https:\/\/tribeacai.com\/en\/wp-json\/wp\/v2\/pages\/25757\/revisions\/25784"}],"wp:featuredmedia":[{"embeddable":true,"href":"https:\/\/tribeacai.com\/en\/wp-json\/wp\/v2\/media\/22164"}],"wp:attachment":[{"href":"https:\/\/tribeacai.com\/en\/wp-json\/wp\/v2\/media?parent=25757"}],"curies":[{"name":"wp","href":"https:\/\/api.w.org\/{rel}","templated":true}]}}