{"id":22491,"date":"2024-03-14T16:50:38","date_gmt":"2024-03-14T16:50:38","guid":{"rendered":"https:\/\/tribeacai.com\/terms-and-conditions\/"},"modified":"2024-10-21T16:26:20","modified_gmt":"2024-10-21T16:26:20","slug":"terms-and-conditions","status":"publish","type":"page","link":"https:\/\/tribeacai.com\/en\/terms-and-conditions\/","title":{"rendered":"Terms and conditions"},"content":{"rendered":"\t\t<div data-elementor-type=\"wp-page\" data-elementor-id=\"22491\" class=\"elementor elementor-22491 elementor-18776\">\n\t\t\t\t<div class=\"wd-negative-gap elementor-element elementor-element-45ce0a2c e-flex e-con-boxed e-con e-parent\" data-id=\"45ce0a2c\" data-element_type=\"container\">\n\t\t\t\t\t<div class=\"e-con-inner\">\n\t\t\t\t<div class=\"elementor-element elementor-element-5a891dd color-scheme-inherit text-left elementor-widget elementor-widget-text-editor\" data-id=\"5a891dd\" data-element_type=\"widget\" data-widget_type=\"text-editor.default\">\n\t\t\t\t<div class=\"elementor-widget-container\">\n\t\t\t\t\t\t\t\t\t<h2><strong>Terms and conditions<\/strong><\/h2>\n<p>These Terms and Conditions govern access to and use of the website <a href=\"https:\/\/tribeacai.com\/en\/\" target=\"_new\" rel=\"noopener\">https:\/\/tribeacai.com<\/a> of <strong>Globaltribe, Lda<\/strong> (&#8220;Tribe A\u00e7a\u00ed&#8221;). By using this website, you agree to comply with these Terms and Conditions. <\/p>\n<h3><strong>1. Intellectual Property<\/strong><\/h3>\n<p>All content on this website, including text, graphics, logos, images, videos and software, is the property of Tribe A\u00e7a\u00ed or its third-party licensors and is protected by copyright laws.<\/p>\n<h3><strong>2. Permitted Use<\/strong><\/h3>\n<p>Browsing the site for personal and non-commercial purposes is permitted. The user may not modify, copy, distribute, transmit, display, perform, reproduce, publish, license, create derivative works from, or sell any information, software, products or services obtained through this website without the prior written consent of Tribe A\u00e7a\u00ed. <\/p>\n<h3><strong>3. Products and services<\/strong><\/h3>\n<p>Tribe A\u00e7a\u00ed provides information on a\u00e7a\u00ed products, ice cream and B2B solutions on its website. The company reserves the right to change or discontinue any product or service without prior notice. <\/p>\n<h3><strong>4. Future Online Shopping<\/strong><\/h3>\n<p>By making a purchase through our future online store, the user agrees to provide accurate and complete information necessary to process orders. Deliveries and payment methods will be described in detail at the time of each purchase. <\/p>\n<h3><strong>5. Responsibility<\/strong><\/h3>\n<p>Tribe A\u00e7a\u00ed shall not be liable for any direct or indirect damages resulting from the use or inability to use the website. Although we strive to ensure the accuracy of the information, we do not guarantee that the content of the site is free of errors or outdated. <\/p>\n<h3><strong>6. Links to External Sites<\/strong><\/h3>\n<p>Our website may contain links to third-party sites. Tribe A\u00e7a\u00ed is not responsible for the content, privacy policies or practices of these sites. <\/p>\n<h3><strong>7. Changes to the Terms and Conditions<\/strong><\/h3>\n<p>Tribe A\u00e7a\u00ed reserves the right to modify these Terms and Conditions at any time. Changes will be published on our website and will take effect immediately. <\/p>\n\t\t\t\t\t\t\t\t<\/div>\n\t\t\t\t<\/div>\n\t\t\t\t\t<\/div>\n\t\t\t\t<\/div>\n\t\t\t\t<\/div>\n\t\t","protected":false},"excerpt":{"rendered":"<p>Terms and conditions These Terms and Conditions govern access to and use of the website https:\/\/tribeacai.com of Globaltribe, Lda (&#8220;Tribe<\/p>\n","protected":false},"author":1,"featured_media":22164,"parent":0,"menu_order":0,"comment_status":"closed","ping_status":"closed","template":"","meta":{"footnotes":""},"class_list":["post-22491","page","type-page","status-publish","has-post-thumbnail","hentry"],"yoast_head":"<!-- This site is optimized with the Yoast SEO plugin v27.4 - https:\/\/yoast.com\/product\/yoast-seo-wordpress\/ -->\n<title>Terms and conditions - Tribe A\u00e7a\u00ed<\/title>\n<meta name=\"description\" content=\"Bem vindo\/a ao site da Tribe A\u00e7a\u00ed - nesta p\u00e1gina saiba mais sobre Terms and conditions. Tribe A\u00e7a\u00ed\" \/>\n<meta name=\"robots\" content=\"index, follow, max-snippet:-1, max-image-preview:large, max-video-preview:-1\" \/>\n<link rel=\"canonical\" href=\"https:\/\/tribeacai.com\/en\/terms-and-conditions\/\" \/>\n<meta property=\"og:locale\" content=\"en_US\" \/>\n<meta property=\"og:type\" content=\"article\" \/>\n<meta property=\"og:title\" content=\"Terms and conditions - Tribe A\u00e7a\u00ed\" \/>\n<meta property=\"og:description\" content=\"Bem vindo\/a ao site da Tribe A\u00e7a\u00ed - nesta p\u00e1gina saiba mais sobre Terms and conditions. Tribe A\u00e7a\u00ed\" \/>\n<meta property=\"og:url\" content=\"https:\/\/tribeacai.com\/en\/terms-and-conditions\/\" \/>\n<meta property=\"og:site_name\" content=\"Tribe A\u00e7a\u00ed\" \/>\n<meta property=\"article:publisher\" content=\"https:\/\/www.facebook.com\/Tribeacaii\/\" \/>\n<meta property=\"article:modified_time\" content=\"2024-10-21T16:26:20+00:00\" \/>\n<meta property=\"og:image\" content=\"https:\/\/tribeacai.com\/wp-content\/uploads\/2024\/10\/Tribe-Acai-The-Native-Food.webp\" \/>\n\t<meta property=\"og:image:width\" content=\"1837\" \/>\n\t<meta property=\"og:image:height\" content=\"1200\" \/>\n\t<meta property=\"og:image:type\" content=\"image\/webp\" \/>\n<meta name=\"twitter:card\" content=\"summary_large_image\" \/>\n<meta name=\"twitter:label1\" content=\"Est. reading time\" \/>\n\t<meta name=\"twitter:data1\" content=\"2 minutes\" \/>\n<script type=\"application\/ld+json\" class=\"yoast-schema-graph\">{\"@context\":\"https:\\\/\\\/schema.org\",\"@graph\":[{\"@type\":\"WebPage\",\"@id\":\"https:\\\/\\\/tribeacai.com\\\/en\\\/terms-and-conditions\\\/\",\"url\":\"https:\\\/\\\/tribeacai.com\\\/en\\\/terms-and-conditions\\\/\",\"name\":\"Terms and conditions - Tribe A\u00e7a\u00ed\",\"isPartOf\":{\"@id\":\"https:\\\/\\\/tribeacai.com\\\/en\\\/#website\"},\"primaryImageOfPage\":{\"@id\":\"https:\\\/\\\/tribeacai.com\\\/en\\\/terms-and-conditions\\\/#primaryimage\"},\"image\":{\"@id\":\"https:\\\/\\\/tribeacai.com\\\/en\\\/terms-and-conditions\\\/#primaryimage\"},\"thumbnailUrl\":\"https:\\\/\\\/tribeacai.com\\\/wp-content\\\/uploads\\\/2024\\\/10\\\/Tribe-Acai-The-Native-Food.webp\",\"datePublished\":\"2024-03-14T16:50:38+00:00\",\"dateModified\":\"2024-10-21T16:26:20+00:00\",\"description\":\"Bem vindo\\\/a ao site da Tribe A\u00e7a\u00ed - nesta p\u00e1gina saiba mais sobre Terms and conditions. Tribe A\u00e7a\u00ed\",\"breadcrumb\":{\"@id\":\"https:\\\/\\\/tribeacai.com\\\/en\\\/terms-and-conditions\\\/#breadcrumb\"},\"inLanguage\":\"en-US\",\"potentialAction\":[{\"@type\":\"ReadAction\",\"target\":[\"https:\\\/\\\/tribeacai.com\\\/en\\\/terms-and-conditions\\\/\"]}]},{\"@type\":\"ImageObject\",\"inLanguage\":\"en-US\",\"@id\":\"https:\\\/\\\/tribeacai.com\\\/en\\\/terms-and-conditions\\\/#primaryimage\",\"url\":\"https:\\\/\\\/tribeacai.com\\\/wp-content\\\/uploads\\\/2024\\\/10\\\/Tribe-Acai-The-Native-Food.webp\",\"contentUrl\":\"https:\\\/\\\/tribeacai.com\\\/wp-content\\\/uploads\\\/2024\\\/10\\\/Tribe-Acai-The-Native-Food.webp\",\"width\":1837,\"height\":1200},{\"@type\":\"BreadcrumbList\",\"@id\":\"https:\\\/\\\/tribeacai.com\\\/en\\\/terms-and-conditions\\\/#breadcrumb\",\"itemListElement\":[{\"@type\":\"ListItem\",\"position\":1,\"name\":\"In\u00edcio\",\"item\":\"https:\\\/\\\/tribeacai.com\\\/en\\\/\"},{\"@type\":\"ListItem\",\"position\":2,\"name\":\"Terms and conditions\"}]},{\"@type\":\"WebSite\",\"@id\":\"https:\\\/\\\/tribeacai.com\\\/en\\\/#website\",\"url\":\"https:\\\/\\\/tribeacai.com\\\/en\\\/\",\"name\":\"Tribe A\u00e7a\u00ed\",\"description\":\"The Native Food\",\"publisher\":{\"@id\":\"https:\\\/\\\/tribeacai.com\\\/en\\\/#organization\"},\"alternateName\":\"Tribe\",\"potentialAction\":[{\"@type\":\"SearchAction\",\"target\":{\"@type\":\"EntryPoint\",\"urlTemplate\":\"https:\\\/\\\/tribeacai.com\\\/en\\\/?s={search_term_string}\"},\"query-input\":{\"@type\":\"PropertyValueSpecification\",\"valueRequired\":true,\"valueName\":\"search_term_string\"}}],\"inLanguage\":\"en-US\"},{\"@type\":\"Organization\",\"@id\":\"https:\\\/\\\/tribeacai.com\\\/en\\\/#organization\",\"name\":\"Tribe A\u00e7a\u00ed\",\"url\":\"https:\\\/\\\/tribeacai.com\\\/en\\\/\",\"logo\":{\"@type\":\"ImageObject\",\"inLanguage\":\"en-US\",\"@id\":\"https:\\\/\\\/tribeacai.com\\\/en\\\/#\\\/schema\\\/logo\\\/image\\\/\",\"url\":\"https:\\\/\\\/tribeacai.com\\\/wp-content\\\/uploads\\\/2024\\\/02\\\/acai-logo-site-1.png\",\"contentUrl\":\"https:\\\/\\\/tribeacai.com\\\/wp-content\\\/uploads\\\/2024\\\/02\\\/acai-logo-site-1.png\",\"width\":600,\"height\":600,\"caption\":\"Tribe A\u00e7a\u00ed\"},\"image\":{\"@id\":\"https:\\\/\\\/tribeacai.com\\\/en\\\/#\\\/schema\\\/logo\\\/image\\\/\"},\"sameAs\":[\"https:\\\/\\\/www.facebook.com\\\/Tribeacaii\\\/\",\"https:\\\/\\\/www.instagram.com\\\/tribe_acai\\\/\",\"https:\\\/\\\/www.linkedin.com\\\/company\\\/tribe-acai\\\/\"]}]}<\/script>\n<!-- \/ Yoast SEO plugin. -->","yoast_head_json":{"title":"Terms and conditions - Tribe A\u00e7a\u00ed","description":"Bem vindo\/a ao site da Tribe A\u00e7a\u00ed - nesta p\u00e1gina saiba mais sobre Terms and conditions. Tribe A\u00e7a\u00ed","robots":{"index":"index","follow":"follow","max-snippet":"max-snippet:-1","max-image-preview":"max-image-preview:large","max-video-preview":"max-video-preview:-1"},"canonical":"https:\/\/tribeacai.com\/en\/terms-and-conditions\/","og_locale":"en_US","og_type":"article","og_title":"Terms and conditions - Tribe A\u00e7a\u00ed","og_description":"Bem vindo\/a ao site da Tribe A\u00e7a\u00ed - nesta p\u00e1gina saiba mais sobre Terms and conditions. Tribe A\u00e7a\u00ed","og_url":"https:\/\/tribeacai.com\/en\/terms-and-conditions\/","og_site_name":"Tribe A\u00e7a\u00ed","article_publisher":"https:\/\/www.facebook.com\/Tribeacaii\/","article_modified_time":"2024-10-21T16:26:20+00:00","og_image":[{"width":1837,"height":1200,"url":"https:\/\/tribeacai.com\/wp-content\/uploads\/2024\/10\/Tribe-Acai-The-Native-Food.webp","type":"image\/webp"}],"twitter_card":"summary_large_image","twitter_misc":{"Est. reading time":"2 minutes"},"schema":{"@context":"https:\/\/schema.org","@graph":[{"@type":"WebPage","@id":"https:\/\/tribeacai.com\/en\/terms-and-conditions\/","url":"https:\/\/tribeacai.com\/en\/terms-and-conditions\/","name":"Terms and conditions - Tribe A\u00e7a\u00ed","isPartOf":{"@id":"https:\/\/tribeacai.com\/en\/#website"},"primaryImageOfPage":{"@id":"https:\/\/tribeacai.com\/en\/terms-and-conditions\/#primaryimage"},"image":{"@id":"https:\/\/tribeacai.com\/en\/terms-and-conditions\/#primaryimage"},"thumbnailUrl":"https:\/\/tribeacai.com\/wp-content\/uploads\/2024\/10\/Tribe-Acai-The-Native-Food.webp","datePublished":"2024-03-14T16:50:38+00:00","dateModified":"2024-10-21T16:26:20+00:00","description":"Bem vindo\/a ao site da Tribe A\u00e7a\u00ed - nesta p\u00e1gina saiba mais sobre Terms and conditions. Tribe A\u00e7a\u00ed","breadcrumb":{"@id":"https:\/\/tribeacai.com\/en\/terms-and-conditions\/#breadcrumb"},"inLanguage":"en-US","potentialAction":[{"@type":"ReadAction","target":["https:\/\/tribeacai.com\/en\/terms-and-conditions\/"]}]},{"@type":"ImageObject","inLanguage":"en-US","@id":"https:\/\/tribeacai.com\/en\/terms-and-conditions\/#primaryimage","url":"https:\/\/tribeacai.com\/wp-content\/uploads\/2024\/10\/Tribe-Acai-The-Native-Food.webp","contentUrl":"https:\/\/tribeacai.com\/wp-content\/uploads\/2024\/10\/Tribe-Acai-The-Native-Food.webp","width":1837,"height":1200},{"@type":"BreadcrumbList","@id":"https:\/\/tribeacai.com\/en\/terms-and-conditions\/#breadcrumb","itemListElement":[{"@type":"ListItem","position":1,"name":"In\u00edcio","item":"https:\/\/tribeacai.com\/en\/"},{"@type":"ListItem","position":2,"name":"Terms and conditions"}]},{"@type":"WebSite","@id":"https:\/\/tribeacai.com\/en\/#website","url":"https:\/\/tribeacai.com\/en\/","name":"Tribe A\u00e7a\u00ed","description":"The Native Food","publisher":{"@id":"https:\/\/tribeacai.com\/en\/#organization"},"alternateName":"Tribe","potentialAction":[{"@type":"SearchAction","target":{"@type":"EntryPoint","urlTemplate":"https:\/\/tribeacai.com\/en\/?s={search_term_string}"},"query-input":{"@type":"PropertyValueSpecification","valueRequired":true,"valueName":"search_term_string"}}],"inLanguage":"en-US"},{"@type":"Organization","@id":"https:\/\/tribeacai.com\/en\/#organization","name":"Tribe A\u00e7a\u00ed","url":"https:\/\/tribeacai.com\/en\/","logo":{"@type":"ImageObject","inLanguage":"en-US","@id":"https:\/\/tribeacai.com\/en\/#\/schema\/logo\/image\/","url":"https:\/\/tribeacai.com\/wp-content\/uploads\/2024\/02\/acai-logo-site-1.png","contentUrl":"https:\/\/tribeacai.com\/wp-content\/uploads\/2024\/02\/acai-logo-site-1.png","width":600,"height":600,"caption":"Tribe A\u00e7a\u00ed"},"image":{"@id":"https:\/\/tribeacai.com\/en\/#\/schema\/logo\/image\/"},"sameAs":["https:\/\/www.facebook.com\/Tribeacaii\/","https:\/\/www.instagram.com\/tribe_acai\/","https:\/\/www.linkedin.com\/company\/tribe-acai\/"]}]}},"jetpack_sharing_enabled":true,"_links":{"self":[{"href":"https:\/\/tribeacai.com\/en\/wp-json\/wp\/v2\/pages\/22491","targetHints":{"allow":["GET"]}}],"collection":[{"href":"https:\/\/tribeacai.com\/en\/wp-json\/wp\/v2\/pages"}],"about":[{"href":"https:\/\/tribeacai.com\/en\/wp-json\/wp\/v2\/types\/page"}],"author":[{"embeddable":true,"href":"https:\/\/tribeacai.com\/en\/wp-json\/wp\/v2\/users\/1"}],"replies":[{"embeddable":true,"href":"https:\/\/tribeacai.com\/en\/wp-json\/wp\/v2\/comments?post=22491"}],"version-history":[{"count":2,"href":"https:\/\/tribeacai.com\/en\/wp-json\/wp\/v2\/pages\/22491\/revisions"}],"predecessor-version":[{"id":22655,"href":"https:\/\/tribeacai.com\/en\/wp-json\/wp\/v2\/pages\/22491\/revisions\/22655"}],"wp:featuredmedia":[{"embeddable":true,"href":"https:\/\/tribeacai.com\/en\/wp-json\/wp\/v2\/media\/22164"}],"wp:attachment":[{"href":"https:\/\/tribeacai.com\/en\/wp-json\/wp\/v2\/media?parent=22491"}],"curies":[{"name":"wp","href":"https:\/\/api.w.org\/{rel}","templated":true}]}}