{"id":22485,"date":"2024-01-31T18:39:58","date_gmt":"2024-01-31T18:39:58","guid":{"rendered":"https:\/\/tribeacai.com\/privacy-policy\/"},"modified":"2024-10-21T16:26:40","modified_gmt":"2024-10-21T16:26:40","slug":"privacy-policy","status":"publish","type":"page","link":"https:\/\/tribeacai.com\/en\/privacy-policy\/","title":{"rendered":"Privacy Policy"},"content":{"rendered":"\t\t<div data-elementor-type=\"wp-page\" data-elementor-id=\"22485\" class=\"elementor elementor-22485 elementor-3\">\n\t\t\t\t<div class=\"wd-negative-gap elementor-element elementor-element-3b441045 e-flex e-con-boxed e-con e-parent\" data-id=\"3b441045\" data-element_type=\"container\">\n\t\t\t\t\t<div class=\"e-con-inner\">\n\t\t\t\t<div class=\"elementor-element elementor-element-6b3f5615 color-scheme-inherit text-left elementor-widget elementor-widget-text-editor\" data-id=\"6b3f5615\" data-element_type=\"widget\" data-widget_type=\"text-editor.default\">\n\t\t\t\t<div class=\"elementor-widget-container\">\n\t\t\t\t\t\t\t\t\t\n<div class=\"flex-shrink-0 flex flex-col relative items-end\">\n<div>\n<div class=\"pt-0\">\n<div class=\"gizmo-bot-avatar flex h-8 w-8 items-center justify-center overflow-hidden rounded-full\">\n<div class=\"relative p-1 rounded-sm flex items-center justify-center bg-token-main-surface-primary text-token-text-primary h-8 w-8\"> <\/div>\n<\/div>\n<\/div>\n<\/div>\n<\/div>\n<div class=\"group\/conversation-turn relative flex w-full min-w-0 flex-col agent-turn\">\n<div class=\"flex-col gap-1 md:gap-3\">\n<div class=\"flex max-w-full flex-col flex-grow\">\n<div class=\"min-h-8 text-message flex w-full flex-col items-end gap-2 whitespace-normal break-words [.text-message+&amp;]:mt-5\" dir=\"auto\" data-message-author-role=\"assistant\" data-message-id=\"11098110-c8cd-4995-a221-c1664765b906\" data-message-model-slug=\"gpt-4o\">\n<div class=\"flex w-full flex-col gap-1 empty:hidden first:pt-[3px]\">\n<div class=\"markdown prose w-full break-words dark:prose-invert light\">\n<h3><strong>Globaltribe, Lda (Tribe A\u00e7a\u00ed) Privacy Policy<\/strong><\/h3>\n<p><strong>Globaltribe, Lda<\/strong> (&#8220;Tribe A\u00e7a\u00ed&#8221;, &#8220;we&#8221;, &#8220;us&#8221; or &#8220;our&#8221;) is committed to protecting the privacy of its users and customers. This Privacy Policy describes how we collect, use and protect the personal data provided by users on our website <a href=\"https:\/\/tribeacai.com\/en\/\" target=\"_new\" rel=\"noopener\">https:\/\/tribeacai.com,<\/a> in accordance with applicable law, including the General Data Protection Regulation (GDPR). <\/p>\n<hr>\n<h3><strong>1. Scope of the Privacy Policy<\/strong><\/h3>\n<p><strong>Tribe A\u00e7a\u00ed<\/strong> is committed to maintaining the confidentiality of all personal information provided by the user. This policy applies to personal data collected through the website, via forms, contacts or any interaction with the website. <\/p>\n<h3><strong>2. Data collected<\/strong><\/h3>\n<p>We collect the following personal data through the forms on our website:<\/p>\n<ul>\n<li><strong>General contact form:<\/strong> Name, surname, email, cell phone, subject and message.<\/li>\n<li><strong>B2B contact form:<\/strong> Name, surname, email, cell phone, company and message.<\/li>\n<li><strong>Recruitment form:<\/strong> Full name, date of birth, email, cell phone, place of residence, nationality, vacancy applied for, comments and CV.<\/li>\n<li><strong>Catalog request form:<\/strong> Name, email, cell phone.<\/li>\n<li><strong>Newsletter subscription form:<\/strong> Email.<\/li>\n<\/ul>\n<h3><strong>3. Purpose of the Collection and Processing of Personal Data<\/strong><\/h3>\n<p>The data collected is processed for the following purposes:<\/p>\n<ul>\n<li><strong>Contacts and queries:<\/strong> To answer queries, provide information on products and services.<\/li>\n<li><strong>B2B:<\/strong> To develop business solutions and establish commercial relationships.<\/li>\n<li><strong>Recruitment:<\/strong> To process job applications.<\/li>\n<li><strong>Newsletter:<\/strong> To send promotional and informative communications about our products.<\/li>\n<li><strong>Future e-commerce transactions:<\/strong> To process orders, deliveries and payments.<\/li>\n<\/ul>\n<h3><strong>4. Legal basis<\/strong><\/h3>\n<p>The processing of your personal data is based on your explicit consent, by sending in the forms, or on the need to execute a contract (orders, recruitment) or to comply with legal obligations (invoicing, delivery of orders).<\/p>\n<h3><strong>5. Data Sharing<\/strong><\/h3>\n<p>Your data may be shared with:<\/p>\n<ul>\n<li><strong>Third-party service providers<\/strong>, such as Google Analytics, Google Maps, Facebook Pixel, geocoding platforms, and YouTube video integration, to improve the browsing experience.<\/li>\n<li><strong>Subcontracted entities<\/strong>, such as logistics operators, for processing deliveries.<\/li>\n<li><strong>Legal authorities<\/strong>, whenever necessary to comply with legal obligations.<\/li>\n<\/ul>\n<h3><strong>6. Transfer of Data to Third Parties<\/strong><\/h3>\n<p><strong>Globaltribe, Lda<\/strong> does not sell your data to third parties. The data may be shared with subcontractors for the delivery of orders or for site maintenance purposes. <\/p>\n<h3><strong>7. Data Security<\/strong><\/h3>\n<p><strong>Globaltribe, Lda<\/strong> adopts appropriate technical and organizational measures to protect your personal data against unauthorized access, loss, destruction or alteration. However, please be advised that due to the open nature of the Internet, we cannot guarantee the absolute security of information transmitted online. <\/p>\n<h3><strong>8. Data Retention<\/strong><\/h3>\n<p>Personal data will only be kept for the period necessary to fulfill the purposes for which it was collected, or as imposed by applicable legislation. In the case of marketing data, it will be retained until consent is withdrawn. <\/p>\n<h3><strong>9. Data subjects&#8217; rights<\/strong><\/h3>\n<p>According to the GDPR, users have the following rights:<\/p>\n<ul>\n<li><strong>Access:<\/strong> Request a copy of your personal data.<\/li>\n<li><strong>Rectification: Correct<\/strong> ing incomplete or incorrect data.<\/li>\n<li><strong>Deletion:<\/strong> Request the deletion of personal data, unless otherwise required by law.<\/li>\n<li><strong>Opposition:<\/strong> Opposing the processing of data.<\/li>\n<li><strong>Portability:<\/strong> Request the transfer of your data to another entity.<\/li>\n<\/ul>\n<p>You can exercise your rights by <strong>emailing<\/strong> <a href=\"mailto:info@tribeacai.com\" rel=\"noopener\">info@tribeacai.com<\/a> or by writing to: <strong>Globaltribe, Lda, Zona Industrial, Rua C, lotes 50-52, 2090-242 Alpiar\u00e7a, Portugal<\/strong>.<\/p>\n<h3><strong>10. Marketing and Communications<\/strong><\/h3>\n<p><strong>Globaltribe, Lda<\/strong> may use the personal data provided to send marketing communications, if you have given your consent. You can opt out of receiving further communications at any time. <\/p>\n<h3><strong>11. Existence of Automated Decisions<\/strong><\/h3>\n<p>Our website automatically collects information related to user visits (such as IP address, interactions and pageviews) to improve navigation and service.<\/p>\n<h3><strong>12. Updates to this Policy<\/strong><\/h3>\n<p>This Privacy Policy may be updated at any time by publication on the website. We recommend that you review this policy regularly. <\/p>\n<hr>\n<h3><strong>13. Contact<\/strong><\/h3>\n<p>If you have any questions or concerns about this Privacy Policy, please contact us:<\/p>\n<ul>\n<li><strong>Telephone:<\/strong> +351 243 247 593<\/li>\n<li><strong>Email:<\/strong> <a href=\"mailto:info@tribeacai.com\" rel=\"noopener\">info@tribeacai.com<\/a><\/li>\n<li><strong>Address:<\/strong> Globaltribe, Lda, Zona Industrial, Rua C, lotes 50-52, 2090-242 Alpiar\u00e7a, Portugal.<\/li>\n<\/ul>\n<h3><strong>14. Right to Complain<\/strong><\/h3>\n<p>If you feel that your privacy rights are being violated, you have the right to lodge a complaint with the <strong>National Data Protection Commission<\/strong> (CNPD).<\/p>\n<\/div>\n<\/div>\n<\/div>\n<\/div>\n<\/div>\n<\/div>\n\t\t\t\t\t\t\t\t<\/div>\n\t\t\t\t<\/div>\n\t\t\t\t\t<\/div>\n\t\t\t\t<\/div>\n\t\t\t\t<\/div>\n\t\t","protected":false},"excerpt":{"rendered":"<p>Globaltribe, Lda (Tribe A\u00e7a\u00ed) Privacy Policy Globaltribe, Lda (&#8220;Tribe A\u00e7a\u00ed&#8221;, &#8220;we&#8221;, &#8220;us&#8221; or &#8220;our&#8221;) is committed to protecting the privacy<\/p>\n","protected":false},"author":1,"featured_media":22164,"parent":0,"menu_order":0,"comment_status":"closed","ping_status":"closed","template":"","meta":{"footnotes":""},"class_list":["post-22485","page","type-page","status-publish","has-post-thumbnail","hentry"],"yoast_head":"<!-- This site is optimized with the Yoast SEO plugin v27.6 - https:\/\/yoast.com\/product\/yoast-seo-wordpress\/ -->\n<title>Privacy Policy - Tribe A\u00e7a\u00ed<\/title>\n<meta name=\"description\" content=\"Bem vindo\/a ao site da Tribe A\u00e7a\u00ed - nesta p\u00e1gina saiba mais sobre Privacy Policy. Tribe A\u00e7a\u00ed\" \/>\n<meta name=\"robots\" content=\"index, follow, max-snippet:-1, max-image-preview:large, max-video-preview:-1\" \/>\n<link rel=\"canonical\" href=\"https:\/\/tribeacai.com\/en\/privacy-policy\/\" \/>\n<meta property=\"og:locale\" content=\"en_US\" \/>\n<meta property=\"og:type\" content=\"article\" \/>\n<meta property=\"og:title\" content=\"Privacy Policy - Tribe A\u00e7a\u00ed\" \/>\n<meta property=\"og:description\" content=\"Bem vindo\/a ao site da Tribe A\u00e7a\u00ed - nesta p\u00e1gina saiba mais sobre Privacy Policy. Tribe A\u00e7a\u00ed\" \/>\n<meta property=\"og:url\" content=\"https:\/\/tribeacai.com\/en\/privacy-policy\/\" \/>\n<meta property=\"og:site_name\" content=\"Tribe A\u00e7a\u00ed\" \/>\n<meta property=\"article:publisher\" content=\"https:\/\/www.facebook.com\/Tribeacaii\/\" \/>\n<meta property=\"article:modified_time\" content=\"2024-10-21T16:26:40+00:00\" \/>\n<meta property=\"og:image\" content=\"https:\/\/tribeacai.com\/wp-content\/uploads\/2024\/10\/Tribe-Acai-The-Native-Food.webp\" \/>\n\t<meta property=\"og:image:width\" content=\"1837\" \/>\n\t<meta property=\"og:image:height\" content=\"1200\" \/>\n\t<meta property=\"og:image:type\" content=\"image\/webp\" \/>\n<meta name=\"twitter:card\" content=\"summary_large_image\" \/>\n<meta name=\"twitter:label1\" content=\"Est. reading time\" \/>\n\t<meta name=\"twitter:data1\" content=\"4 minutes\" \/>\n<script type=\"application\/ld+json\" class=\"yoast-schema-graph\">{\"@context\":\"https:\\\/\\\/schema.org\",\"@graph\":[{\"@type\":\"WebPage\",\"@id\":\"https:\\\/\\\/tribeacai.com\\\/en\\\/privacy-policy\\\/\",\"url\":\"https:\\\/\\\/tribeacai.com\\\/en\\\/privacy-policy\\\/\",\"name\":\"Privacy Policy - Tribe A\u00e7a\u00ed\",\"isPartOf\":{\"@id\":\"https:\\\/\\\/tribeacai.com\\\/en\\\/#website\"},\"primaryImageOfPage\":{\"@id\":\"https:\\\/\\\/tribeacai.com\\\/en\\\/privacy-policy\\\/#primaryimage\"},\"image\":{\"@id\":\"https:\\\/\\\/tribeacai.com\\\/en\\\/privacy-policy\\\/#primaryimage\"},\"thumbnailUrl\":\"https:\\\/\\\/tribeacai.com\\\/wp-content\\\/uploads\\\/2024\\\/10\\\/Tribe-Acai-The-Native-Food.webp\",\"datePublished\":\"2024-01-31T18:39:58+00:00\",\"dateModified\":\"2024-10-21T16:26:40+00:00\",\"description\":\"Bem vindo\\\/a ao site da Tribe A\u00e7a\u00ed - nesta p\u00e1gina saiba mais sobre Privacy Policy. Tribe A\u00e7a\u00ed\",\"breadcrumb\":{\"@id\":\"https:\\\/\\\/tribeacai.com\\\/en\\\/privacy-policy\\\/#breadcrumb\"},\"inLanguage\":\"en-US\",\"potentialAction\":[{\"@type\":\"ReadAction\",\"target\":[\"https:\\\/\\\/tribeacai.com\\\/en\\\/privacy-policy\\\/\"]}]},{\"@type\":\"ImageObject\",\"inLanguage\":\"en-US\",\"@id\":\"https:\\\/\\\/tribeacai.com\\\/en\\\/privacy-policy\\\/#primaryimage\",\"url\":\"https:\\\/\\\/tribeacai.com\\\/wp-content\\\/uploads\\\/2024\\\/10\\\/Tribe-Acai-The-Native-Food.webp\",\"contentUrl\":\"https:\\\/\\\/tribeacai.com\\\/wp-content\\\/uploads\\\/2024\\\/10\\\/Tribe-Acai-The-Native-Food.webp\",\"width\":1837,\"height\":1200},{\"@type\":\"BreadcrumbList\",\"@id\":\"https:\\\/\\\/tribeacai.com\\\/en\\\/privacy-policy\\\/#breadcrumb\",\"itemListElement\":[{\"@type\":\"ListItem\",\"position\":1,\"name\":\"In\u00edcio\",\"item\":\"https:\\\/\\\/tribeacai.com\\\/en\\\/\"},{\"@type\":\"ListItem\",\"position\":2,\"name\":\"Privacy Policy\"}]},{\"@type\":\"WebSite\",\"@id\":\"https:\\\/\\\/tribeacai.com\\\/en\\\/#website\",\"url\":\"https:\\\/\\\/tribeacai.com\\\/en\\\/\",\"name\":\"Tribe A\u00e7a\u00ed\",\"description\":\"The Native Food\",\"publisher\":{\"@id\":\"https:\\\/\\\/tribeacai.com\\\/en\\\/#organization\"},\"alternateName\":\"Tribe\",\"potentialAction\":[{\"@type\":\"SearchAction\",\"target\":{\"@type\":\"EntryPoint\",\"urlTemplate\":\"https:\\\/\\\/tribeacai.com\\\/en\\\/?s={search_term_string}\"},\"query-input\":{\"@type\":\"PropertyValueSpecification\",\"valueRequired\":true,\"valueName\":\"search_term_string\"}}],\"inLanguage\":\"en-US\"},{\"@type\":\"Organization\",\"@id\":\"https:\\\/\\\/tribeacai.com\\\/en\\\/#organization\",\"name\":\"Tribe A\u00e7a\u00ed\",\"url\":\"https:\\\/\\\/tribeacai.com\\\/en\\\/\",\"logo\":{\"@type\":\"ImageObject\",\"inLanguage\":\"en-US\",\"@id\":\"https:\\\/\\\/tribeacai.com\\\/en\\\/#\\\/schema\\\/logo\\\/image\\\/\",\"url\":\"https:\\\/\\\/tribeacai.com\\\/wp-content\\\/uploads\\\/2024\\\/02\\\/acai-logo-site-1.png\",\"contentUrl\":\"https:\\\/\\\/tribeacai.com\\\/wp-content\\\/uploads\\\/2024\\\/02\\\/acai-logo-site-1.png\",\"width\":600,\"height\":600,\"caption\":\"Tribe A\u00e7a\u00ed\"},\"image\":{\"@id\":\"https:\\\/\\\/tribeacai.com\\\/en\\\/#\\\/schema\\\/logo\\\/image\\\/\"},\"sameAs\":[\"https:\\\/\\\/www.facebook.com\\\/Tribeacaii\\\/\",\"https:\\\/\\\/www.instagram.com\\\/tribe_acai\\\/\",\"https:\\\/\\\/www.linkedin.com\\\/company\\\/tribe-acai\\\/\"]}]}<\/script>\n<!-- \/ Yoast SEO plugin. -->","yoast_head_json":{"title":"Privacy Policy - Tribe A\u00e7a\u00ed","description":"Bem vindo\/a ao site da Tribe A\u00e7a\u00ed - nesta p\u00e1gina saiba mais sobre Privacy Policy. Tribe A\u00e7a\u00ed","robots":{"index":"index","follow":"follow","max-snippet":"max-snippet:-1","max-image-preview":"max-image-preview:large","max-video-preview":"max-video-preview:-1"},"canonical":"https:\/\/tribeacai.com\/en\/privacy-policy\/","og_locale":"en_US","og_type":"article","og_title":"Privacy Policy - Tribe A\u00e7a\u00ed","og_description":"Bem vindo\/a ao site da Tribe A\u00e7a\u00ed - nesta p\u00e1gina saiba mais sobre Privacy Policy. Tribe A\u00e7a\u00ed","og_url":"https:\/\/tribeacai.com\/en\/privacy-policy\/","og_site_name":"Tribe A\u00e7a\u00ed","article_publisher":"https:\/\/www.facebook.com\/Tribeacaii\/","article_modified_time":"2024-10-21T16:26:40+00:00","og_image":[{"width":1837,"height":1200,"url":"https:\/\/tribeacai.com\/wp-content\/uploads\/2024\/10\/Tribe-Acai-The-Native-Food.webp","type":"image\/webp"}],"twitter_card":"summary_large_image","twitter_misc":{"Est. reading time":"4 minutes"},"schema":{"@context":"https:\/\/schema.org","@graph":[{"@type":"WebPage","@id":"https:\/\/tribeacai.com\/en\/privacy-policy\/","url":"https:\/\/tribeacai.com\/en\/privacy-policy\/","name":"Privacy Policy - Tribe A\u00e7a\u00ed","isPartOf":{"@id":"https:\/\/tribeacai.com\/en\/#website"},"primaryImageOfPage":{"@id":"https:\/\/tribeacai.com\/en\/privacy-policy\/#primaryimage"},"image":{"@id":"https:\/\/tribeacai.com\/en\/privacy-policy\/#primaryimage"},"thumbnailUrl":"https:\/\/tribeacai.com\/wp-content\/uploads\/2024\/10\/Tribe-Acai-The-Native-Food.webp","datePublished":"2024-01-31T18:39:58+00:00","dateModified":"2024-10-21T16:26:40+00:00","description":"Bem vindo\/a ao site da Tribe A\u00e7a\u00ed - nesta p\u00e1gina saiba mais sobre Privacy Policy. Tribe A\u00e7a\u00ed","breadcrumb":{"@id":"https:\/\/tribeacai.com\/en\/privacy-policy\/#breadcrumb"},"inLanguage":"en-US","potentialAction":[{"@type":"ReadAction","target":["https:\/\/tribeacai.com\/en\/privacy-policy\/"]}]},{"@type":"ImageObject","inLanguage":"en-US","@id":"https:\/\/tribeacai.com\/en\/privacy-policy\/#primaryimage","url":"https:\/\/tribeacai.com\/wp-content\/uploads\/2024\/10\/Tribe-Acai-The-Native-Food.webp","contentUrl":"https:\/\/tribeacai.com\/wp-content\/uploads\/2024\/10\/Tribe-Acai-The-Native-Food.webp","width":1837,"height":1200},{"@type":"BreadcrumbList","@id":"https:\/\/tribeacai.com\/en\/privacy-policy\/#breadcrumb","itemListElement":[{"@type":"ListItem","position":1,"name":"In\u00edcio","item":"https:\/\/tribeacai.com\/en\/"},{"@type":"ListItem","position":2,"name":"Privacy Policy"}]},{"@type":"WebSite","@id":"https:\/\/tribeacai.com\/en\/#website","url":"https:\/\/tribeacai.com\/en\/","name":"Tribe A\u00e7a\u00ed","description":"The Native Food","publisher":{"@id":"https:\/\/tribeacai.com\/en\/#organization"},"alternateName":"Tribe","potentialAction":[{"@type":"SearchAction","target":{"@type":"EntryPoint","urlTemplate":"https:\/\/tribeacai.com\/en\/?s={search_term_string}"},"query-input":{"@type":"PropertyValueSpecification","valueRequired":true,"valueName":"search_term_string"}}],"inLanguage":"en-US"},{"@type":"Organization","@id":"https:\/\/tribeacai.com\/en\/#organization","name":"Tribe A\u00e7a\u00ed","url":"https:\/\/tribeacai.com\/en\/","logo":{"@type":"ImageObject","inLanguage":"en-US","@id":"https:\/\/tribeacai.com\/en\/#\/schema\/logo\/image\/","url":"https:\/\/tribeacai.com\/wp-content\/uploads\/2024\/02\/acai-logo-site-1.png","contentUrl":"https:\/\/tribeacai.com\/wp-content\/uploads\/2024\/02\/acai-logo-site-1.png","width":600,"height":600,"caption":"Tribe A\u00e7a\u00ed"},"image":{"@id":"https:\/\/tribeacai.com\/en\/#\/schema\/logo\/image\/"},"sameAs":["https:\/\/www.facebook.com\/Tribeacaii\/","https:\/\/www.instagram.com\/tribe_acai\/","https:\/\/www.linkedin.com\/company\/tribe-acai\/"]}]}},"jetpack_sharing_enabled":true,"_links":{"self":[{"href":"https:\/\/tribeacai.com\/en\/wp-json\/wp\/v2\/pages\/22485","targetHints":{"allow":["GET"]}}],"collection":[{"href":"https:\/\/tribeacai.com\/en\/wp-json\/wp\/v2\/pages"}],"about":[{"href":"https:\/\/tribeacai.com\/en\/wp-json\/wp\/v2\/types\/page"}],"author":[{"embeddable":true,"href":"https:\/\/tribeacai.com\/en\/wp-json\/wp\/v2\/users\/1"}],"replies":[{"embeddable":true,"href":"https:\/\/tribeacai.com\/en\/wp-json\/wp\/v2\/comments?post=22485"}],"version-history":[{"count":4,"href":"https:\/\/tribeacai.com\/en\/wp-json\/wp\/v2\/pages\/22485\/revisions"}],"predecessor-version":[{"id":22656,"href":"https:\/\/tribeacai.com\/en\/wp-json\/wp\/v2\/pages\/22485\/revisions\/22656"}],"wp:featuredmedia":[{"embeddable":true,"href":"https:\/\/tribeacai.com\/en\/wp-json\/wp\/v2\/media\/22164"}],"wp:attachment":[{"href":"https:\/\/tribeacai.com\/en\/wp-json\/wp\/v2\/media?parent=22485"}],"curies":[{"name":"wp","href":"https:\/\/api.w.org\/{rel}","templated":true}]}}