{"id":22483,"date":"2024-03-14T16:55:33","date_gmt":"2024-03-14T16:55:33","guid":{"rendered":"https:\/\/tribeacai.com\/cookie-policy\/"},"modified":"2024-10-21T16:26:24","modified_gmt":"2024-10-21T16:26:24","slug":"cookie-policy","status":"publish","type":"page","link":"https:\/\/tribeacai.com\/en\/cookie-policy\/","title":{"rendered":"Cookie Policy"},"content":{"rendered":"\t\t<div data-elementor-type=\"wp-page\" data-elementor-id=\"22483\" class=\"elementor elementor-22483 elementor-18786\">\n\t\t\t\t<div class=\"wd-negative-gap elementor-element elementor-element-45ce0a2c e-flex e-con-boxed e-con e-parent\" data-id=\"45ce0a2c\" data-element_type=\"container\">\n\t\t\t\t\t<div class=\"e-con-inner\">\n\t\t\t\t<div class=\"elementor-element elementor-element-5a891dd color-scheme-inherit text-left elementor-widget elementor-widget-text-editor\" data-id=\"5a891dd\" data-element_type=\"widget\" data-widget_type=\"text-editor.default\">\n\t\t\t\t<div class=\"elementor-widget-container\">\n\t\t\t\t\t\t\t\t\t<h2><strong>Cookie Policy<\/strong><\/h2>\n<p><strong>Globaltribe, Lda<\/strong> uses cookies on the <a href=\"https:\/\/tribeacai.com\/en\/\" target=\"_new\" rel=\"noopener\">https:\/\/tribeacai.com<\/a> website to improve the user&#8217;s browsing experience and collect statistical information on the use of the site.<\/p>\n<h3><strong>1. What are cookies?<\/strong><\/h3>\n<p>Cookies are small text files stored on your device (computer, cell phone or tablet) when you visit our website. These cookies allow us to recognize your device on future visits. <\/p>\n<h3><strong>2. Types of Cookies Used<\/strong><\/h3>\n<p>We use the following types of cookies:<\/p>\n<ul>\n<li><strong>Essential cookies:<\/strong> Necessary to ensure the functioning of the website.<\/li>\n<li><strong>Analytical cookies:<\/strong> Used to collect information about the use of the site, such as Google Analytics, to improve the functionality of the website.<\/li>\n<li><strong>Third-party cookies:<\/strong> We use cookies from services such as Google Maps, Facebook Pixel, and YouTube for features such as maps, social media interactions and video viewing.<\/li>\n<\/ul>\n<h3><strong>3. Cookie management<\/strong><\/h3>\n<p>You can disable or delete cookies in your browser at any time. However, by disabling cookies, certain features of the website may not work properly. <\/p>\n<h3><strong>4. Consent<\/strong><\/h3>\n<p>By continuing to use our website, you agree to the use of cookies in the terms described in this Cookie Policy.<\/p>\n<h3><strong>5. Changes to this Cookie Policy<\/strong><\/h3>\n<p>We reserve the right to update this policy from time to time. Any changes will be published on our website. <\/p>\n\t\t\t\t\t\t\t\t<\/div>\n\t\t\t\t<\/div>\n\t\t\t\t\t<\/div>\n\t\t\t\t<\/div>\n\t\t\t\t<\/div>\n\t\t","protected":false},"excerpt":{"rendered":"<p>Cookie Policy Globaltribe, Lda uses cookies on the https:\/\/tribeacai.com website to improve the user&#8217;s browsing experience and collect statistical information<\/p>\n","protected":false},"author":1,"featured_media":22164,"parent":0,"menu_order":0,"comment_status":"closed","ping_status":"closed","template":"","meta":{"footnotes":""},"class_list":["post-22483","page","type-page","status-publish","has-post-thumbnail","hentry"],"yoast_head":"<!-- This site is optimized with the Yoast SEO plugin v27.4 - https:\/\/yoast.com\/product\/yoast-seo-wordpress\/ -->\n<title>Cookie Policy - Tribe A\u00e7a\u00ed<\/title>\n<meta name=\"description\" content=\"Bem vindo\/a ao site da Tribe A\u00e7a\u00ed - nesta p\u00e1gina saiba mais sobre Cookie Policy. Tribe A\u00e7a\u00ed\" \/>\n<meta name=\"robots\" content=\"index, follow, max-snippet:-1, max-image-preview:large, max-video-preview:-1\" \/>\n<link rel=\"canonical\" href=\"https:\/\/tribeacai.com\/en\/cookie-policy\/\" \/>\n<meta property=\"og:locale\" content=\"en_US\" \/>\n<meta property=\"og:type\" content=\"article\" \/>\n<meta property=\"og:title\" content=\"Cookie Policy - Tribe A\u00e7a\u00ed\" \/>\n<meta property=\"og:description\" content=\"Bem vindo\/a ao site da Tribe A\u00e7a\u00ed - nesta p\u00e1gina saiba mais sobre Cookie Policy. Tribe A\u00e7a\u00ed\" \/>\n<meta property=\"og:url\" content=\"https:\/\/tribeacai.com\/en\/cookie-policy\/\" \/>\n<meta property=\"og:site_name\" content=\"Tribe A\u00e7a\u00ed\" \/>\n<meta property=\"article:publisher\" content=\"https:\/\/www.facebook.com\/Tribeacaii\/\" \/>\n<meta property=\"article:modified_time\" content=\"2024-10-21T16:26:24+00:00\" \/>\n<meta property=\"og:image\" content=\"https:\/\/tribeacai.com\/wp-content\/uploads\/2024\/10\/Tribe-Acai-The-Native-Food.webp\" \/>\n\t<meta property=\"og:image:width\" content=\"1837\" \/>\n\t<meta property=\"og:image:height\" content=\"1200\" \/>\n\t<meta property=\"og:image:type\" content=\"image\/webp\" \/>\n<meta name=\"twitter:card\" content=\"summary_large_image\" \/>\n<meta name=\"twitter:label1\" content=\"Est. reading time\" \/>\n\t<meta name=\"twitter:data1\" content=\"2 minutes\" \/>\n<script type=\"application\/ld+json\" class=\"yoast-schema-graph\">{\"@context\":\"https:\\\/\\\/schema.org\",\"@graph\":[{\"@type\":\"WebPage\",\"@id\":\"https:\\\/\\\/tribeacai.com\\\/en\\\/cookie-policy\\\/\",\"url\":\"https:\\\/\\\/tribeacai.com\\\/en\\\/cookie-policy\\\/\",\"name\":\"Cookie Policy - Tribe A\u00e7a\u00ed\",\"isPartOf\":{\"@id\":\"https:\\\/\\\/tribeacai.com\\\/en\\\/#website\"},\"primaryImageOfPage\":{\"@id\":\"https:\\\/\\\/tribeacai.com\\\/en\\\/cookie-policy\\\/#primaryimage\"},\"image\":{\"@id\":\"https:\\\/\\\/tribeacai.com\\\/en\\\/cookie-policy\\\/#primaryimage\"},\"thumbnailUrl\":\"https:\\\/\\\/tribeacai.com\\\/wp-content\\\/uploads\\\/2024\\\/10\\\/Tribe-Acai-The-Native-Food.webp\",\"datePublished\":\"2024-03-14T16:55:33+00:00\",\"dateModified\":\"2024-10-21T16:26:24+00:00\",\"description\":\"Bem vindo\\\/a ao site da Tribe A\u00e7a\u00ed - nesta p\u00e1gina saiba mais sobre Cookie Policy. Tribe A\u00e7a\u00ed\",\"breadcrumb\":{\"@id\":\"https:\\\/\\\/tribeacai.com\\\/en\\\/cookie-policy\\\/#breadcrumb\"},\"inLanguage\":\"en-US\",\"potentialAction\":[{\"@type\":\"ReadAction\",\"target\":[\"https:\\\/\\\/tribeacai.com\\\/en\\\/cookie-policy\\\/\"]}]},{\"@type\":\"ImageObject\",\"inLanguage\":\"en-US\",\"@id\":\"https:\\\/\\\/tribeacai.com\\\/en\\\/cookie-policy\\\/#primaryimage\",\"url\":\"https:\\\/\\\/tribeacai.com\\\/wp-content\\\/uploads\\\/2024\\\/10\\\/Tribe-Acai-The-Native-Food.webp\",\"contentUrl\":\"https:\\\/\\\/tribeacai.com\\\/wp-content\\\/uploads\\\/2024\\\/10\\\/Tribe-Acai-The-Native-Food.webp\",\"width\":1837,\"height\":1200},{\"@type\":\"BreadcrumbList\",\"@id\":\"https:\\\/\\\/tribeacai.com\\\/en\\\/cookie-policy\\\/#breadcrumb\",\"itemListElement\":[{\"@type\":\"ListItem\",\"position\":1,\"name\":\"In\u00edcio\",\"item\":\"https:\\\/\\\/tribeacai.com\\\/en\\\/\"},{\"@type\":\"ListItem\",\"position\":2,\"name\":\"Cookie Policy\"}]},{\"@type\":\"WebSite\",\"@id\":\"https:\\\/\\\/tribeacai.com\\\/en\\\/#website\",\"url\":\"https:\\\/\\\/tribeacai.com\\\/en\\\/\",\"name\":\"Tribe A\u00e7a\u00ed\",\"description\":\"The Native Food\",\"publisher\":{\"@id\":\"https:\\\/\\\/tribeacai.com\\\/en\\\/#organization\"},\"alternateName\":\"Tribe\",\"potentialAction\":[{\"@type\":\"SearchAction\",\"target\":{\"@type\":\"EntryPoint\",\"urlTemplate\":\"https:\\\/\\\/tribeacai.com\\\/en\\\/?s={search_term_string}\"},\"query-input\":{\"@type\":\"PropertyValueSpecification\",\"valueRequired\":true,\"valueName\":\"search_term_string\"}}],\"inLanguage\":\"en-US\"},{\"@type\":\"Organization\",\"@id\":\"https:\\\/\\\/tribeacai.com\\\/en\\\/#organization\",\"name\":\"Tribe A\u00e7a\u00ed\",\"url\":\"https:\\\/\\\/tribeacai.com\\\/en\\\/\",\"logo\":{\"@type\":\"ImageObject\",\"inLanguage\":\"en-US\",\"@id\":\"https:\\\/\\\/tribeacai.com\\\/en\\\/#\\\/schema\\\/logo\\\/image\\\/\",\"url\":\"https:\\\/\\\/tribeacai.com\\\/wp-content\\\/uploads\\\/2024\\\/02\\\/acai-logo-site-1.png\",\"contentUrl\":\"https:\\\/\\\/tribeacai.com\\\/wp-content\\\/uploads\\\/2024\\\/02\\\/acai-logo-site-1.png\",\"width\":600,\"height\":600,\"caption\":\"Tribe A\u00e7a\u00ed\"},\"image\":{\"@id\":\"https:\\\/\\\/tribeacai.com\\\/en\\\/#\\\/schema\\\/logo\\\/image\\\/\"},\"sameAs\":[\"https:\\\/\\\/www.facebook.com\\\/Tribeacaii\\\/\",\"https:\\\/\\\/www.instagram.com\\\/tribe_acai\\\/\",\"https:\\\/\\\/www.linkedin.com\\\/company\\\/tribe-acai\\\/\"]}]}<\/script>\n<!-- \/ Yoast SEO plugin. -->","yoast_head_json":{"title":"Cookie Policy - Tribe A\u00e7a\u00ed","description":"Bem vindo\/a ao site da Tribe A\u00e7a\u00ed - nesta p\u00e1gina saiba mais sobre Cookie Policy. Tribe A\u00e7a\u00ed","robots":{"index":"index","follow":"follow","max-snippet":"max-snippet:-1","max-image-preview":"max-image-preview:large","max-video-preview":"max-video-preview:-1"},"canonical":"https:\/\/tribeacai.com\/en\/cookie-policy\/","og_locale":"en_US","og_type":"article","og_title":"Cookie Policy - Tribe A\u00e7a\u00ed","og_description":"Bem vindo\/a ao site da Tribe A\u00e7a\u00ed - nesta p\u00e1gina saiba mais sobre Cookie Policy. Tribe A\u00e7a\u00ed","og_url":"https:\/\/tribeacai.com\/en\/cookie-policy\/","og_site_name":"Tribe A\u00e7a\u00ed","article_publisher":"https:\/\/www.facebook.com\/Tribeacaii\/","article_modified_time":"2024-10-21T16:26:24+00:00","og_image":[{"width":1837,"height":1200,"url":"https:\/\/tribeacai.com\/wp-content\/uploads\/2024\/10\/Tribe-Acai-The-Native-Food.webp","type":"image\/webp"}],"twitter_card":"summary_large_image","twitter_misc":{"Est. reading time":"2 minutes"},"schema":{"@context":"https:\/\/schema.org","@graph":[{"@type":"WebPage","@id":"https:\/\/tribeacai.com\/en\/cookie-policy\/","url":"https:\/\/tribeacai.com\/en\/cookie-policy\/","name":"Cookie Policy - Tribe A\u00e7a\u00ed","isPartOf":{"@id":"https:\/\/tribeacai.com\/en\/#website"},"primaryImageOfPage":{"@id":"https:\/\/tribeacai.com\/en\/cookie-policy\/#primaryimage"},"image":{"@id":"https:\/\/tribeacai.com\/en\/cookie-policy\/#primaryimage"},"thumbnailUrl":"https:\/\/tribeacai.com\/wp-content\/uploads\/2024\/10\/Tribe-Acai-The-Native-Food.webp","datePublished":"2024-03-14T16:55:33+00:00","dateModified":"2024-10-21T16:26:24+00:00","description":"Bem vindo\/a ao site da Tribe A\u00e7a\u00ed - nesta p\u00e1gina saiba mais sobre Cookie Policy. Tribe A\u00e7a\u00ed","breadcrumb":{"@id":"https:\/\/tribeacai.com\/en\/cookie-policy\/#breadcrumb"},"inLanguage":"en-US","potentialAction":[{"@type":"ReadAction","target":["https:\/\/tribeacai.com\/en\/cookie-policy\/"]}]},{"@type":"ImageObject","inLanguage":"en-US","@id":"https:\/\/tribeacai.com\/en\/cookie-policy\/#primaryimage","url":"https:\/\/tribeacai.com\/wp-content\/uploads\/2024\/10\/Tribe-Acai-The-Native-Food.webp","contentUrl":"https:\/\/tribeacai.com\/wp-content\/uploads\/2024\/10\/Tribe-Acai-The-Native-Food.webp","width":1837,"height":1200},{"@type":"BreadcrumbList","@id":"https:\/\/tribeacai.com\/en\/cookie-policy\/#breadcrumb","itemListElement":[{"@type":"ListItem","position":1,"name":"In\u00edcio","item":"https:\/\/tribeacai.com\/en\/"},{"@type":"ListItem","position":2,"name":"Cookie Policy"}]},{"@type":"WebSite","@id":"https:\/\/tribeacai.com\/en\/#website","url":"https:\/\/tribeacai.com\/en\/","name":"Tribe A\u00e7a\u00ed","description":"The Native Food","publisher":{"@id":"https:\/\/tribeacai.com\/en\/#organization"},"alternateName":"Tribe","potentialAction":[{"@type":"SearchAction","target":{"@type":"EntryPoint","urlTemplate":"https:\/\/tribeacai.com\/en\/?s={search_term_string}"},"query-input":{"@type":"PropertyValueSpecification","valueRequired":true,"valueName":"search_term_string"}}],"inLanguage":"en-US"},{"@type":"Organization","@id":"https:\/\/tribeacai.com\/en\/#organization","name":"Tribe A\u00e7a\u00ed","url":"https:\/\/tribeacai.com\/en\/","logo":{"@type":"ImageObject","inLanguage":"en-US","@id":"https:\/\/tribeacai.com\/en\/#\/schema\/logo\/image\/","url":"https:\/\/tribeacai.com\/wp-content\/uploads\/2024\/02\/acai-logo-site-1.png","contentUrl":"https:\/\/tribeacai.com\/wp-content\/uploads\/2024\/02\/acai-logo-site-1.png","width":600,"height":600,"caption":"Tribe A\u00e7a\u00ed"},"image":{"@id":"https:\/\/tribeacai.com\/en\/#\/schema\/logo\/image\/"},"sameAs":["https:\/\/www.facebook.com\/Tribeacaii\/","https:\/\/www.instagram.com\/tribe_acai\/","https:\/\/www.linkedin.com\/company\/tribe-acai\/"]}]}},"jetpack_sharing_enabled":true,"_links":{"self":[{"href":"https:\/\/tribeacai.com\/en\/wp-json\/wp\/v2\/pages\/22483","targetHints":{"allow":["GET"]}}],"collection":[{"href":"https:\/\/tribeacai.com\/en\/wp-json\/wp\/v2\/pages"}],"about":[{"href":"https:\/\/tribeacai.com\/en\/wp-json\/wp\/v2\/types\/page"}],"author":[{"embeddable":true,"href":"https:\/\/tribeacai.com\/en\/wp-json\/wp\/v2\/users\/1"}],"replies":[{"embeddable":true,"href":"https:\/\/tribeacai.com\/en\/wp-json\/wp\/v2\/comments?post=22483"}],"version-history":[{"count":2,"href":"https:\/\/tribeacai.com\/en\/wp-json\/wp\/v2\/pages\/22483\/revisions"}],"predecessor-version":[{"id":22654,"href":"https:\/\/tribeacai.com\/en\/wp-json\/wp\/v2\/pages\/22483\/revisions\/22654"}],"wp:featuredmedia":[{"embeddable":true,"href":"https:\/\/tribeacai.com\/en\/wp-json\/wp\/v2\/media\/22164"}],"wp:attachment":[{"href":"https:\/\/tribeacai.com\/en\/wp-json\/wp\/v2\/media?parent=22483"}],"curies":[{"name":"wp","href":"https:\/\/api.w.org\/{rel}","templated":true}]}}